{"id":2369,"date":"2013-08-11T20:13:42","date_gmt":"2013-08-11T17:13:42","guid":{"rendered":"http:\/\/localhost:8888\/test\/?page_id=545"},"modified":"2023-07-13T13:50:42","modified_gmt":"2023-07-13T10:50:42","slug":"faq","status":"publish","type":"page","link":"https:\/\/hairme.pl\/sklep\/faq\/","title":{"rendered":"FAQ"},"content":{"rendered":"\n<\/p>\n<div class=\"row\"  id=\"row-943709548\">\n\n\n\t<div id=\"col-995101470\" class=\"col medium-6 small-12 large-6\"  >\n\t\t\t\t<div class=\"col-inner\"  >\n\t\t\t\n\t\t\t\n\n<\/p>\n<h3>NAJCZ\u0118STSZE PYTANIA<\/h3>\n<p class=\"lead\">Poni\u017cej znajdziesz kilka przydatnych informacji.<\/p>\n<div class=\"accordion\">\n\n\t<div id=\"accordion-2869662366\" class=\"accordion-item\">\n\t\t<a id=\"accordion-2869662366-label\" class=\"accordion-title plain\" href=\"#accordion-item-czy-produkty-hairme-s\u0105-oryginalne?\" aria-expanded=\"false\" aria-controls=\"accordion-2869662366-content\" >\n\t\t\t<button class=\"toggle\" aria-label=\"Prze\u0142\u0105cznik\"><i class=\"icon-angle-down\"><\/i><\/button>\n\t\t\t<span>Czy produkty HairMe s\u0105 oryginalne?<\/span>\n\t\t<\/a>\n\t\t<div id=\"accordion-2869662366-content\" class=\"accordion-inner\" aria-labelledby=\"accordion-2869662366-label\" >\n\t\t\t\n\n<p style=\"text-align: justify;\">Tak, <strong>HairMe<\/strong> to wy\u0142\u0105cznie starannie wyselekcjonowane, zdecydowanie najwy\u017cszej jako\u015bci naturalne w\u0142osy do przed\u0142u\u017cania oraz kosmetyki i&nbsp;akcesoria do przed\u0142u\u017cania w\u0142os\u00f3w.<\/p>\n\n\t\t<\/div>\n\t<\/div>\n\t\n\n<\/div>\n<div class=\"accordion\">\n\n\t<div id=\"accordion-4073072746\" class=\"accordion-item\">\n\t\t<a id=\"accordion-4073072746-label\" class=\"accordion-title plain\" href=\"#accordion-item-czy-naturalne-w\u0142osy-s\u0142owia\u0144skie-hairme-s\u0105-rzeczywi\u015bcie-s\u0142owia\u0144skiego-pochodzenia?\" aria-expanded=\"false\" aria-controls=\"accordion-4073072746-content\" >\n\t\t\t<button class=\"toggle\" aria-label=\"Prze\u0142\u0105cznik\"><i class=\"icon-angle-down\"><\/i><\/button>\n\t\t\t<span>Czy naturalne w\u0142osy s\u0142owia\u0144skie HairMe s\u0105 rzeczywi\u015bcie s\u0142owia\u0144skiego pochodzenia?<\/span>\n\t\t<\/a>\n\t\t<div id=\"accordion-4073072746-content\" class=\"accordion-inner\" aria-labelledby=\"accordion-4073072746-label\" >\n\t\t\t\n\n<p style=\"text-align: justify;\">Tak, w <strong>HairMe<\/strong> GWARANTUJEMY, \u017ce w\u0142osy s\u0142owia\u0144skie  Slavic oraz kitki w naszej ofercie to naprawd\u0119 ludzkie, naturalne, niemodyfikowane w\u0142osy s\u0142owia\u0144skie z zachowan\u0105 \u0142usk\u0105. Je\u015bli wolisz w\u0142osy inne ni\u017c s\u0142owia\u0144skie, wybierz wersj\u0119 Premium.<\/p>\n\n\t\t<\/div>\n\t<\/div>\n\t\n\n<\/div>\n<div class=\"accordion\">\n\n\t<div id=\"accordion-4041385866\" class=\"accordion-item\">\n\t\t<a id=\"accordion-4041385866-label\" class=\"accordion-title plain\" href=\"#accordion-item-jak-mog\u0119-zap\u0142aci\u0107-za-produkty?\" aria-expanded=\"false\" aria-controls=\"accordion-4041385866-content\" >\n\t\t\t<button class=\"toggle\" aria-label=\"Prze\u0142\u0105cznik\"><i class=\"icon-angle-down\"><\/i><\/button>\n\t\t\t<span>Jak mog\u0119 zap\u0142aci\u0107 za produkty?<\/span>\n\t\t<\/a>\n\t\t<div id=\"accordion-4041385866-content\" class=\"accordion-inner\" aria-labelledby=\"accordion-4041385866-label\" >\n\t\t\t\n\n<p style=\"text-align: justify;\">W sklepie <strong>HairMe<\/strong> mo\u017cesz wybra\u0107 najwygodniejsz\u0105 dla siebie metod\u0119 p\u0142atno\u015bci: przelew tradycyjny, b\u0142yskawiczny przelew elektroniczny lub p\u0142atno\u015b\u0107 przy odbiorze.<\/p>\n\n\t\t<\/div>\n\t<\/div>\n\t\n\n<\/div>\n<div class=\"accordion\">\n\n\t<div id=\"accordion-775898763\" class=\"accordion-item\">\n\t\t<a id=\"accordion-775898763-label\" class=\"accordion-title plain\" href=\"#accordion-item-jaki-jest-koszt-przesy\u0142ki?\" aria-expanded=\"false\" aria-controls=\"accordion-775898763-content\" >\n\t\t\t<button class=\"toggle\" aria-label=\"Prze\u0142\u0105cznik\"><i class=\"icon-angle-down\"><\/i><\/button>\n\t\t\t<span>Jaki jest koszt przesy\u0142ki?<\/span>\n\t\t<\/a>\n\t\t<div id=\"accordion-775898763-content\" class=\"accordion-inner\" aria-labelledby=\"accordion-775898763-label\" >\n\t\t\t\n\n<p style=\"text-align: justify;\">W <strong>HairMe<\/strong> przesy\u0142ki na terenie Polski przy zam\u00f3wieniach powy\u017cej 100z\u0142 zawsze s\u0105 GRATIS.<br>W&nbsp;innym przypadku koszt przesy\u0142ki waha si\u0119 mi\u0119dzy  0&nbsp;a&nbsp;20z\u0142.\n<br>Paczki zagraniczne przy zam\u00f3wieniach powy\u017cej 200z\u0142 s\u0105 r\u00f3wnie\u017c s\u0105 GRATIS dla kontynentalnej cz\u0119\u015bci UE.<\/p>\n\n\t\t<\/div>\n\t<\/div>\n\t\n\n<\/div>\n<div class=\"accordion\">\n\n\t<div id=\"accordion-3785462039\" class=\"accordion-item\">\n\t\t<a id=\"accordion-3785462039-label\" class=\"accordion-title plain\" href=\"#accordion-item-ile-wynosi-czas-dostawy?\" aria-expanded=\"false\" aria-controls=\"accordion-3785462039-content\" >\n\t\t\t<button class=\"toggle\" aria-label=\"Prze\u0142\u0105cznik\"><i class=\"icon-angle-down\"><\/i><\/button>\n\t\t\t<span>Ile wynosi czas dostawy?<\/span>\n\t\t<\/a>\n\t\t<div id=\"accordion-3785462039-content\" class=\"accordion-inner\" aria-labelledby=\"accordion-3785462039-label\" >\n\t\t\t\n\n<p style=\"text-align: justify;\"><strong>HairMe<\/strong> wysy\u0142a wi\u0119kszo\u015b\u0107 paczek w&nbsp;24 godziny.<br>Czas dostawy jest zale\u017cny od rodzaju przesy\u0142ki i&nbsp;wynosi w&nbsp;Polsce od 1&nbsp;do&nbsp;3&nbsp;dni roboczych.<\/p>\n\n\t\t<\/div>\n\t<\/div>\n\t\n\t<div id=\"accordion-208446056\" class=\"accordion-item\">\n\t\t<a id=\"accordion-208446056-label\" class=\"accordion-title plain\" href=\"#accordion-item-czy-mog\u0119-zwr\u00f3ci\u0107-produkty?\" aria-expanded=\"false\" aria-controls=\"accordion-208446056-content\" >\n\t\t\t<button class=\"toggle\" aria-label=\"Prze\u0142\u0105cznik\"><i class=\"icon-angle-down\"><\/i><\/button>\n\t\t\t<span>Czy mog\u0119 zwr\u00f3ci\u0107 produkty?<\/span>\n\t\t<\/a>\n\t\t<div id=\"accordion-208446056-content\" class=\"accordion-inner\" aria-labelledby=\"accordion-208446056-label\" >\n\t\t\t\n\n<p style=\"text-align: justify;\">Oczywi\u015bcie, w\u00a0<strong>HairMe<\/strong> masz prawo do zwrotu zakupionych produkt\u00f3w je\u015bli by\u0142y nieu\u017cywane i\u00a0zostan\u0105 odes\u0142ane w\u00a0takim samym stanie jak w dniu otrzymania paczki.<br \/>Na decyzj\u0119 o\u00a0odst\u0105pieniu od umowy masz 14\u00a0dni. Warunki bezp\u0142atnego zwrotu opisane s\u0105 w <a href=\"https:\/\/hairme.pl\/sklep\/regulamin-sklepu\/\">Regulaminie<\/a>.<\/p>\n\n\t\t<\/div>\n\t<\/div>\n\t\n\n<\/div>\n\n\t\t<\/div>\n\t\t\t\t\t<\/div>\n\n\t\n\n\t<div id=\"col-469341693\" class=\"col medium-6 small-12 large-6\"  >\n\t\t\t\t<div class=\"col-inner\"  >\n\t\t\t\n\t\t\t\n\n<div class=\"row\"  id=\"row-1306040038\">\n\n\n\t<div id=\"col-1789275630\" class=\"col small-12 large-12\"  >\n\t\t\t\t<div class=\"col-inner\"  >\n\t\t\t\n\t\t\t\n\n<h3>Nie znalaz\u0142e\u015b odpowiedzi na swoje pytanie?<\/h3>\n<p>Wype\u0142nij i wy\u015blij poni\u017cszy formularz. Nasi konsultanci odpowiedz\u0105 tak szybko, jak b\u0119dzie to mo\u017cliwe.<\/p>\n\n<div class=\"wpcf7 no-js\" id=\"wpcf7-f2235-o1\" lang=\"en-US\" dir=\"ltr\" data-wpcf7-id=\"2235\">\n<div class=\"screen-reader-response\"><p role=\"status\" aria-live=\"polite\" aria-atomic=\"true\"><\/p> <ul><\/ul><\/div>\n<form action=\"\/sklep\/wp-json\/wp\/v2\/pages\/2369#wpcf7-f2235-o1\" method=\"post\" class=\"wpcf7-form init\" aria-label=\"Contact form\" novalidate=\"novalidate\" data-status=\"init\">\n<div style=\"display: none;\">\n<input type=\"hidden\" name=\"_wpcf7\" value=\"2235\" \/>\n<input type=\"hidden\" name=\"_wpcf7_version\" value=\"6.0.6\" \/>\n<input type=\"hidden\" name=\"_wpcf7_locale\" value=\"en_US\" \/>\n<input type=\"hidden\" name=\"_wpcf7_unit_tag\" value=\"wpcf7-f2235-o1\" \/>\n<input type=\"hidden\" name=\"_wpcf7_container_post\" value=\"0\" \/>\n<input type=\"hidden\" name=\"_wpcf7_posted_data_hash\" value=\"\" \/>\n<input type=\"hidden\" name=\"_wpcf7_recaptcha_response\" value=\"\" \/>\n<\/div>\n<div class=\"form-flat\">\n\t<p><span class=\"wpcf7-form-control-wrap\" data-name=\"your-name\"><input size=\"40\" maxlength=\"400\" class=\"wpcf7-form-control wpcf7-text wpcf7-validates-as-required\" aria-required=\"true\" aria-invalid=\"false\" placeholder=\"Imi\u0119 i nazwisko *\" value=\"\" type=\"text\" name=\"your-name\" \/><\/span>\n\t<\/p>\n\t<p><span class=\"wpcf7-form-control-wrap\" data-name=\"your-email\"><input size=\"40\" maxlength=\"400\" class=\"wpcf7-form-control wpcf7-email wpcf7-validates-as-required wpcf7-text wpcf7-validates-as-email\" aria-required=\"true\" aria-invalid=\"false\" placeholder=\"Tw\u00f3j adres e-mail *\" value=\"\" type=\"email\" name=\"your-email\" \/><\/span>\n\t<\/p>\n\t<p><span class=\"wpcf7-form-control-wrap\" data-name=\"your-message\"><textarea cols=\"40\" rows=\"10\" maxlength=\"2000\" class=\"wpcf7-form-control wpcf7-textarea\" aria-invalid=\"false\" placeholder=\"Tre\u015b\u0107 pytania *\" name=\"your-message\"><\/textarea><\/span>\n\t<\/p>\n\t<p><input class=\"wpcf7-form-control wpcf7-submit has-spinner button\" type=\"submit\" value=\"Wy\u015blij\" \/>\n\t<\/p>\n<\/div><div class=\"wpcf7-response-output\" aria-hidden=\"true\"><\/div>\n<\/form>\n<\/div>\n\n\n\n\t\t<\/div>\n\t\t\t\t\t<\/div>\n\n\t\n\n<\/div>\n\n\t\t<\/div>\n\t\t\t\t\t<\/div>\n\n\t\n\n<\/div>\n\n","protected":false},"excerpt":{"rendered":"","protected":false},"author":5,"featured_media":0,"parent":0,"menu_order":0,"comment_status":"closed","ping_status":"closed","template":"","meta":{"_seopress_robots_primary_cat":"","_seopress_titles_title":"Poznaj najcz\u0119stsze pytania- FAQ | HairMe","_seopress_titles_desc":"","_seopress_robots_index":"","om_disable_all_campaigns":false,"_monsterinsights_skip_tracking":false,"_monsterinsights_sitenote_active":false,"_monsterinsights_sitenote_note":"","_monsterinsights_sitenote_category":0,"footnotes":""},"class_list":["post-2369","page","type-page","status-publish","hentry"],"jetpack_sharing_enabled":true,"_links":{"self":[{"href":"https:\/\/hairme.pl\/sklep\/wp-json\/wp\/v2\/pages\/2369","targetHints":{"allow":["GET"]}}],"collection":[{"href":"https:\/\/hairme.pl\/sklep\/wp-json\/wp\/v2\/pages"}],"about":[{"href":"https:\/\/hairme.pl\/sklep\/wp-json\/wp\/v2\/types\/page"}],"author":[{"embeddable":true,"href":"https:\/\/hairme.pl\/sklep\/wp-json\/wp\/v2\/users\/5"}],"replies":[{"embeddable":true,"href":"https:\/\/hairme.pl\/sklep\/wp-json\/wp\/v2\/comments?post=2369"}],"version-history":[{"count":25,"href":"https:\/\/hairme.pl\/sklep\/wp-json\/wp\/v2\/pages\/2369\/revisions"}],"predecessor-version":[{"id":3909,"href":"https:\/\/hairme.pl\/sklep\/wp-json\/wp\/v2\/pages\/2369\/revisions\/3909"}],"wp:attachment":[{"href":"https:\/\/hairme.pl\/sklep\/wp-json\/wp\/v2\/media?parent=2369"}],"curies":[{"name":"wp","href":"https:\/\/api.w.org\/{rel}","templated":true}]}}