{"id":2375,"date":"2013-08-11T19:22:53","date_gmt":"2013-08-11T16:22:53","guid":{"rendered":"http:\/\/localhost:8888\/test\/?page_id=532"},"modified":"2025-09-26T15:49:04","modified_gmt":"2025-09-26T12:49:04","slug":"kontakt","status":"publish","type":"page","link":"https:\/\/hairme.pl\/sklep\/kontakt\/","title":{"rendered":"Kontakt"},"content":{"rendered":"\n<\/p>\n<div class=\"row\"  id=\"row-458940646\">\n\n\n\t<div id=\"col-19703682\" class=\"col small-12 large-12\"  >\n\t\t\t\t<div class=\"col-inner\"  >\n\t\t\t\n\t\t\t\n\n\n\t\t<\/div>\n\t\t\t\t\n<style>\n#col-19703682 > .col-inner {\n  padding: 0px 0px 50px 0px;\n}\n<\/style>\n\t<\/div>\n\n\t\n\n<\/div>\n<div class=\"row\"  id=\"row-1636375807\">\n\n\n\t<div id=\"col-1690446311\" class=\"col medium-6 small-12 large-6\"  >\n\t\t\t\t<div class=\"col-inner\"  >\n\t\t\t\n\t\t\t\n\n<h3>HairMe.pl &#8211; dane kontaktowe<\/h3>\n<h5>Siedziba firmy:<\/h5>\n<p>ul. Szaser\u00f3w 38<br \/>04-306 Warszawa<br \/>tel.: <a href=\"tel:226481400\" onclick=\"gtag('event', 'Zadzwon teraz', {event_category: 'contact', event_label: 'phone'});return gtag_report_conversion('tel:226481400');\">22 648 14 00<\/a><br \/>e-mail: <a href=\"mailto:sklep@hairme.pl\" onclick=\"gtag('event', 'Mail Now Button', {event_category: 'contact', event_label: 'mail'});return gtag_report_conversion('mailto:sklep@hairme.pl');\">sklep@hairme.pl<\/a><\/p>\n<p>Sklep HairMe.pl nale\u017cy do <a href=\"http:\/\/hairpartners.eu\" target=\"_blank\" rel=\"noopener noreferrer\">Hair Partners Sp. z o.o.<\/a><\/p>\n<p style=\"text-align: justify;\">Jeste\u015bmy od ponad 20 lat zaanga\u017cowani w\u00a0bran\u017c\u0119 w\u0142os\u00f3w, perukarstwa oraz potrzeb natury trychologicznej.<\/p>\n<p style=\"text-align: justify;\">Posiadamy w\u0142asn\u0105 Klinik\u0119 W\u0142osa oraz sie\u0107 salon\u00f3w stacjonarnych w\u00a0wielu miastach Polski. Poza do\u015bwiadczeniem i\u00a0ogromn\u0105 wiedz\u0105 stawiamy na najwy\u017csz\u0105 jako\u015b\u0107 produkt\u00f3w i\u00a0doskona\u0142\u0105 obs\u0142ug\u0119 Klienta.<\/p>\n<p>HairMe &#8211; pewno\u015b\u0107 i zaufanie od Hair Partners.<\/p>\n\n\n\t\t<\/div>\n\t\t\t\t\t<\/div>\n\n\t\n\n\t<div id=\"col-1546036148\" class=\"col medium-6 small-12 large-6\"  >\n\t\t\t\t<div class=\"col-inner\"  >\n\t\t\t\n\t\t\t\n\n<p><!--<iframe loading=\"lazy\" src=\"https:\/\/www.google.com\/maps\/embed?pb=!1m14!1m8!1m3!1d9769.549125803665!2d21.069858!3d52.254512!3m2!1i1024!2i768!4f13.1!3m3!1m2!1s0x0%3A0xa65f1ea2cc176288!2sRokoko%20Hair%20Company%20%2F%20Hair%20Partners!5e0!3m2!1spl!2spl!4v1603895281393!5m2!1spl!2spl\" width=\"100%\" height=\"450\" frameborder=\"0\" style=\"border:0;\" allowfullscreen=\"\" aria-hidden=\"false\" tabindex=\"0\"><\/iframe>--><\/p>\n\n\t\t<\/div>\n\t\t\t\t\t<\/div>\n\n\t\n\n<\/div>\n\n","protected":false},"excerpt":{"rendered":"","protected":false},"author":5,"featured_media":2239,"parent":0,"menu_order":0,"comment_status":"closed","ping_status":"closed","template":"page-blank.php","meta":{"_seopress_robots_primary_cat":"","_seopress_titles_title":"Dane kontaktowe | HairMe","_seopress_titles_desc":"","_seopress_robots_index":"","om_disable_all_campaigns":false,"_monsterinsights_skip_tracking":false,"_monsterinsights_sitenote_active":false,"_monsterinsights_sitenote_note":"","_monsterinsights_sitenote_category":0,"footnotes":""},"class_list":["post-2375","page","type-page","status-publish","has-post-thumbnail","hentry"],"jetpack_sharing_enabled":true,"_links":{"self":[{"href":"https:\/\/hairme.pl\/sklep\/wp-json\/wp\/v2\/pages\/2375","targetHints":{"allow":["GET"]}}],"collection":[{"href":"https:\/\/hairme.pl\/sklep\/wp-json\/wp\/v2\/pages"}],"about":[{"href":"https:\/\/hairme.pl\/sklep\/wp-json\/wp\/v2\/types\/page"}],"author":[{"embeddable":true,"href":"https:\/\/hairme.pl\/sklep\/wp-json\/wp\/v2\/users\/5"}],"replies":[{"embeddable":true,"href":"https:\/\/hairme.pl\/sklep\/wp-json\/wp\/v2\/comments?post=2375"}],"version-history":[{"count":31,"href":"https:\/\/hairme.pl\/sklep\/wp-json\/wp\/v2\/pages\/2375\/revisions"}],"predecessor-version":[{"id":7299,"href":"https:\/\/hairme.pl\/sklep\/wp-json\/wp\/v2\/pages\/2375\/revisions\/7299"}],"wp:featuredmedia":[{"embeddable":true,"href":"https:\/\/hairme.pl\/sklep\/wp-json\/wp\/v2\/media\/2239"}],"wp:attachment":[{"href":"https:\/\/hairme.pl\/sklep\/wp-json\/wp\/v2\/media?parent=2375"}],"curies":[{"name":"wp","href":"https:\/\/api.w.org\/{rel}","templated":true}]}}