{"id":1771,"date":"2020-02-10T10:29:49","date_gmt":"2020-02-10T07:29:49","guid":{"rendered":"http:\/\/hairme.pl\/sklep\/?post_type=product&#038;p=1771"},"modified":"2022-11-25T15:43:07","modified_gmt":"2022-11-25T12:43:07","slug":"podkladka-ochronna-okragla-oslonka-do-wydzielania-pasemek","status":"publish","type":"product","link":"https:\/\/hairme.pl\/sklep\/product\/podkladka-ochronna-okragla-oslonka-do-wydzielania-pasemek\/","title":{"rendered":"Podk\u0142adka ochronna okr\u0105g\u0142a, os\u0142onka do wydzielania pasemek"},"content":{"rendered":"<p>Okr\u0105g\u0142y listek ochronny <strong>zabezpiecza sk\u00f3r\u0119 g\u0142owy<\/strong> wok\u00f3\u0142 przed\u0142u\u017canego pasemka podczas manipulacji rozgrzan\u0105 zgrzewark\u0105.<\/p>\n<p>Nadrukowana <strong>wyra\u017ana miarka<\/strong> pozwala na zapewnienie r\u00f3wnych odst\u0119p\u00f3w pomi\u0119dzy kolejnymi pasmami i <strong>sklejenie keratyn\u0105 idealnej ilo\u015bci w\u0142os\u00f3w<\/strong>.<\/p>\n<p>\u015arednica ok. 5,5cm, kolor transparentny.<\/p>\n","protected":false},"excerpt":{"rendered":"<p>Okr\u0105g\u0142a os\u0142onka do ochrony okolic przed\u0142u\u017canego pasemka. Jest wykonana z tworzywa, posiada nadrukowan\u0105 miark\u0119.<\/p>\n","protected":false},"featured_media":2140,"comment_status":"open","ping_status":"closed","template":"","meta":{"_seopress_robots_primary_cat":"","_seopress_titles_title":"","_seopress_titles_desc":"","_seopress_robots_index":"","om_disable_all_campaigns":false,"_monsterinsights_skip_tracking":false,"_monsterinsights_sitenote_active":false,"_monsterinsights_sitenote_note":"","_monsterinsights_sitenote_category":0},"product_brand":[],"product_cat":[109,110,155],"product_tag":[275,165,164,257,258,166],"class_list":{"0":"post-1771","1":"product","2":"type-product","3":"status-publish","4":"has-post-thumbnail","6":"product_cat-akcesoria","7":"product_cat-akcesoria-mocowanie","8":"product_cat-mocowanie-narzedzia","9":"product_tag-oslonka-do-rozdzielania-pasemek","10":"product_tag-oslonka-do-wydzielania-pasemek","11":"product_tag-oslonki-do-wydzielania-pasemek","12":"product_tag-podkladka-oslonowa-do-przedluzania-wlosow","13":"product_tag-szablon-do-przedluzania-wlosow","14":"product_tag-szablon-do-rozdzielania-wlosow","16":"first","17":"instock","18":"shipping-taxable","19":"purchasable","20":"product-type-simple"},"jetpack_sharing_enabled":true,"_links":{"self":[{"href":"https:\/\/hairme.pl\/sklep\/wp-json\/wp\/v2\/product\/1771","targetHints":{"allow":["GET"]}}],"collection":[{"href":"https:\/\/hairme.pl\/sklep\/wp-json\/wp\/v2\/product"}],"about":[{"href":"https:\/\/hairme.pl\/sklep\/wp-json\/wp\/v2\/types\/product"}],"replies":[{"embeddable":true,"href":"https:\/\/hairme.pl\/sklep\/wp-json\/wp\/v2\/comments?post=1771"}],"wp:featuredmedia":[{"embeddable":true,"href":"https:\/\/hairme.pl\/sklep\/wp-json\/wp\/v2\/media\/2140"}],"wp:attachment":[{"href":"https:\/\/hairme.pl\/sklep\/wp-json\/wp\/v2\/media?parent=1771"}],"wp:term":[{"taxonomy":"product_brand","embeddable":true,"href":"https:\/\/hairme.pl\/sklep\/wp-json\/wp\/v2\/product_brand?post=1771"},{"taxonomy":"product_cat","embeddable":true,"href":"https:\/\/hairme.pl\/sklep\/wp-json\/wp\/v2\/product_cat?post=1771"},{"taxonomy":"product_tag","embeddable":true,"href":"https:\/\/hairme.pl\/sklep\/wp-json\/wp\/v2\/product_tag?post=1771"}],"curies":[{"name":"wp","href":"https:\/\/api.w.org\/{rel}","templated":true}]}}