{"id":1772,"date":"2020-02-10T10:30:22","date_gmt":"2020-02-10T07:30:22","guid":{"rendered":"http:\/\/hairme.pl\/sklep\/?post_type=product&#038;p=1772"},"modified":"2021-04-09T12:01:02","modified_gmt":"2021-04-09T09:01:02","slug":"grzebien-ze-szpikulcem-do-rozdzielania-pasemek","status":"publish","type":"product","link":"https:\/\/hairme.pl\/sklep\/product\/grzebien-ze-szpikulcem-do-rozdzielania-pasemek\/","title":{"rendered":"Grzebie\u0144 ze szpikulcem do rozdzielania pasemek"},"content":{"rendered":"<p>Grzebie\u0144 fryzjerski z rozdzielaczem. Z jednej strony znajduje si\u0119 drobnoszparowa ko\u0144c\u00f3wka czesz\u0105ca, z drugiej <strong>niezwykle cienki koniec<\/strong>, za pomoc\u0105 kt\u00f3rego mo\u017cna oddzieli\u0107 nawet zupe\u0142nie cieniutkie pasemka. Grzebie\u0144 <strong>wspomaga szybk\u0105 i sprawn\u0105 prac\u0119<\/strong> przy w\u0142osach, jest przydatny zar\u00f3wno w domowych jak i profesjonalnych warunkach.<\/p>\n<p>Jest praktycznym narz\u0119dziem podczas zak\u0142adania przed\u0142u\u017ce\u0144 <strong>na paskach lub ta\u015bmie<\/strong>, gdzie poziomo u\u0142o\u017cony koniec b\u0119dzie doskonale dociska\u0142 lepi\u0105ce fragmenty do w\u0142os\u00f3w w miejscu za\u0142o\u017cenia.<\/p>\n<p>D\u0142ugo\u015b\u0107 ponad 22,5cm, szeroko\u015b\u0107 cz\u0119\u015bci czesz\u0105cej 2,5cm.<\/p>\n","protected":false},"excerpt":{"rendered":"<p>Podstawowe narz\u0119dzie wspomagaj\u0105ce sprawne przed\u0142u\u017canie w\u0142os\u00f3w. Metalowa cienka ko\u0144c\u00f3wka rozdzielaj\u0105ca pasemka.<\/p>\n","protected":false},"featured_media":1954,"comment_status":"open","ping_status":"closed","template":"","meta":{"_seopress_robots_primary_cat":"","_seopress_titles_title":"","_seopress_titles_desc":"","_seopress_robots_index":"","om_disable_all_campaigns":false,"_monsterinsights_skip_tracking":false,"_monsterinsights_sitenote_active":false,"_monsterinsights_sitenote_note":"","_monsterinsights_sitenote_category":0},"product_brand":[],"product_cat":[109,110,155],"product_tag":[221,153,154,128],"class_list":{"0":"post-1772","1":"product","2":"type-product","3":"status-publish","4":"has-post-thumbnail","6":"product_cat-akcesoria","7":"product_cat-akcesoria-mocowanie","8":"product_cat-mocowanie-narzedzia","9":"product_tag-grzebien-fryzjerski","10":"product_tag-grzebien-z-rozdzielaczem","11":"product_tag-grzebien-ze-szpikulcem","12":"product_tag-przedluzanie-wlosow","14":"first","15":"instock","16":"shipping-taxable","17":"purchasable","18":"product-type-simple"},"jetpack_sharing_enabled":true,"_links":{"self":[{"href":"https:\/\/hairme.pl\/sklep\/wp-json\/wp\/v2\/product\/1772","targetHints":{"allow":["GET"]}}],"collection":[{"href":"https:\/\/hairme.pl\/sklep\/wp-json\/wp\/v2\/product"}],"about":[{"href":"https:\/\/hairme.pl\/sklep\/wp-json\/wp\/v2\/types\/product"}],"replies":[{"embeddable":true,"href":"https:\/\/hairme.pl\/sklep\/wp-json\/wp\/v2\/comments?post=1772"}],"wp:featuredmedia":[{"embeddable":true,"href":"https:\/\/hairme.pl\/sklep\/wp-json\/wp\/v2\/media\/1954"}],"wp:attachment":[{"href":"https:\/\/hairme.pl\/sklep\/wp-json\/wp\/v2\/media?parent=1772"}],"wp:term":[{"taxonomy":"product_brand","embeddable":true,"href":"https:\/\/hairme.pl\/sklep\/wp-json\/wp\/v2\/product_brand?post=1772"},{"taxonomy":"product_cat","embeddable":true,"href":"https:\/\/hairme.pl\/sklep\/wp-json\/wp\/v2\/product_cat?post=1772"},{"taxonomy":"product_tag","embeddable":true,"href":"https:\/\/hairme.pl\/sklep\/wp-json\/wp\/v2\/product_tag?post=1772"}],"curies":[{"name":"wp","href":"https:\/\/api.w.org\/{rel}","templated":true}]}}