{"id":1773,"date":"2020-02-10T10:30:24","date_gmt":"2020-02-10T07:30:24","guid":{"rendered":"http:\/\/hairme.pl\/sklep\/?post_type=product&#038;p=1773"},"modified":"2023-03-16T17:39:03","modified_gmt":"2023-03-16T14:39:03","slug":"zgrzewarka-profilowana-loof","status":"publish","type":"product","link":"https:\/\/hairme.pl\/sklep\/product\/zgrzewarka-profilowana-loof\/","title":{"rendered":"Zgrzewarka profilowana LOOF"},"content":{"rendered":"<p>Praktyczna zgrzewarka LOOF umo\u017cliwia przed\u0142u\u017canie w\u0142os\u00f3w metod\u0105 keratynow\u0105. Ma <strong>ergonomiczny kszta\u0142t<\/strong> &#8222;X&#8221;: specjalnie wygi\u0119te r\u0105czki daj\u0105 wyj\u0105tkowy komfort podczas pracy, a\u00a0tak\u017ce znacznie u\u0142atwiaj\u0105 formowanie zgrzewu.<\/p>\n<p>Profilowane szczypce nagrzewaj\u0105 si\u0119 szybko i\u00a0s\u0105 \u0142atwe do czyszczenia (jeszcze ciep\u0142\u0105 zgrzewark\u0119 nale\u017cy czy\u015bci\u0107 twardym papierem).<\/p>\n<p>Temperatura pracy jest regulowana w\u00a0zakresie <strong>100-220 stopni<\/strong>, pozwala na topienie i\u00a0formowanie keratyny bez niszczenia naturalnych w\u0142os\u00f3w. Dwumetrowy <strong>d\u0142ugi przew\u00f3d<\/strong> zapewnia swobod\u0119 manipulacji zgrzewark\u0105 podczas pracy. Dodatkowym elementem jest <strong>zintegrowana metalowa podstawka<\/strong> do odk\u0142adania urz\u0105dzenia, gdy zajdzie taka potrzeba.<\/p>\n<p>Do zgrzewarki do\u0142\u0105czony jest <strong>firmowy pokrowiec<\/strong> do przechowywania, kt\u00f3ry chroni przed kurzem urz\u0105dzenie, gdy nie jest u\u017cywane.<\/p>\n<p><strong>Szczeg\u00f3\u0142y techniczne:<\/strong><\/p>\n<ul>\n<li>przycisk ON\/OFF<\/li>\n<li>dioda sygnalizuj\u0105ca tryb pracy<\/li>\n<li>szybkie nagrzewanie<\/li>\n<li>regulacja temperatury w zakresie 100-220 stopni<\/li>\n<li>\u0142atwe czyszczenie<\/li>\n<li>przew\u00f3d 2m<\/li>\n<li>uniwersalny czarny kolor<\/li>\n<li>pokrowiec do przechowywania<\/li>\n<\/ul>\n","protected":false},"excerpt":{"rendered":"<p>Niedu\u017ca, prosta do u\u017cycia i wyczyszczenia zgrzewarka do przed\u0142u\u017cania w\u0142os\u00f3w z regulacj\u0105 temperatury i d\u0142ugim przewodem. Profilowane wygodne r\u0105czki, zintegrowana podstawka. Kolor czarny.<\/p>\n","protected":false},"featured_media":3013,"comment_status":"open","ping_status":"closed","template":"","meta":{"_seopress_robots_primary_cat":"","_seopress_titles_title":"","_seopress_titles_desc":"","_seopress_robots_index":"","om_disable_all_campaigns":false,"_monsterinsights_skip_tracking":false,"_monsterinsights_sitenote_active":false,"_monsterinsights_sitenote_note":"","_monsterinsights_sitenote_category":0},"product_brand":[],"product_cat":[109,110,119],"product_tag":[128,127,126,217,218,216],"class_list":{"0":"post-1773","1":"product","2":"type-product","3":"status-publish","4":"has-post-thumbnail","6":"product_cat-akcesoria","7":"product_cat-akcesoria-mocowanie","8":"product_cat-mocowanie-zgrzewarki","9":"product_tag-przedluzanie-wlosow","10":"product_tag-urzadzenie-do-zgrzewania-pasemek","11":"product_tag-zgrzewarka","12":"product_tag-zgrzewarka-do-przedluzania-wlosow","13":"product_tag-zgrzewarka-do-przedluzen","14":"product_tag-zgrzewarka-do-wlosow","16":"first","17":"outofstock","18":"shipping-taxable","19":"purchasable","20":"product-type-simple"},"jetpack_sharing_enabled":true,"_links":{"self":[{"href":"https:\/\/hairme.pl\/sklep\/wp-json\/wp\/v2\/product\/1773","targetHints":{"allow":["GET"]}}],"collection":[{"href":"https:\/\/hairme.pl\/sklep\/wp-json\/wp\/v2\/product"}],"about":[{"href":"https:\/\/hairme.pl\/sklep\/wp-json\/wp\/v2\/types\/product"}],"replies":[{"embeddable":true,"href":"https:\/\/hairme.pl\/sklep\/wp-json\/wp\/v2\/comments?post=1773"}],"wp:featuredmedia":[{"embeddable":true,"href":"https:\/\/hairme.pl\/sklep\/wp-json\/wp\/v2\/media\/3013"}],"wp:attachment":[{"href":"https:\/\/hairme.pl\/sklep\/wp-json\/wp\/v2\/media?parent=1773"}],"wp:term":[{"taxonomy":"product_brand","embeddable":true,"href":"https:\/\/hairme.pl\/sklep\/wp-json\/wp\/v2\/product_brand?post=1773"},{"taxonomy":"product_cat","embeddable":true,"href":"https:\/\/hairme.pl\/sklep\/wp-json\/wp\/v2\/product_cat?post=1773"},{"taxonomy":"product_tag","embeddable":true,"href":"https:\/\/hairme.pl\/sklep\/wp-json\/wp\/v2\/product_tag?post=1773"}],"curies":[{"name":"wp","href":"https:\/\/api.w.org\/{rel}","templated":true}]}}