{"id":1774,"date":"2020-02-10T10:30:26","date_gmt":"2020-02-10T07:30:26","guid":{"rendered":"http:\/\/hairme.pl\/sklep\/?post_type=product&#038;p=1774"},"modified":"2023-03-16T17:44:13","modified_gmt":"2023-03-16T14:44:13","slug":"zgrzewarka-prosta-mini","status":"publish","type":"product","link":"https:\/\/hairme.pl\/sklep\/product\/zgrzewarka-prosta-mini\/","title":{"rendered":"Zgrzewarka prosta MINI"},"content":{"rendered":"<p>Prezentowany model zgrzewarki umo\u017cliwia przed\u0142u\u017canie w\u0142os\u00f3w na pasemka z \u0142usk\u0105 keratynow\u0105 &#8211; dwie grzej\u0105ce ko\u0144c\u00f3wki formuj\u0105 <strong>p\u0142askie zgrzewy<\/strong>, a w\u0105skie p\u0142ytki tworz\u0105 \u0142\u0105cza niewielkich rozmiar\u00f3w. Mo\u017cna wykorzysta\u0107 j\u0105 tak\u017ce do regeneracji ko\u0144c\u00f3wek na pasmach do ponownego na\u0142o\u017cenia lub starych pasemek.<\/p>\n<p>Zgrzewarka posiada ko\u0144c\u00f3wki z teflonu: ich zalet\u0105 jest szybkie nagrzewanie oraz \u0142atwe czyszczenie (jeszcze ciep\u0142\u0105 zgrzewark\u0119 nale\u017cy czy\u015bci\u0107 twardym papierem).<\/p>\n<p>Temperatura pracy jest regulowana w zakresie <strong>150-210 stopni<\/strong>, pozwala na topienie i formowanie keratyny bez niszczenia naturalnych w\u0142os\u00f3w. Dwumetrowy <strong>d\u0142ugi przew\u00f3d<\/strong> zapewnia swobod\u0119 manipulacji zgrzewark\u0105 podczas pracy. Dodatkowym elementem zwi\u0119kszaj\u0105cym komfort i bezpiecze\u0144stwo jest <strong>dedykowana podstawka<\/strong> do odk\u0142adania urz\u0105dzenia, gdy zajdzie taka potrzeba.<\/p>\n<p>Do zgrzewarki do\u0142\u0105czony jest <strong>firmowy pokrowiec<\/strong> do przechowywania, kt\u00f3ry chroni przed kurzem urz\u0105dzenie, gdy nie jest u\u017cywane.<\/p>\n<p><strong>Szczeg\u00f3\u0142y techniczne:<\/strong><\/p>\n<ul>\n<li>przycisk ON\/OFF<\/li>\n<li>dioda sygnalizuj\u0105ca tryb pracy<\/li>\n<li>szybkie nagrzewanie<\/li>\n<li>regulacja temperatury w zakresie 150-210 stopni<\/li>\n<li>szeroko\u015b\u0107 kraw\u0119dzi ko\u0144c\u00f3wki zgrzewaj\u0105cej 8mm<\/li>\n<li>\u0142atwe czyszczenie<\/li>\n<li>przew\u00f3d 2m<\/li>\n<li>\u0142adny czerwony kolor<\/li>\n<li>pokrowiec do przechowywania<\/li>\n<\/ul>\n","protected":false},"excerpt":{"rendered":"<p>Niewielka, \u0142atwa w u\u017cyciu i czyszczeniu zgrzewarka do przed\u0142u\u017cania w\u0142os\u00f3w z regulacj\u0105 temperatury i d\u0142ugim przewodem. Teflonowe ko\u0144c\u00f3wki, zawieszka robocza i dedykowana podstawka. Kolor czerwony.<\/p>\n","protected":false},"featured_media":3015,"comment_status":"open","ping_status":"closed","template":"","meta":{"_seopress_robots_primary_cat":"","_seopress_titles_title":"","_seopress_titles_desc":"","_seopress_robots_index":"","om_disable_all_campaigns":false,"_monsterinsights_skip_tracking":false,"_monsterinsights_sitenote_active":false,"_monsterinsights_sitenote_note":"","_monsterinsights_sitenote_category":0},"product_brand":[],"product_cat":[109,110,119],"product_tag":[128,127,126,217,218,216],"class_list":{"0":"post-1774","1":"product","2":"type-product","3":"status-publish","4":"has-post-thumbnail","6":"product_cat-akcesoria","7":"product_cat-akcesoria-mocowanie","8":"product_cat-mocowanie-zgrzewarki","9":"product_tag-przedluzanie-wlosow","10":"product_tag-urzadzenie-do-zgrzewania-pasemek","11":"product_tag-zgrzewarka","12":"product_tag-zgrzewarka-do-przedluzania-wlosow","13":"product_tag-zgrzewarka-do-przedluzen","14":"product_tag-zgrzewarka-do-wlosow","16":"first","17":"instock","18":"shipping-taxable","19":"purchasable","20":"product-type-simple"},"jetpack_sharing_enabled":true,"_links":{"self":[{"href":"https:\/\/hairme.pl\/sklep\/wp-json\/wp\/v2\/product\/1774","targetHints":{"allow":["GET"]}}],"collection":[{"href":"https:\/\/hairme.pl\/sklep\/wp-json\/wp\/v2\/product"}],"about":[{"href":"https:\/\/hairme.pl\/sklep\/wp-json\/wp\/v2\/types\/product"}],"replies":[{"embeddable":true,"href":"https:\/\/hairme.pl\/sklep\/wp-json\/wp\/v2\/comments?post=1774"}],"wp:featuredmedia":[{"embeddable":true,"href":"https:\/\/hairme.pl\/sklep\/wp-json\/wp\/v2\/media\/3015"}],"wp:attachment":[{"href":"https:\/\/hairme.pl\/sklep\/wp-json\/wp\/v2\/media?parent=1774"}],"wp:term":[{"taxonomy":"product_brand","embeddable":true,"href":"https:\/\/hairme.pl\/sklep\/wp-json\/wp\/v2\/product_brand?post=1774"},{"taxonomy":"product_cat","embeddable":true,"href":"https:\/\/hairme.pl\/sklep\/wp-json\/wp\/v2\/product_cat?post=1774"},{"taxonomy":"product_tag","embeddable":true,"href":"https:\/\/hairme.pl\/sklep\/wp-json\/wp\/v2\/product_tag?post=1774"}],"curies":[{"name":"wp","href":"https:\/\/api.w.org\/{rel}","templated":true}]}}