{"id":1775,"date":"2020-02-10T10:30:28","date_gmt":"2020-02-10T07:30:28","guid":{"rendered":"http:\/\/hairme.pl\/sklep\/?post_type=product&#038;p=1775"},"modified":"2024-09-17T16:22:07","modified_gmt":"2024-09-17T13:22:07","slug":"nozyczki-fryzjerskie","status":"publish","type":"product","link":"https:\/\/hairme.pl\/sklep\/product\/nozyczki-fryzjerskie\/","title":{"rendered":"No\u017cyczki fryzjerskie"},"content":{"rendered":"<p>Podstawowe <strong>profesjonalne no\u017cyczki fryzjerskie<\/strong> o prostym ostrzu i wygodnym wsporniku na \u015brodkowy palec.<\/p>\n<p>Wykonane s\u0105 z odpornej na uszkodzenia stali, zawsze gotowe do pracy i \u0142atwe w u\u017cyciu. Jedno ucho chwytne posiada przed\u0142u\u017ck\u0119 wspieraj\u0105c\u0105 \u015brodkowy palec, a drugie zosta\u0142o <strong>ergonomicznie wygi\u0119te<\/strong>, aby dopasowa\u0107 si\u0119 do naturalnej pozycji d\u0142oni. <strong>Specjalny stoper<\/strong> amortyzuje zamkni\u0119cie ostrzy &#8211; to nie tylko komfort dla palc\u00f3w i d\u0142oni, ale r\u00f3wnie\u017c <strong>ca\u0142kowicie cicha praca<\/strong>.<\/p>\n<p>D\u0142ugo\u015b\u0107 ca\u0142o\u015bci ok. 17cm, ostrza ok. 7cm.<\/p>\n","protected":false},"excerpt":{"rendered":"<p>Klasyczne proste i ostre no\u017cyczki fryzjerskie.<\/p>\n","protected":false},"featured_media":1938,"comment_status":"open","ping_status":"closed","template":"","meta":{"_seopress_robots_primary_cat":"none","_seopress_titles_title":"","_seopress_titles_desc":"","_seopress_robots_index":"","om_disable_all_campaigns":false,"_monsterinsights_skip_tracking":false,"_monsterinsights_sitenote_active":false,"_monsterinsights_sitenote_note":"","_monsterinsights_sitenote_category":0},"product_brand":[],"product_cat":[109,116,118],"product_tag":[163,152,219,220],"class_list":{"0":"post-1775","1":"product","2":"type-product","3":"status-publish","4":"has-post-thumbnail","6":"product_cat-akcesoria","7":"product_cat-akcesoria-usuwanie","8":"product_cat-usuwanie-narzedzia","9":"product_tag-nozyczki-do-wlosow","10":"product_tag-nozyczki-fryzjerskie","11":"product_tag-nozyczki-proste-fryzjerskie","12":"product_tag-ostre-nozyczki-do-wlosow","14":"first","15":"instock","16":"shipping-taxable","17":"purchasable","18":"product-type-simple"},"jetpack_sharing_enabled":true,"_links":{"self":[{"href":"https:\/\/hairme.pl\/sklep\/wp-json\/wp\/v2\/product\/1775","targetHints":{"allow":["GET"]}}],"collection":[{"href":"https:\/\/hairme.pl\/sklep\/wp-json\/wp\/v2\/product"}],"about":[{"href":"https:\/\/hairme.pl\/sklep\/wp-json\/wp\/v2\/types\/product"}],"replies":[{"embeddable":true,"href":"https:\/\/hairme.pl\/sklep\/wp-json\/wp\/v2\/comments?post=1775"}],"wp:featuredmedia":[{"embeddable":true,"href":"https:\/\/hairme.pl\/sklep\/wp-json\/wp\/v2\/media\/1938"}],"wp:attachment":[{"href":"https:\/\/hairme.pl\/sklep\/wp-json\/wp\/v2\/media?parent=1775"}],"wp:term":[{"taxonomy":"product_brand","embeddable":true,"href":"https:\/\/hairme.pl\/sklep\/wp-json\/wp\/v2\/product_brand?post=1775"},{"taxonomy":"product_cat","embeddable":true,"href":"https:\/\/hairme.pl\/sklep\/wp-json\/wp\/v2\/product_cat?post=1775"},{"taxonomy":"product_tag","embeddable":true,"href":"https:\/\/hairme.pl\/sklep\/wp-json\/wp\/v2\/product_tag?post=1775"}],"curies":[{"name":"wp","href":"https:\/\/api.w.org\/{rel}","templated":true}]}}