{"id":1783,"date":"2020-02-10T10:30:32","date_gmt":"2020-02-10T07:30:32","guid":{"rendered":"http:\/\/hairme.pl\/sklep\/?post_type=product&#038;p=1783"},"modified":"2025-08-27T16:51:04","modified_gmt":"2025-08-27T13:51:04","slug":"mikrowlokna-lions-hair-pro-25g","status":"publish","type":"product","link":"https:\/\/hairme.pl\/sklep\/product\/mikrowlokna-lions-hair-pro-25g\/","title":{"rendered":"Mikrow\u0142\u00f3kna Lion&#8217;s Hair Pro 25g"},"content":{"rendered":"<p>Lion&#8217;s Hair to szybkie, nieinwazyjne, oparte na najnowszej technologii <strong>zag\u0119szczanie w\u0142os\u00f3w<\/strong> &#8211; wystarczy tylko 30 sekund, aby Twoje w\u0142osy sta\u0142y si\u0119 na powr\u00f3t tak g\u0119ste jak kiedy\u015b!<\/p>\n<p>Lion&#8217;s Hair Pro 25g gwarantuje <strong>natychmiastowy efekt<\/strong> i odporno\u015b\u0107 na dzia\u0142anie warunk\u00f3w atmosferycznych: wiatru, deszczu, \u015bniegu, a tak\u017ce silnego s\u0142o\u0144ca.<br \/>\nWysokiej jako\u015bci, laserowo ci\u0119te w\u0142\u00f3kna keratyny ufarbowane w niezwykle naturalnych kolorach \u0142\u0105cz\u0105 si\u0119 w momencie aplikacji z naturalnymi w\u0142osami, tworz\u0105c <strong>b\u0142yskawiczne polepszenie wygl\u0105du<\/strong>, co dodaje pewno\u015bci siebie w ka\u017cdej sytuacji.<\/p>\n<p>Wybierz sw\u00f3j kolor spo\u015br\u00f3d o\u015bmiu i oczaruj wszystkich nowym wizerunkiem!<\/p>\n","protected":false},"excerpt":{"rendered":"<p>Nowa struktura w\u0142\u00f3kien keratynowych Lion&#8217;s Hair w wi\u0119kszym ekonomicznym opakowaniu 25g zapewniaj\u0105ca niezwykle naturalnie wygl\u0105daj\u0105c\u0105 fryzur\u0119. Do wyboru osiem kolor\u00f3w.<\/p>\n","protected":false},"featured_media":2135,"comment_status":"open","ping_status":"closed","template":"","meta":{"_seopress_robots_primary_cat":"none","_seopress_titles_title":"","_seopress_titles_desc":"","_seopress_robots_index":"","om_disable_all_campaigns":false,"_monsterinsights_skip_tracking":false,"_monsterinsights_sitenote_active":false,"_monsterinsights_sitenote_note":"","_monsterinsights_sitenote_category":0},"product_brand":[],"product_cat":[123,124],"product_tag":[129,131,130],"class_list":{"0":"post-1783","1":"product","2":"type-product","3":"status-publish","4":"has-post-thumbnail","6":"product_cat-wlokna-keratynowe","7":"product_cat-mikrowlokna-lions-hair","8":"product_tag-lions-hair","9":"product_tag-wlokna-keratynowe","10":"product_tag-zageszczanie-wlosow","12":"first","13":"instock","14":"sale","15":"shipping-taxable","16":"purchasable","17":"product-type-variable"},"jetpack_sharing_enabled":true,"_links":{"self":[{"href":"https:\/\/hairme.pl\/sklep\/wp-json\/wp\/v2\/product\/1783","targetHints":{"allow":["GET"]}}],"collection":[{"href":"https:\/\/hairme.pl\/sklep\/wp-json\/wp\/v2\/product"}],"about":[{"href":"https:\/\/hairme.pl\/sklep\/wp-json\/wp\/v2\/types\/product"}],"replies":[{"embeddable":true,"href":"https:\/\/hairme.pl\/sklep\/wp-json\/wp\/v2\/comments?post=1783"}],"wp:featuredmedia":[{"embeddable":true,"href":"https:\/\/hairme.pl\/sklep\/wp-json\/wp\/v2\/media\/2135"}],"wp:attachment":[{"href":"https:\/\/hairme.pl\/sklep\/wp-json\/wp\/v2\/media?parent=1783"}],"wp:term":[{"taxonomy":"product_brand","embeddable":true,"href":"https:\/\/hairme.pl\/sklep\/wp-json\/wp\/v2\/product_brand?post=1783"},{"taxonomy":"product_cat","embeddable":true,"href":"https:\/\/hairme.pl\/sklep\/wp-json\/wp\/v2\/product_cat?post=1783"},{"taxonomy":"product_tag","embeddable":true,"href":"https:\/\/hairme.pl\/sklep\/wp-json\/wp\/v2\/product_tag?post=1783"}],"curies":[{"name":"wp","href":"https:\/\/api.w.org\/{rel}","templated":true}]}}