{"id":1802,"date":"2020-02-10T10:30:34","date_gmt":"2020-02-10T07:30:34","guid":{"rendered":"http:\/\/hairme.pl\/sklep\/?post_type=product&#038;p=1802"},"modified":"2024-08-02T14:27:41","modified_gmt":"2024-08-02T11:27:41","slug":"zestaw-toppik-aplikator-grzebien-wlokna-hair-fiber","status":"publish","type":"product","link":"https:\/\/hairme.pl\/sklep\/product\/zestaw-toppik-aplikator-grzebien-wlokna-hair-fiber\/","title":{"rendered":"Zestaw Toppik: Aplikator + Grzebie\u0144 + w\u0142\u00f3kna Hair Fibers 27,5g"},"content":{"rendered":"<p>Zestaw Toppik to <strong>kompleksowe rozwi\u0105zanie<\/strong> dla osoby stosuj\u0105cej wysokiej jako\u015bci w\u0142\u00f3kna keratynowe.<\/p>\n<p>Wyj\u0105tkowo <strong>\u0142atwy w u\u017cytkowaniu<\/strong> umo\u017cliwia szybk\u0105 acz precyzyjn\u0105 aplikacj\u0119 w\u0142\u00f3kien Toppik na wybrany obszar. Po wybraniu koloru spo\u015br\u00f3d dziewi\u0119ciu dost\u0119pnych, dzi\u0119ki opatentowanemu aplikatorowi w\u0142\u00f3kna trafi\u0105 dok\u0142adnie tam, gdzie powinny.<\/p>\n<p>Nast\u0119pnie optymalizuj\u0105cy grzebie\u0144 Toppik zapewni <strong>naturalny wygl\u0105d<\/strong> linii w\u0142os\u00f3w oraz zapobiegnie obsypywaniu si\u0119 w\u0142\u00f3kien w ci\u0105gu dnia.<\/p>\n","protected":false},"excerpt":{"rendered":"<p>Ekonomiczny zestaw, dzi\u0119ki kt\u00f3remu zaoszcz\u0119dzisz a\u017c 26 z\u0142otych! W komplecie znajduje si\u0119 opakowanie w\u0142\u00f3kien Toppik Hair Fibers 27,5g, dedykowany aplikator oraz grzebie\u0144 optymalizuj\u0105cy. Wybierz poni\u017cej spo\u015br\u00f3d dost\u0119pnych kolor\u00f3w.<\/p>\n","protected":false},"featured_media":2076,"comment_status":"open","ping_status":"closed","template":"","meta":{"_seopress_robots_primary_cat":"none","_seopress_titles_title":"","_seopress_titles_desc":"","_seopress_robots_index":"","om_disable_all_campaigns":false,"_monsterinsights_skip_tracking":false,"_monsterinsights_sitenote_active":false,"_monsterinsights_sitenote_note":"","_monsterinsights_sitenote_category":0},"product_brand":[],"product_cat":[123,125],"product_tag":[141,140,139],"class_list":{"0":"post-1802","1":"product","2":"type-product","3":"status-publish","4":"has-post-thumbnail","6":"product_cat-wlokna-keratynowe","7":"product_cat-wlokna-keratynowe-toppik","8":"product_tag-zestaw-do-zageszczania-toppik","9":"product_tag-zestaw-do-zageszczania-wlosow","10":"product_tag-zestaw-toppik","12":"first","13":"instock","14":"shipping-taxable","15":"purchasable","16":"product-type-variable"},"jetpack_sharing_enabled":true,"_links":{"self":[{"href":"https:\/\/hairme.pl\/sklep\/wp-json\/wp\/v2\/product\/1802","targetHints":{"allow":["GET"]}}],"collection":[{"href":"https:\/\/hairme.pl\/sklep\/wp-json\/wp\/v2\/product"}],"about":[{"href":"https:\/\/hairme.pl\/sklep\/wp-json\/wp\/v2\/types\/product"}],"replies":[{"embeddable":true,"href":"https:\/\/hairme.pl\/sklep\/wp-json\/wp\/v2\/comments?post=1802"}],"wp:featuredmedia":[{"embeddable":true,"href":"https:\/\/hairme.pl\/sklep\/wp-json\/wp\/v2\/media\/2076"}],"wp:attachment":[{"href":"https:\/\/hairme.pl\/sklep\/wp-json\/wp\/v2\/media?parent=1802"}],"wp:term":[{"taxonomy":"product_brand","embeddable":true,"href":"https:\/\/hairme.pl\/sklep\/wp-json\/wp\/v2\/product_brand?post=1802"},{"taxonomy":"product_cat","embeddable":true,"href":"https:\/\/hairme.pl\/sklep\/wp-json\/wp\/v2\/product_cat?post=1802"},{"taxonomy":"product_tag","embeddable":true,"href":"https:\/\/hairme.pl\/sklep\/wp-json\/wp\/v2\/product_tag?post=1802"}],"curies":[{"name":"wp","href":"https:\/\/api.w.org\/{rel}","templated":true}]}}