{"id":1806,"date":"2020-02-10T10:30:39","date_gmt":"2020-02-10T07:30:39","guid":{"rendered":"http:\/\/hairme.pl\/sklep\/?post_type=product&#038;p=1806"},"modified":"2024-08-07T11:26:02","modified_gmt":"2024-08-07T08:26:02","slug":"preparat-do-zageszczania-wlosow-toppik-hair-thickener-144g","status":"publish","type":"product","link":"https:\/\/hairme.pl\/sklep\/product\/preparat-do-zageszczania-wlosow-toppik-hair-thickener-144g\/","title":{"rendered":"Preparat do zag\u0119szczania w\u0142os\u00f3w Toppik Hair Thickener 144g"},"content":{"rendered":"<p>Toppik Hair Thickener opiera si\u0119 na Fullmore &#8211; rewolucyjnym rozwi\u0105zaniu w\u015br\u00f3d \u015brodk\u00f3w maskuj\u0105cych ubytki w\u0142os\u00f3w. <strong>Dzia\u0142a b\u0142yskawicznie<\/strong>, w ci\u0105gu kilku sekund maskuj\u0105c zredukowane obszary, a tak\u017ce dodaj\u0105c faktury i obj\u0119to\u015bci pozosta\u0142ym naturalnym w\u0142osom.<\/p>\n<p>Jest <strong>ca\u0142kowicie bezpieczny<\/strong> i \u0142atwy w stosowaniu zar\u00f3wno dla kobiet jak i m\u0119\u017cczyzn. Toppik Hair Thickener cechuje<strong> sucha formu\u0142a w\u0142\u00f3kien<\/strong> rozpylanych za pomoc\u0105 aerozolu, kt\u00f3re natychmiast przyczepiaj\u0105 si\u0119 do w\u0142os\u00f3w i sprawiaj\u0105, \u017ce wygl\u0105daj\u0105 one na grubsze i g\u0119ste nawet w miejscach zwi\u0119kszonych ubytk\u00f3w.<\/p>\n<p>Zawarto\u015b\u0107 144g<\/p>\n","protected":false},"excerpt":{"rendered":"<p>Specjalna mieszanka polimer\u00f3w oraz niewielkich kolorowych w\u0142\u00f3kien przylegaj\u0105cych po aplikacji do naturalnych w\u0142os\u00f3w. Kilka sekund wystarczy, aby dzi\u0119ki Toppik Hair Thickener znikn\u0119\u0142y \u0142yse miejsca, a rzadkie i cienkie w\u0142osy wygl\u0105da\u0142y du\u017co lepiej.<\/p>\n","protected":false},"featured_media":2070,"comment_status":"open","ping_status":"closed","template":"","meta":{"_seopress_robots_primary_cat":"none","_seopress_titles_title":"","_seopress_titles_desc":"","_seopress_robots_index":"","om_disable_all_campaigns":false,"_monsterinsights_skip_tracking":false,"_monsterinsights_sitenote_active":false,"_monsterinsights_sitenote_note":"","_monsterinsights_sitenote_category":0},"product_brand":[],"product_cat":[125,123],"product_tag":[137,138,130],"class_list":{"0":"post-1806","1":"product","2":"type-product","3":"status-publish","4":"has-post-thumbnail","6":"product_cat-wlokna-keratynowe-toppik","7":"product_cat-wlokna-keratynowe","8":"product_tag-toppik-hair-thickener","9":"product_tag-zageszczacz-wlosow-w-aerozolu","10":"product_tag-zageszczanie-wlosow","12":"first","13":"instock","14":"shipping-taxable","15":"purchasable","16":"product-type-variable"},"jetpack_sharing_enabled":true,"_links":{"self":[{"href":"https:\/\/hairme.pl\/sklep\/wp-json\/wp\/v2\/product\/1806","targetHints":{"allow":["GET"]}}],"collection":[{"href":"https:\/\/hairme.pl\/sklep\/wp-json\/wp\/v2\/product"}],"about":[{"href":"https:\/\/hairme.pl\/sklep\/wp-json\/wp\/v2\/types\/product"}],"replies":[{"embeddable":true,"href":"https:\/\/hairme.pl\/sklep\/wp-json\/wp\/v2\/comments?post=1806"}],"wp:featuredmedia":[{"embeddable":true,"href":"https:\/\/hairme.pl\/sklep\/wp-json\/wp\/v2\/media\/2070"}],"wp:attachment":[{"href":"https:\/\/hairme.pl\/sklep\/wp-json\/wp\/v2\/media?parent=1806"}],"wp:term":[{"taxonomy":"product_brand","embeddable":true,"href":"https:\/\/hairme.pl\/sklep\/wp-json\/wp\/v2\/product_brand?post=1806"},{"taxonomy":"product_cat","embeddable":true,"href":"https:\/\/hairme.pl\/sklep\/wp-json\/wp\/v2\/product_cat?post=1806"},{"taxonomy":"product_tag","embeddable":true,"href":"https:\/\/hairme.pl\/sklep\/wp-json\/wp\/v2\/product_tag?post=1806"}],"curies":[{"name":"wp","href":"https:\/\/api.w.org\/{rel}","templated":true}]}}