{"id":1813,"date":"2020-02-10T10:30:44","date_gmt":"2020-02-10T07:30:44","guid":{"rendered":"http:\/\/hairme.pl\/sklep\/?post_type=product&#038;p=1813"},"modified":"2025-02-27T14:52:39","modified_gmt":"2025-02-27T11:52:39","slug":"balsam-toppik","status":"publish","type":"product","link":"https:\/\/hairme.pl\/sklep\/product\/balsam-toppik\/","title":{"rendered":"Balsam Toppik 250ml"},"content":{"rendered":"<p>W Balsamie Toppik zastosowano <strong>zaawansowany kompleks keratynowy<\/strong> buduj\u0105cy w\u0142osy, kt\u00f3ry poprzez swoje dzia\u0142anie powoduje ich <strong>zag\u0119szczenie i uszczelnienie w\u0142\u00f3kna w\u0142osa<\/strong> wzmacniaj\u0105cymi aminokwasami.<\/p>\n<p>U\u017cywanie od\u017cywki Toppik ka\u017cdego dnia pozwala d\u0142u\u017cej utrzyma\u0107 <strong>efekt wzbogacenia w\u0142os\u00f3w<\/strong> i zwi\u0119kszenia ich g\u0119sto\u015bci.<\/p>\n<p>Pojemno\u015b\u0107 250ml<\/p>\n","protected":false},"excerpt":{"rendered":"<p>Balsam Toppik to unikalna od\u017cywka zwi\u0119kszaj\u0105ca obj\u0119to\u015b\u0107 w\u0142os\u00f3w poprzez uzupe\u0142nienie budulcowego bia\u0142ka w ich strukturze.<\/p>\n","protected":false},"featured_media":2064,"comment_status":"open","ping_status":"closed","template":"","meta":{"_seopress_robots_primary_cat":"none","_seopress_titles_title":"","_seopress_titles_desc":"","_seopress_robots_index":"","om_disable_all_campaigns":false,"_monsterinsights_skip_tracking":false,"_monsterinsights_sitenote_active":false,"_monsterinsights_sitenote_note":"","_monsterinsights_sitenote_category":0},"product_brand":[],"product_cat":[123,125],"product_tag":[145,144,130],"class_list":{"0":"post-1813","1":"product","2":"type-product","3":"status-publish","4":"has-post-thumbnail","6":"product_cat-wlokna-keratynowe","7":"product_cat-wlokna-keratynowe-toppik","8":"product_tag-balsam-toppik","9":"product_tag-odzywka-zageszczajaca-wlosy","10":"product_tag-zageszczanie-wlosow","12":"first","13":"outofstock","14":"shipping-taxable","15":"purchasable","16":"product-type-simple"},"jetpack_sharing_enabled":true,"_links":{"self":[{"href":"https:\/\/hairme.pl\/sklep\/wp-json\/wp\/v2\/product\/1813","targetHints":{"allow":["GET"]}}],"collection":[{"href":"https:\/\/hairme.pl\/sklep\/wp-json\/wp\/v2\/product"}],"about":[{"href":"https:\/\/hairme.pl\/sklep\/wp-json\/wp\/v2\/types\/product"}],"replies":[{"embeddable":true,"href":"https:\/\/hairme.pl\/sklep\/wp-json\/wp\/v2\/comments?post=1813"}],"wp:featuredmedia":[{"embeddable":true,"href":"https:\/\/hairme.pl\/sklep\/wp-json\/wp\/v2\/media\/2064"}],"wp:attachment":[{"href":"https:\/\/hairme.pl\/sklep\/wp-json\/wp\/v2\/media?parent=1813"}],"wp:term":[{"taxonomy":"product_brand","embeddable":true,"href":"https:\/\/hairme.pl\/sklep\/wp-json\/wp\/v2\/product_brand?post=1813"},{"taxonomy":"product_cat","embeddable":true,"href":"https:\/\/hairme.pl\/sklep\/wp-json\/wp\/v2\/product_cat?post=1813"},{"taxonomy":"product_tag","embeddable":true,"href":"https:\/\/hairme.pl\/sklep\/wp-json\/wp\/v2\/product_tag?post=1813"}],"curies":[{"name":"wp","href":"https:\/\/api.w.org\/{rel}","templated":true}]}}