{"id":1815,"date":"2020-02-10T10:30:48","date_gmt":"2020-02-10T07:30:48","guid":{"rendered":"http:\/\/hairme.pl\/sklep\/?post_type=product&#038;p=1815"},"modified":"2025-03-03T16:01:21","modified_gmt":"2025-03-03T13:01:21","slug":"wlokna-keratynowe-toppik-hair-fibers","status":"publish","type":"product","link":"https:\/\/hairme.pl\/sklep\/product\/wlokna-keratynowe-toppik-hair-fibers\/","title":{"rendered":"W\u0142\u00f3kna keratynowe Toppik Hair Fibers"},"content":{"rendered":"<p>Toppik Hair Fibers to barwione <strong>uzupe\u0142niaj\u0105ce w\u0142\u00f3kna keratynowe<\/strong>. Doskonale wnikaj\u0105 we w\u0142osy, szybko wizualnie je <strong>pogrubiaj\u0105 i zag\u0119szczaj\u0105<\/strong>.<\/p>\n<p>W\u0142\u00f3kna b\u0142yskawicznie zakrywaj\u0105 ubytki w\u0142os\u00f3w i wype\u0142niaj\u0105 obszary w\u0142os\u00f3w przerzedzonych. S\u0105 odporne na ka\u017cde warunki atmosferyczne, a <strong>fryzura wygl\u0105da naturalnie<\/strong> przez ca\u0142y dzie\u0144.<\/p>\n<p>Toppik Hair Fibers w bardzo \u0142atwy spos\u00f3b mo\u017cna zmy\u0107 wod\u0105 z szamponem.<\/p>\n","protected":false},"excerpt":{"rendered":"<p>Wysokiej jako\u015bci w\u0142\u00f3kna keratynowe Toppik Hair Fibers, kt\u00f3re w ci\u0105gu kilkunastu sekund powoduj\u0105, \u017ce w\u0142osy wygl\u0105daj\u0105 na g\u0119stsze. Dost\u0119pne w czterech wielko\u015bciach oraz dziewi\u0119ciu kolorach.<\/p>\n","protected":false},"featured_media":2078,"comment_status":"open","ping_status":"closed","template":"","meta":{"_seopress_robots_primary_cat":"none","_seopress_titles_title":"","_seopress_titles_desc":"","_seopress_robots_index":"","om_disable_all_campaigns":false,"_monsterinsights_skip_tracking":false,"_monsterinsights_sitenote_active":false,"_monsterinsights_sitenote_note":"","_monsterinsights_sitenote_category":0},"product_brand":[],"product_cat":[123,125],"product_tag":[150,131,130],"class_list":{"0":"post-1815","1":"product","2":"type-product","3":"status-publish","4":"has-post-thumbnail","6":"product_cat-wlokna-keratynowe","7":"product_cat-wlokna-keratynowe-toppik","8":"product_tag-toppik-hair-fibers","9":"product_tag-wlokna-keratynowe","10":"product_tag-zageszczanie-wlosow","12":"first","13":"instock","14":"shipping-taxable","15":"purchasable","16":"product-type-variable"},"jetpack_sharing_enabled":true,"_links":{"self":[{"href":"https:\/\/hairme.pl\/sklep\/wp-json\/wp\/v2\/product\/1815","targetHints":{"allow":["GET"]}}],"collection":[{"href":"https:\/\/hairme.pl\/sklep\/wp-json\/wp\/v2\/product"}],"about":[{"href":"https:\/\/hairme.pl\/sklep\/wp-json\/wp\/v2\/types\/product"}],"replies":[{"embeddable":true,"href":"https:\/\/hairme.pl\/sklep\/wp-json\/wp\/v2\/comments?post=1815"}],"wp:featuredmedia":[{"embeddable":true,"href":"https:\/\/hairme.pl\/sklep\/wp-json\/wp\/v2\/media\/2078"}],"wp:attachment":[{"href":"https:\/\/hairme.pl\/sklep\/wp-json\/wp\/v2\/media?parent=1815"}],"wp:term":[{"taxonomy":"product_brand","embeddable":true,"href":"https:\/\/hairme.pl\/sklep\/wp-json\/wp\/v2\/product_brand?post=1815"},{"taxonomy":"product_cat","embeddable":true,"href":"https:\/\/hairme.pl\/sklep\/wp-json\/wp\/v2\/product_cat?post=1815"},{"taxonomy":"product_tag","embeddable":true,"href":"https:\/\/hairme.pl\/sklep\/wp-json\/wp\/v2\/product_tag?post=1815"}],"curies":[{"name":"wp","href":"https:\/\/api.w.org\/{rel}","templated":true}]}}