{"id":1853,"date":"2020-02-10T10:41:15","date_gmt":"2020-02-10T07:41:15","guid":{"rendered":"http:\/\/hairme.pl\/sklep\/?post_type=product&#038;p=1853"},"modified":"2022-01-25T12:58:03","modified_gmt":"2022-01-25T09:58:03","slug":"spray-do-usuwania-przedluzen-weft-release-118ml","status":"publish","type":"product","link":"https:\/\/hairme.pl\/sklep\/product\/spray-do-usuwania-przedluzen-weft-release-118ml\/","title":{"rendered":"Spray do usuwania przed\u0142u\u017ce\u0144 Walker Tape No Trace 118ml"},"content":{"rendered":"<p>P\u0142yn do usuwania przed\u0142u\u017ce\u0144 znanej ameryka\u0144skiej firmy Walker Tape. P\u0142yn w sprayu No Trace to rozwi\u0105zanie <strong>na bazie alkoholu<\/strong> do szybkiego zdejmowania przed\u0142u\u017ce\u0144 w\u0142os\u00f3w opartych na ta\u015bmach i klejach. Jest <strong>bezpieczny dla sk\u00f3ry<\/strong>. Ma delikatny zapach i dzia\u0142a b\u0142yskawicznie, <strong>nie trzeba go zmywa\u0107<\/strong>.<\/p>\n<p>Po naniesieniu na wybrane miejsce nale\u017cy odczeka\u0107 10 sekund, a nast\u0119pnie oderwa\u0107 po\u0142\u0105czenie. Je\u015bli wyst\u0105pi taka konieczno\u015b\u0107, mo\u017cna zaaplikowa\u0107 p\u0142yn jeszcze raz. Wygodna forma sprayu pozwala u\u017cy\u0107 tyle produktu, ile potrzeba.<\/p>\n","protected":false},"excerpt":{"rendered":"<p>Buteleczka 118ml p\u0142ynu do usuwania przed\u0142u\u017ce\u0144 Walker Tape No Trace w sprayu.<\/p>\n","protected":false},"featured_media":4509,"comment_status":"open","ping_status":"closed","template":"","meta":{"_seopress_robots_primary_cat":"","_seopress_titles_title":"","_seopress_titles_desc":"","_seopress_robots_index":"","om_disable_all_campaigns":false,"_monsterinsights_skip_tracking":false,"_monsterinsights_sitenote_active":false,"_monsterinsights_sitenote_note":"","_monsterinsights_sitenote_category":0},"product_brand":[],"product_cat":[109,116,117],"product_tag":[222,228,224,281,284,290,288,282,226,227,283,289,223],"class_list":{"0":"post-1853","1":"product","2":"type-product","3":"status-publish","4":"has-post-thumbnail","6":"product_cat-akcesoria","7":"product_cat-akcesoria-usuwanie","8":"product_cat-usuwanie-kosmetyki","9":"product_tag-plyn-do-usuwania-przedluzen","10":"product_tag-plyn-do-usuwania-przedluzen-w-sprayu","11":"product_tag-plyn-do-zdejmowania-pasemek","12":"product_tag-plyn-do-zdejmowania-pasemek-w-sprayu","13":"product_tag-plyn-walker-tape","14":"product_tag-plyn-walker-tape-no-trace","15":"product_tag-plyn-walker-tape-no-trace-w-sprayu","16":"product_tag-plyn-walker-tape-w-sprayu","17":"product_tag-spray-do-usuwania-przedluzen","18":"product_tag-spray-do-zdejmowania-pasemek","19":"product_tag-spray-walker-tape","20":"product_tag-spray-walker-tape-no-trace","21":"product_tag-usuwanie-przedluzen-wlosow","23":"first","24":"instock","25":"shipping-taxable","26":"purchasable","27":"product-type-simple"},"jetpack_sharing_enabled":true,"_links":{"self":[{"href":"https:\/\/hairme.pl\/sklep\/wp-json\/wp\/v2\/product\/1853","targetHints":{"allow":["GET"]}}],"collection":[{"href":"https:\/\/hairme.pl\/sklep\/wp-json\/wp\/v2\/product"}],"about":[{"href":"https:\/\/hairme.pl\/sklep\/wp-json\/wp\/v2\/types\/product"}],"replies":[{"embeddable":true,"href":"https:\/\/hairme.pl\/sklep\/wp-json\/wp\/v2\/comments?post=1853"}],"wp:featuredmedia":[{"embeddable":true,"href":"https:\/\/hairme.pl\/sklep\/wp-json\/wp\/v2\/media\/4509"}],"wp:attachment":[{"href":"https:\/\/hairme.pl\/sklep\/wp-json\/wp\/v2\/media?parent=1853"}],"wp:term":[{"taxonomy":"product_brand","embeddable":true,"href":"https:\/\/hairme.pl\/sklep\/wp-json\/wp\/v2\/product_brand?post=1853"},{"taxonomy":"product_cat","embeddable":true,"href":"https:\/\/hairme.pl\/sklep\/wp-json\/wp\/v2\/product_cat?post=1853"},{"taxonomy":"product_tag","embeddable":true,"href":"https:\/\/hairme.pl\/sklep\/wp-json\/wp\/v2\/product_tag?post=1853"}],"curies":[{"name":"wp","href":"https:\/\/api.w.org\/{rel}","templated":true}]}}