{"id":1855,"date":"2020-02-10T10:44:44","date_gmt":"2020-02-10T07:44:44","guid":{"rendered":"http:\/\/hairme.pl\/sklep\/?post_type=product&#038;p=1855"},"modified":"2022-01-03T14:56:22","modified_gmt":"2022-01-03T11:56:22","slug":"tasma-do-przedluzania-wlosow-8mm-hair-me-purple","status":"publish","type":"product","link":"https:\/\/hairme.pl\/sklep\/product\/tasma-do-przedluzania-wlosow-8mm-hair-me-purple\/","title":{"rendered":"Ta\u015bma do przed\u0142u\u017cania w\u0142os\u00f3w 8mm Hair Me Purple &#8211; ca\u0142a rolka"},"content":{"rendered":"<p>Gotowe do u\u017cycia i przycinania do wybranego rozmiaru <strong>ultra cienka ta\u015bma<\/strong> do przed\u0142u\u017ce\u0144 Hair Me Purple. Jest wygodna w u\u017cyciu i hipoalergiczna oraz <strong>supermocna<\/strong>, dobrze utrzymuje za\u0142o\u017cone przed\u0142u\u017cenia. Ta\u015bma jest r\u00f3wnie\u017c <strong>\u0142atwa do zdejmowania<\/strong>.<\/p>\n<p>Ta\u015bma Hair Me Purple jest przezroczysta i b\u0142yszcz\u0105ca, podk\u0142ad jest nieco rozci\u0105gliwy, a klej lepki.<\/p>\n<p>Ta\u015bma ma szeroko\u015b\u0107 0,85cm i d\u0142ugo\u015b\u0107 ok. 548cm.<br \/>\nZaleca si\u0119 przed u\u017cyciem wypr\u00f3bowanie ta\u015bmy na ma\u0142ym fragmencie sk\u00f3ry.<\/p>\n","protected":false},"excerpt":{"rendered":"<p>Ta\u015bma do przed\u0142u\u017cania w\u0142os\u00f3w, model Hair Me Purple o wymiarach 0,85x548cm.<\/p>\n","protected":false},"featured_media":3181,"comment_status":"open","ping_status":"closed","template":"","meta":{"_seopress_robots_primary_cat":"","_seopress_titles_title":"","_seopress_titles_desc":"","_seopress_robots_index":"","om_disable_all_campaigns":false,"_monsterinsights_skip_tracking":false,"_monsterinsights_sitenote_active":false,"_monsterinsights_sitenote_note":"","_monsterinsights_sitenote_category":0},"product_brand":[],"product_cat":[109,110,115],"product_tag":[128,232,233],"class_list":{"0":"post-1855","1":"product","2":"type-product","3":"status-publish","4":"has-post-thumbnail","6":"product_cat-akcesoria","7":"product_cat-akcesoria-mocowanie","8":"product_cat-mocowanie-tasmy","9":"product_tag-przedluzanie-wlosow","10":"product_tag-tasma-do-przedluzania-wlosow","11":"product_tag-tasma-do-przedluzen","13":"first","14":"instock","15":"shipping-taxable","16":"purchasable","17":"product-type-simple"},"jetpack_sharing_enabled":true,"_links":{"self":[{"href":"https:\/\/hairme.pl\/sklep\/wp-json\/wp\/v2\/product\/1855","targetHints":{"allow":["GET"]}}],"collection":[{"href":"https:\/\/hairme.pl\/sklep\/wp-json\/wp\/v2\/product"}],"about":[{"href":"https:\/\/hairme.pl\/sklep\/wp-json\/wp\/v2\/types\/product"}],"replies":[{"embeddable":true,"href":"https:\/\/hairme.pl\/sklep\/wp-json\/wp\/v2\/comments?post=1855"}],"wp:featuredmedia":[{"embeddable":true,"href":"https:\/\/hairme.pl\/sklep\/wp-json\/wp\/v2\/media\/3181"}],"wp:attachment":[{"href":"https:\/\/hairme.pl\/sklep\/wp-json\/wp\/v2\/media?parent=1855"}],"wp:term":[{"taxonomy":"product_brand","embeddable":true,"href":"https:\/\/hairme.pl\/sklep\/wp-json\/wp\/v2\/product_brand?post=1855"},{"taxonomy":"product_cat","embeddable":true,"href":"https:\/\/hairme.pl\/sklep\/wp-json\/wp\/v2\/product_cat?post=1855"},{"taxonomy":"product_tag","embeddable":true,"href":"https:\/\/hairme.pl\/sklep\/wp-json\/wp\/v2\/product_tag?post=1855"}],"curies":[{"name":"wp","href":"https:\/\/api.w.org\/{rel}","templated":true}]}}