{"id":1857,"date":"2020-02-10T10:45:22","date_gmt":"2020-02-10T07:45:22","guid":{"rendered":"http:\/\/hairme.pl\/sklep\/?post_type=product&#038;p=1857"},"modified":"2022-01-03T14:56:15","modified_gmt":"2022-01-03T11:56:15","slug":"tasma-do-przedluzania-wlosow-8mm-hair-me-light-green","status":"publish","type":"product","link":"https:\/\/hairme.pl\/sklep\/product\/tasma-do-przedluzania-wlosow-8mm-hair-me-light-green\/","title":{"rendered":"Ta\u015bma do przed\u0142u\u017cania w\u0142os\u00f3w 8mm Hair Me Light Green &#8211; ca\u0142a rolka"},"content":{"rendered":"<p>Gotowa do przycinania do odpowiedniego rozmiaru i u\u017cycia <strong>cienka ta\u015bma<\/strong> do przed\u0142u\u017ce\u0144 Hair Me Light Green. Jest najlepszym wyborem <strong>do szerszych, d\u0142u\u017cszych i ci\u0119\u017cszych przed\u0142u\u017ce\u0144<\/strong>. Wygodna w stosowaniu i hipoalergiczna, <strong>z najmocniejsz\u0105 lepko\u015bci\u0105<\/strong> pierwszego u\u017cycia, dobrze trzyma za\u0142o\u017cone przed\u0142u\u017cenia. Ta\u015bma jest tak\u017ce \u0142atwa do zdejmowania.<\/p>\n<p>Ta\u015bma Hair Me Light Green jest przezroczysta i p\u00f3\u0142matowa, podk\u0142ad jest nieco rozci\u0105gliwy, a klej lepki.<\/p>\n<p>Ta\u015bma ma szeroko\u015b\u0107 0,85cm i d\u0142ugo\u015b\u0107 ok. 548cm.<br \/>\nZaleca si\u0119 przed u\u017cyciem wypr\u00f3bowanie ta\u015bmy na ma\u0142ym fragmencie sk\u00f3ry.<\/p>\n","protected":false},"excerpt":{"rendered":"<p>Ta\u015bma do przed\u0142u\u017cania w\u0142os\u00f3w, model Hair Me Light Green o wymiarach 0,85x548cm.<\/p>\n","protected":false},"featured_media":3183,"comment_status":"open","ping_status":"closed","template":"","meta":{"_seopress_robots_primary_cat":"","_seopress_titles_title":"","_seopress_titles_desc":"","_seopress_robots_index":"","om_disable_all_campaigns":false,"_monsterinsights_skip_tracking":false,"_monsterinsights_sitenote_active":false,"_monsterinsights_sitenote_note":"","_monsterinsights_sitenote_category":0},"product_brand":[],"product_cat":[109,110,115],"product_tag":[128,232,233],"class_list":{"0":"post-1857","1":"product","2":"type-product","3":"status-publish","4":"has-post-thumbnail","6":"product_cat-akcesoria","7":"product_cat-akcesoria-mocowanie","8":"product_cat-mocowanie-tasmy","9":"product_tag-przedluzanie-wlosow","10":"product_tag-tasma-do-przedluzania-wlosow","11":"product_tag-tasma-do-przedluzen","13":"first","14":"instock","15":"shipping-taxable","16":"purchasable","17":"product-type-simple"},"jetpack_sharing_enabled":true,"_links":{"self":[{"href":"https:\/\/hairme.pl\/sklep\/wp-json\/wp\/v2\/product\/1857","targetHints":{"allow":["GET"]}}],"collection":[{"href":"https:\/\/hairme.pl\/sklep\/wp-json\/wp\/v2\/product"}],"about":[{"href":"https:\/\/hairme.pl\/sklep\/wp-json\/wp\/v2\/types\/product"}],"replies":[{"embeddable":true,"href":"https:\/\/hairme.pl\/sklep\/wp-json\/wp\/v2\/comments?post=1857"}],"wp:featuredmedia":[{"embeddable":true,"href":"https:\/\/hairme.pl\/sklep\/wp-json\/wp\/v2\/media\/3183"}],"wp:attachment":[{"href":"https:\/\/hairme.pl\/sklep\/wp-json\/wp\/v2\/media?parent=1857"}],"wp:term":[{"taxonomy":"product_brand","embeddable":true,"href":"https:\/\/hairme.pl\/sklep\/wp-json\/wp\/v2\/product_brand?post=1857"},{"taxonomy":"product_cat","embeddable":true,"href":"https:\/\/hairme.pl\/sklep\/wp-json\/wp\/v2\/product_cat?post=1857"},{"taxonomy":"product_tag","embeddable":true,"href":"https:\/\/hairme.pl\/sklep\/wp-json\/wp\/v2\/product_tag?post=1857"}],"curies":[{"name":"wp","href":"https:\/\/api.w.org\/{rel}","templated":true}]}}