{"id":1858,"date":"2020-02-10T10:45:36","date_gmt":"2020-02-10T07:45:36","guid":{"rendered":"http:\/\/hairme.pl\/sklep\/?post_type=product&#038;p=1858"},"modified":"2022-04-12T11:21:26","modified_gmt":"2022-04-12T08:21:26","slug":"paski-do-przedluzania-wlosow-12-sztuk-hair-me-light-green-1-listek","status":"publish","type":"product","link":"https:\/\/hairme.pl\/sklep\/product\/paski-do-przedluzania-wlosow-12-sztuk-hair-me-light-green-1-listek\/","title":{"rendered":"Paski do przed\u0142u\u017cania w\u0142os\u00f3w 12 sztuk &#8211; ta\u015bma Hair Me Light Green (1 listek)"},"content":{"rendered":"<p>Gotowe do u\u017cycia, przyci\u0119te do odpowiedniego rozmiaru <strong>cienkie paski<\/strong> do przed\u0142u\u017ce\u0144 Hair Me Light Green. S\u0105 najlepszym wyborem <strong>do szerszych, d\u0142u\u017cszych i ci\u0119\u017cszych przed\u0142u\u017ce\u0144<\/strong>. Wygodne w stosowaniu i hipoalergiczne, <strong>z najmocniejsz\u0105 lepko\u015bci\u0105<\/strong> pierwszego u\u017cycia, dobrze trzymaj\u0105 za\u0142o\u017cone przed\u0142u\u017cenia. Paski s\u0105 tak\u017ce \u0142atwe do zdejmowania.<\/p>\n<p>Paski Hair Me Light Green s\u0105 przezroczyste i p\u00f3\u0142matowe, podk\u0142ad jest nieco rozci\u0105gliwy, a klej lepki.<\/p>\n<p>Listek zawiera 12 pask\u00f3w o wymiarach 8x40mm.<br \/>\nZaleca si\u0119 przed u\u017cyciem wypr\u00f3bowanie paska na ma\u0142ym fragmencie sk\u00f3ry.<\/p>\n","protected":false},"excerpt":{"rendered":"<p>Zestaw pask\u00f3w do przed\u0142u\u017cania w\u0142os\u00f3w Hair Me Light Green, na listku 12 sztuk.<\/p>\n","protected":false},"featured_media":4666,"comment_status":"open","ping_status":"closed","template":"","meta":{"_seopress_robots_primary_cat":"","_seopress_titles_title":"","_seopress_titles_desc":"","_seopress_robots_index":"","om_disable_all_campaigns":false,"_monsterinsights_skip_tracking":false,"_monsterinsights_sitenote_active":false,"_monsterinsights_sitenote_note":"","_monsterinsights_sitenote_category":0},"product_brand":[],"product_cat":[109,110,115],"product_tag":[168,167,128,358],"class_list":{"0":"post-1858","1":"product","2":"type-product","3":"status-publish","4":"has-post-thumbnail","6":"product_cat-akcesoria","7":"product_cat-akcesoria-mocowanie","8":"product_cat-mocowanie-tasmy","9":"product_tag-paski-do-przedluzania-wlosow","10":"product_tag-paski-do-przedluzen","11":"product_tag-przedluzanie-wlosow","12":"product_tag-tasmy-do-przedluzania-w-paskach","14":"first","15":"instock","16":"shipping-taxable","17":"purchasable","18":"product-type-simple"},"jetpack_sharing_enabled":true,"_links":{"self":[{"href":"https:\/\/hairme.pl\/sklep\/wp-json\/wp\/v2\/product\/1858","targetHints":{"allow":["GET"]}}],"collection":[{"href":"https:\/\/hairme.pl\/sklep\/wp-json\/wp\/v2\/product"}],"about":[{"href":"https:\/\/hairme.pl\/sklep\/wp-json\/wp\/v2\/types\/product"}],"replies":[{"embeddable":true,"href":"https:\/\/hairme.pl\/sklep\/wp-json\/wp\/v2\/comments?post=1858"}],"wp:featuredmedia":[{"embeddable":true,"href":"https:\/\/hairme.pl\/sklep\/wp-json\/wp\/v2\/media\/4666"}],"wp:attachment":[{"href":"https:\/\/hairme.pl\/sklep\/wp-json\/wp\/v2\/media?parent=1858"}],"wp:term":[{"taxonomy":"product_brand","embeddable":true,"href":"https:\/\/hairme.pl\/sklep\/wp-json\/wp\/v2\/product_brand?post=1858"},{"taxonomy":"product_cat","embeddable":true,"href":"https:\/\/hairme.pl\/sklep\/wp-json\/wp\/v2\/product_cat?post=1858"},{"taxonomy":"product_tag","embeddable":true,"href":"https:\/\/hairme.pl\/sklep\/wp-json\/wp\/v2\/product_tag?post=1858"}],"curies":[{"name":"wp","href":"https:\/\/api.w.org\/{rel}","templated":true}]}}