{"id":1864,"date":"2020-02-10T10:50:49","date_gmt":"2020-02-10T07:50:49","guid":{"rendered":"http:\/\/hairme.pl\/sklep\/?post_type=product&#038;p=1864"},"modified":"2021-07-28T12:27:12","modified_gmt":"2021-07-28T09:27:12","slug":"klips-fryzjerski-metalowy-gladki-szeroki-spinka-70x9mm","status":"publish","type":"product","link":"https:\/\/hairme.pl\/sklep\/product\/klips-fryzjerski-metalowy-gladki-szeroki-spinka-70x9mm\/","title":{"rendered":"Klips fryzjerski metalowy p\u0142aski szeroki, spinka g\u0142adka 70x9mm"},"content":{"rendered":"<p>Podstawowy rozdzielaj\u0105cy klips fryzjerski o szeroko\u015bci 6mm. Nie posiada z\u0105bk\u00f3w i przez to jest <strong>bardzo \u0142atwy do wpi\u0119cia i wypi\u0119cia<\/strong>.<\/p>\n<p>Klips podczas pracy <strong>dobrze trzyma<\/strong> poszczeg\u00f3lne pasma. Wyj\u0105tkow\u0105 trwa\u0142o\u015b\u0107 i wielokrotno\u015b\u0107 u\u017cycia zapewnia wykonanie z metalu oraz <strong>zanitowana spr\u0119\u017cyna<\/strong>. Klips nie niszczy i nie \u0142amie w\u0142os\u00f3w.<\/p>\n<p>D\u0142ugo\u015b\u0107 ok. 7cm, szeroko\u015b\u0107 uchwytu 9mm, szeroko\u015b\u0107 przed \u015bci\u0119t\u0105 ko\u0144c\u00f3wk\u0105 5mm.<\/p>\n","protected":false},"excerpt":{"rendered":"<p>Klips fryzjerski 6mm do rozdzielania i przytrzymywania partii w\u0142os\u00f3w. Metalowy z g\u0142adkimi ramionami.<\/p>\n","protected":false},"featured_media":1928,"comment_status":"open","ping_status":"closed","template":"","meta":{"_seopress_robots_primary_cat":"","_seopress_titles_title":"","_seopress_titles_desc":"","_seopress_robots_index":"","om_disable_all_campaigns":false,"_monsterinsights_skip_tracking":false,"_monsterinsights_sitenote_active":false,"_monsterinsights_sitenote_note":"","_monsterinsights_sitenote_category":0},"product_brand":[],"product_cat":[109,110,155],"product_tag":[240,246,249,241,247,250,239,245,248],"class_list":{"0":"post-1864","1":"product","2":"type-product","3":"status-publish","4":"has-post-thumbnail","6":"product_cat-akcesoria","7":"product_cat-akcesoria-mocowanie","8":"product_cat-mocowanie-narzedzia","9":"product_tag-klamra-fryzjerska","10":"product_tag-klamra-fryzjerska-krokodylek","11":"product_tag-klamra-fryzjerska-metalowa","12":"product_tag-klips-fryzjerski","13":"product_tag-klips-fryzjerski-krokodylek","14":"product_tag-klips-fryzjerski-metalowy","15":"product_tag-spinka-fryzjerska","16":"product_tag-spinka-fryzjerska-krokodylek","17":"product_tag-spinka-fryzjerska-metalowa","19":"first","20":"instock","21":"shipping-taxable","22":"purchasable","23":"product-type-simple"},"jetpack_sharing_enabled":true,"_links":{"self":[{"href":"https:\/\/hairme.pl\/sklep\/wp-json\/wp\/v2\/product\/1864","targetHints":{"allow":["GET"]}}],"collection":[{"href":"https:\/\/hairme.pl\/sklep\/wp-json\/wp\/v2\/product"}],"about":[{"href":"https:\/\/hairme.pl\/sklep\/wp-json\/wp\/v2\/types\/product"}],"replies":[{"embeddable":true,"href":"https:\/\/hairme.pl\/sklep\/wp-json\/wp\/v2\/comments?post=1864"}],"wp:featuredmedia":[{"embeddable":true,"href":"https:\/\/hairme.pl\/sklep\/wp-json\/wp\/v2\/media\/1928"}],"wp:attachment":[{"href":"https:\/\/hairme.pl\/sklep\/wp-json\/wp\/v2\/media?parent=1864"}],"wp:term":[{"taxonomy":"product_brand","embeddable":true,"href":"https:\/\/hairme.pl\/sklep\/wp-json\/wp\/v2\/product_brand?post=1864"},{"taxonomy":"product_cat","embeddable":true,"href":"https:\/\/hairme.pl\/sklep\/wp-json\/wp\/v2\/product_cat?post=1864"},{"taxonomy":"product_tag","embeddable":true,"href":"https:\/\/hairme.pl\/sklep\/wp-json\/wp\/v2\/product_tag?post=1864"}],"curies":[{"name":"wp","href":"https:\/\/api.w.org\/{rel}","templated":true}]}}