{"id":1866,"date":"2020-02-10T10:51:12","date_gmt":"2020-02-10T07:51:12","guid":{"rendered":"http:\/\/hairme.pl\/sklep\/?post_type=product&#038;p=1866"},"modified":"2021-04-09T11:51:44","modified_gmt":"2021-04-09T08:51:44","slug":"klips-fryzjerski-duzy-krokodylek-spinka-fryzjerska-czarna-klamra-zabka","status":"publish","type":"product","link":"https:\/\/hairme.pl\/sklep\/product\/klips-fryzjerski-duzy-krokodylek-spinka-fryzjerska-czarna-klamra-zabka\/","title":{"rendered":"Klips fryzjerski du\u017cy krokodylek, spinka fryzjerska czarna klamra \u017cabka"},"content":{"rendered":"<p>Klamerka do w\u0142os\u00f3w typu &#8222;krokodylek&#8221; \/ &#8222;\u017cabka&#8221; jest pomocna szczeg\u00f3lnie przy pracy z w\u0142osem d\u0142ugim, g\u0119stym, grubym &#8211;<strong> specjalna konstrukcja<\/strong> umo\u017cliwia przytrzymanie wi\u0119kszych obj\u0119to\u015bciowo pasm ni\u017c zwyk\u0142e spinki fryzjerskie. Klamra <strong>bardzo dobrze trzyma<\/strong> z\u0142apany kosmyk.<\/p>\n<p>Jest wykonana z wytrzyma\u0142ego tworzywa w kolorze czarnym, a w po\u0142\u0105czeniu z <strong>zanitowan\u0105 spr\u0119\u017cyn\u0105<\/strong> zapewnia niezwyk\u0142\u0105 trwa\u0142o\u015b\u0107 i wielokrotne u\u017cycie. Klamra\u00a0nie \u0142amie i nie niszczy w\u0142os\u00f3w.<\/p>\n<p>D\u0142ugo\u015b\u0107 w linii prostej ok. 11cm.<\/p>\n","protected":false},"excerpt":{"rendered":"<p>Klamra fryzjerska do przytrzymywania w\u0142os\u00f3w, szczeg\u00f3lnie tych grubszych i obfitych. Kolor czarny.<\/p>\n","protected":false},"featured_media":1916,"comment_status":"open","ping_status":"closed","template":"","meta":{"_seopress_robots_primary_cat":"","_seopress_titles_title":"","_seopress_titles_desc":"","_seopress_robots_index":"","om_disable_all_campaigns":false,"_monsterinsights_skip_tracking":false,"_monsterinsights_sitenote_active":false,"_monsterinsights_sitenote_note":"","_monsterinsights_sitenote_category":0},"product_brand":[],"product_cat":[109,110,155],"product_tag":[240,252,246,243,255,241,253,247,244,256,239,251,245,242,254],"class_list":{"0":"post-1866","1":"product","2":"type-product","3":"status-publish","4":"has-post-thumbnail","6":"product_cat-akcesoria","7":"product_cat-akcesoria-mocowanie","8":"product_cat-mocowanie-narzedzia","9":"product_tag-klamra-fryzjerska","10":"product_tag-klamra-fryzjerska-czarna","11":"product_tag-klamra-fryzjerska-krokodylek","12":"product_tag-klamra-fryzjerska-plastikowa","13":"product_tag-klamra-fryzjerska-zabka","14":"product_tag-klips-fryzjerski","15":"product_tag-klips-fryzjerski-czarny","16":"product_tag-klips-fryzjerski-krokodylek","17":"product_tag-klips-fryzjerski-plastikowy","18":"product_tag-klips-fryzjerski-zabka","19":"product_tag-spinka-fryzjerska","20":"product_tag-spinka-fryzjerska-czarna","21":"product_tag-spinka-fryzjerska-krokodylek","22":"product_tag-spinka-fryzjerska-plastikowa","23":"product_tag-spinka-fryzjerska-zabka","25":"first","26":"instock","27":"shipping-taxable","28":"purchasable","29":"product-type-simple"},"jetpack_sharing_enabled":true,"_links":{"self":[{"href":"https:\/\/hairme.pl\/sklep\/wp-json\/wp\/v2\/product\/1866","targetHints":{"allow":["GET"]}}],"collection":[{"href":"https:\/\/hairme.pl\/sklep\/wp-json\/wp\/v2\/product"}],"about":[{"href":"https:\/\/hairme.pl\/sklep\/wp-json\/wp\/v2\/types\/product"}],"replies":[{"embeddable":true,"href":"https:\/\/hairme.pl\/sklep\/wp-json\/wp\/v2\/comments?post=1866"}],"wp:featuredmedia":[{"embeddable":true,"href":"https:\/\/hairme.pl\/sklep\/wp-json\/wp\/v2\/media\/1916"}],"wp:attachment":[{"href":"https:\/\/hairme.pl\/sklep\/wp-json\/wp\/v2\/media?parent=1866"}],"wp:term":[{"taxonomy":"product_brand","embeddable":true,"href":"https:\/\/hairme.pl\/sklep\/wp-json\/wp\/v2\/product_brand?post=1866"},{"taxonomy":"product_cat","embeddable":true,"href":"https:\/\/hairme.pl\/sklep\/wp-json\/wp\/v2\/product_cat?post=1866"},{"taxonomy":"product_tag","embeddable":true,"href":"https:\/\/hairme.pl\/sklep\/wp-json\/wp\/v2\/product_tag?post=1866"}],"curies":[{"name":"wp","href":"https:\/\/api.w.org\/{rel}","templated":true}]}}