{"id":1872,"date":"2020-02-13T13:08:52","date_gmt":"2020-02-13T10:08:52","guid":{"rendered":"http:\/\/hairme.pl\/sklep\/?post_type=product&#038;p=1872"},"modified":"2022-05-26T14:57:25","modified_gmt":"2022-05-26T11:57:25","slug":"szczypce-giete-do-zaciskania-ringow-do-mocowania-przedluzen-wlosow-2","status":"publish","type":"product","link":"https:\/\/hairme.pl\/sklep\/product\/szczypce-giete-do-zaciskania-ringow-do-mocowania-przedluzen-wlosow-2\/","title":{"rendered":"Szczypce proste do zaciskania ring\u00f3w, do mocowania przed\u0142u\u017ce\u0144 w\u0142os\u00f3w"},"content":{"rendered":"<p>Szczypce posiadaj\u0105 gumowe<strong> antypo\u015blizgowe r\u0105czki<\/strong> daj\u0105ce dobre oparcie d\u0142oni. Ich elastyczno\u015b\u0107 regulowana jest przeciwstawnymi skrzyde\u0142kami.<\/p>\n<p>Cz\u0119\u015b\u0107 pracuj\u0105ca jest prosta, c\u0105\u017cki s\u0105 \u0142atwe w manipulowaniu, a <strong>z\u0119bate ko\u0144c\u00f3wki<\/strong> sprawiaj\u0105, \u017ce chwyt jest pewny i bezpieczny.<\/p>\n<p>D\u0142ugo\u015b\u0107 12,5cm.<\/p>\n","protected":false},"excerpt":{"rendered":"<p>Szczypce do przed\u0142u\u017cania w\u0142os\u00f3w z prost\u0105 ko\u0144c\u00f3wk\u0105. C\u0105\u017cki s\u0105 przeznaczone do stosowania z tulejkami\/mikroringami i nanoringami.<\/p>\n","protected":false},"featured_media":1904,"comment_status":"open","ping_status":"closed","template":"","meta":{"_seopress_robots_primary_cat":"","_seopress_titles_title":"","_seopress_titles_desc":"","_seopress_robots_index":"","om_disable_all_campaigns":false,"_monsterinsights_skip_tracking":false,"_monsterinsights_sitenote_active":false,"_monsterinsights_sitenote_note":"","_monsterinsights_sitenote_category":0},"product_brand":[],"product_cat":[109,110,155],"product_tag":[200,203,204,201,202,205,184,198,185,199,197,183],"class_list":{"0":"post-1872","1":"product","2":"type-product","3":"status-publish","4":"has-post-thumbnail","6":"product_cat-akcesoria","7":"product_cat-akcesoria-mocowanie","8":"product_cat-mocowanie-narzedzia","9":"product_tag-cazki-do-mocowania-przedluzen","10":"product_tag-cazki-do-zakladania-mikroringow","11":"product_tag-cazki-do-zakladania-pasemek","12":"product_tag-cazki-do-zakladania-wlosow","13":"product_tag-cazki-fryzjerskie","14":"product_tag-cazki-proste-do-przedluzen","15":"product_tag-szczypce-do-mocowania-przedluzen","16":"product_tag-szczypce-do-zakladania-mikroringow","17":"product_tag-szczypce-do-zakladania-pasemek","18":"product_tag-szczypce-do-zakladania-tulejek","19":"product_tag-szczypce-do-zakladania-wlosow","20":"product_tag-szczypce-fryzjerskie","22":"first","23":"instock","24":"shipping-taxable","25":"purchasable","26":"product-type-simple"},"jetpack_sharing_enabled":true,"_links":{"self":[{"href":"https:\/\/hairme.pl\/sklep\/wp-json\/wp\/v2\/product\/1872","targetHints":{"allow":["GET"]}}],"collection":[{"href":"https:\/\/hairme.pl\/sklep\/wp-json\/wp\/v2\/product"}],"about":[{"href":"https:\/\/hairme.pl\/sklep\/wp-json\/wp\/v2\/types\/product"}],"replies":[{"embeddable":true,"href":"https:\/\/hairme.pl\/sklep\/wp-json\/wp\/v2\/comments?post=1872"}],"wp:featuredmedia":[{"embeddable":true,"href":"https:\/\/hairme.pl\/sklep\/wp-json\/wp\/v2\/media\/1904"}],"wp:attachment":[{"href":"https:\/\/hairme.pl\/sklep\/wp-json\/wp\/v2\/media?parent=1872"}],"wp:term":[{"taxonomy":"product_brand","embeddable":true,"href":"https:\/\/hairme.pl\/sklep\/wp-json\/wp\/v2\/product_brand?post=1872"},{"taxonomy":"product_cat","embeddable":true,"href":"https:\/\/hairme.pl\/sklep\/wp-json\/wp\/v2\/product_cat?post=1872"},{"taxonomy":"product_tag","embeddable":true,"href":"https:\/\/hairme.pl\/sklep\/wp-json\/wp\/v2\/product_tag?post=1872"}],"curies":[{"name":"wp","href":"https:\/\/api.w.org\/{rel}","templated":true}]}}