{"id":1873,"date":"2020-02-13T13:09:11","date_gmt":"2020-02-13T10:09:11","guid":{"rendered":"http:\/\/hairme.pl\/sklep\/?post_type=product&#038;p=1873"},"modified":"2023-04-06T11:10:53","modified_gmt":"2023-04-06T08:10:53","slug":"podkladka-ochronna-krotka-prostokatna-oslonka-do-wydzielania-pasemek","status":"publish","type":"product","link":"https:\/\/hairme.pl\/sklep\/product\/podkladka-ochronna-krotka-prostokatna-oslonka-do-wydzielania-pasemek\/","title":{"rendered":"Podk\u0142adka ochronna kr\u00f3tka, prostok\u0105tna os\u0142onka do wydzielania pasemek"},"content":{"rendered":"<p>Prostok\u0105tna kr\u00f3tka listewka ochronna<strong> zabezpiecza sk\u00f3r\u0119 g\u0142owy<\/strong> podczas manipulacji rozgrzan\u0105 zgrzewark\u0105 przy przed\u0142u\u017canych pasemkach. Szablon jest wykonany ze sztywnego przezroczystego tworzywa, kt\u00f3re zapewnia r\u00f3wne odst\u0119py pomi\u0119dzy kolejnymi pasmami oraz <strong>szybkie i wygodne separowanie i sklejanie<\/strong> idealnej ilo\u015bci w\u0142os\u00f3w.<\/p>\n<p>Wymiary ok. 7&#215;2,5cm.<\/p>\n","protected":false},"excerpt":{"rendered":"<p>Przezroczysty kr\u00f3tszy (11 oczek co 5mm) prostok\u0105tny szablon ochronny do wykorzystania podczas zabiegu przed\u0142u\u017cania w\u0142os\u00f3w.<\/p>\n","protected":false},"featured_media":2139,"comment_status":"open","ping_status":"closed","template":"","meta":{"_seopress_robots_primary_cat":"","_seopress_titles_title":"","_seopress_titles_desc":"","_seopress_robots_index":"","om_disable_all_campaigns":false,"_monsterinsights_skip_tracking":false,"_monsterinsights_sitenote_active":false,"_monsterinsights_sitenote_note":"","_monsterinsights_sitenote_category":0},"product_brand":[],"product_cat":[109,110,155],"product_tag":[275,165,164,257,258,166],"class_list":{"0":"post-1873","1":"product","2":"type-product","3":"status-publish","4":"has-post-thumbnail","6":"product_cat-akcesoria","7":"product_cat-akcesoria-mocowanie","8":"product_cat-mocowanie-narzedzia","9":"product_tag-oslonka-do-rozdzielania-pasemek","10":"product_tag-oslonka-do-wydzielania-pasemek","11":"product_tag-oslonki-do-wydzielania-pasemek","12":"product_tag-podkladka-oslonowa-do-przedluzania-wlosow","13":"product_tag-szablon-do-przedluzania-wlosow","14":"product_tag-szablon-do-rozdzielania-wlosow","16":"first","17":"instock","18":"shipping-taxable","19":"purchasable","20":"product-type-simple"},"jetpack_sharing_enabled":true,"_links":{"self":[{"href":"https:\/\/hairme.pl\/sklep\/wp-json\/wp\/v2\/product\/1873","targetHints":{"allow":["GET"]}}],"collection":[{"href":"https:\/\/hairme.pl\/sklep\/wp-json\/wp\/v2\/product"}],"about":[{"href":"https:\/\/hairme.pl\/sklep\/wp-json\/wp\/v2\/types\/product"}],"replies":[{"embeddable":true,"href":"https:\/\/hairme.pl\/sklep\/wp-json\/wp\/v2\/comments?post=1873"}],"wp:featuredmedia":[{"embeddable":true,"href":"https:\/\/hairme.pl\/sklep\/wp-json\/wp\/v2\/media\/2139"}],"wp:attachment":[{"href":"https:\/\/hairme.pl\/sklep\/wp-json\/wp\/v2\/media?parent=1873"}],"wp:term":[{"taxonomy":"product_brand","embeddable":true,"href":"https:\/\/hairme.pl\/sklep\/wp-json\/wp\/v2\/product_brand?post=1873"},{"taxonomy":"product_cat","embeddable":true,"href":"https:\/\/hairme.pl\/sklep\/wp-json\/wp\/v2\/product_cat?post=1873"},{"taxonomy":"product_tag","embeddable":true,"href":"https:\/\/hairme.pl\/sklep\/wp-json\/wp\/v2\/product_tag?post=1873"}],"curies":[{"name":"wp","href":"https:\/\/api.w.org\/{rel}","templated":true}]}}