{"id":1878,"date":"2020-02-13T13:09:18","date_gmt":"2020-02-13T10:09:18","guid":{"rendered":"http:\/\/hairme.pl\/sklep\/?post_type=product&#038;p=1878"},"modified":"2021-04-09T11:56:23","modified_gmt":"2021-04-09T08:56:23","slug":"szydelko-drewniane-z-petelka-do-przedluzania-wlosow","status":"publish","type":"product","link":"https:\/\/hairme.pl\/sklep\/product\/szydelko-drewniane-z-petelka-do-przedluzania-wlosow\/","title":{"rendered":"Szyde\u0142ko drewniane do przed\u0142u\u017cania w\u0142os\u00f3w (szyde\u0142ko z p\u0119telk\u0105)"},"content":{"rendered":"<p>Szyde\u0142ko jest \u0142atwym w u\u017cyciu narz\u0119dziem do przed\u0142u\u017cania w\u0142os\u00f3w metod\u0105 mikroringow\u0105.<\/p>\n<p>Posiada lekk\u0105, <strong>dobrze le\u017c\u0105c\u0105 w d\u0142oni<\/strong> r\u0105czk\u0119 oraz drucian\u0105 <strong>mocn\u0105 p\u0119telk\u0119<\/strong>, kt\u00f3re zapewniaj\u0105 bezproblemow\u0105 prac\u0119 z w\u0142osami.<\/p>\n<p>D\u0142ugo\u015b\u0107 ca\u0142ego szyde\u0142ka ok. 23,5cm.<\/p>\n","protected":false},"excerpt":{"rendered":"<p>Proste lekkie szyde\u0142ko z p\u0119telk\u0105 do przed\u0142u\u017cania w\u0142os\u00f3w na tulejki\/mikroringi.<\/p>\n","protected":false},"featured_media":1888,"comment_status":"open","ping_status":"closed","template":"","meta":{"_seopress_robots_primary_cat":"","_seopress_titles_title":"","_seopress_titles_desc":"","_seopress_robots_index":"","om_disable_all_campaigns":false,"_monsterinsights_skip_tracking":false,"_monsterinsights_sitenote_active":false,"_monsterinsights_sitenote_note":"","_monsterinsights_sitenote_category":0},"product_brand":[],"product_cat":[109,110,155],"product_tag":[174,175,180,179,259],"class_list":{"0":"post-1878","1":"product","2":"type-product","3":"status-publish","4":"has-post-thumbnail","6":"product_cat-akcesoria","7":"product_cat-akcesoria-mocowanie","8":"product_cat-mocowanie-narzedzia","9":"product_tag-szydelko-do-przedluzania-wlosow","10":"product_tag-szydelko-do-przedluzen","11":"product_tag-szydelko-do-wlosow","12":"product_tag-szydelko-do-wlosow-drewniane","13":"product_tag-szydelko-z-petelka","15":"first","16":"instock","17":"shipping-taxable","18":"purchasable","19":"product-type-simple"},"jetpack_sharing_enabled":true,"_links":{"self":[{"href":"https:\/\/hairme.pl\/sklep\/wp-json\/wp\/v2\/product\/1878","targetHints":{"allow":["GET"]}}],"collection":[{"href":"https:\/\/hairme.pl\/sklep\/wp-json\/wp\/v2\/product"}],"about":[{"href":"https:\/\/hairme.pl\/sklep\/wp-json\/wp\/v2\/types\/product"}],"replies":[{"embeddable":true,"href":"https:\/\/hairme.pl\/sklep\/wp-json\/wp\/v2\/comments?post=1878"}],"wp:featuredmedia":[{"embeddable":true,"href":"https:\/\/hairme.pl\/sklep\/wp-json\/wp\/v2\/media\/1888"}],"wp:attachment":[{"href":"https:\/\/hairme.pl\/sklep\/wp-json\/wp\/v2\/media?parent=1878"}],"wp:term":[{"taxonomy":"product_brand","embeddable":true,"href":"https:\/\/hairme.pl\/sklep\/wp-json\/wp\/v2\/product_brand?post=1878"},{"taxonomy":"product_cat","embeddable":true,"href":"https:\/\/hairme.pl\/sklep\/wp-json\/wp\/v2\/product_cat?post=1878"},{"taxonomy":"product_tag","embeddable":true,"href":"https:\/\/hairme.pl\/sklep\/wp-json\/wp\/v2\/product_tag?post=1878"}],"curies":[{"name":"wp","href":"https:\/\/api.w.org\/{rel}","templated":true}]}}