{"id":1881,"date":"2020-02-13T13:47:50","date_gmt":"2020-02-13T10:47:50","guid":{"rendered":"http:\/\/hairme.pl\/sklep\/?post_type=product&#038;p=1881"},"modified":"2025-07-16T20:04:41","modified_gmt":"2025-07-16T17:04:41","slug":"plyn-do-usuwania-przedluzen-weft-release-118ml-krople","status":"publish","type":"product","link":"https:\/\/hairme.pl\/sklep\/product\/plyn-do-usuwania-przedluzen-weft-release-118ml-krople\/","title":{"rendered":"Krople do usuwania przed\u0142u\u017ce\u0144 Walker Tape Weft Release 118ml"},"content":{"rendered":"<p>P\u0142yn do usuwania pozosta\u0142o\u015bci po zdj\u0119ciu przed\u0142u\u017ce\u0144 znanej ameryka\u0144skiej firmy Walker Tape. P\u0142yn w kroplach Weft Release to rozwi\u0105zanie <strong>na bazie oleju<\/strong> do szybkiego usuwania wszelkich pozosta\u0142o\u015bci, kt\u00f3re mog\u0105 mie\u0107 negatywny wp\u0142yw na za\u0142o\u017cenie nowych przed\u0142u\u017ce\u0144 w\u0142os\u00f3w opartych na ta\u015bmach i klejach. \u0141adnie oczyszcza pasma tape on i jest <strong>bezpieczny dla sk\u00f3ry<\/strong>. Ma od\u015bwie\u017caj\u0105cy zapach, <strong>\u0142atwo si\u0119 zmywa<\/strong> wod\u0105 z myd\u0142em.<\/p>\n<p>Po aplikacji w wybrane miejsce trzeba odczeka\u0107 60 sekund, a nast\u0119pnie odkleja\u0107 po\u0142\u0105czenie. W razie potrzeby mo\u017cna doda\u0107 troch\u0119 p\u0142ynu ponownie. Wygodna forma kropli pozwala u\u017cy\u0107 tyle produktu, ile potrzeba. Po u\u017cyciu obszar sk\u00f3ry nale\u017cy umy\u0107 wod\u0105 z myd\u0142em.<\/p>\n","protected":false},"excerpt":{"rendered":"<p>Buteleczka 118ml p\u0142ynu do usuwania przed\u0142u\u017ce\u0144 Walker Tape Weft Release w kroplach.<\/p>\n","protected":false},"featured_media":4506,"comment_status":"open","ping_status":"closed","template":"","meta":{"_seopress_robots_primary_cat":"none","_seopress_titles_title":"","_seopress_titles_desc":"","_seopress_robots_index":"","om_disable_all_campaigns":false,"_monsterinsights_skip_tracking":false,"_monsterinsights_sitenote_active":false,"_monsterinsights_sitenote_note":"","_monsterinsights_sitenote_category":0},"product_brand":[],"product_cat":[109,116,117],"product_tag":[295,297,299,301,222,294,224,296,284,298,293,300,223],"class_list":{"0":"post-1881","1":"product","2":"type-product","3":"status-publish","4":"has-post-thumbnail","6":"product_cat-akcesoria","7":"product_cat-akcesoria-usuwanie","8":"product_cat-usuwanie-kosmetyki","9":"product_tag-krople-do-usuwania-przedluzen","10":"product_tag-krople-do-zdejmowania-pasemek","11":"product_tag-krople-walker-tape","12":"product_tag-krople-walker-tape-weft-release","13":"product_tag-plyn-do-usuwania-przedluzen","14":"product_tag-plyn-do-usuwania-przedluzen-w-kroplach","15":"product_tag-plyn-do-zdejmowania-pasemek","16":"product_tag-plyn-do-zdejmowania-pasemek-w-kroplach","17":"product_tag-plyn-walker-tape","18":"product_tag-plyn-walker-tape-w-kroplach","19":"product_tag-plyn-walker-tape-weft-release","20":"product_tag-plyn-walker-tape-weft-release-w-kroplach","21":"product_tag-usuwanie-przedluzen-wlosow","23":"first","24":"instock","25":"shipping-taxable","26":"purchasable","27":"product-type-simple"},"jetpack_sharing_enabled":true,"_links":{"self":[{"href":"https:\/\/hairme.pl\/sklep\/wp-json\/wp\/v2\/product\/1881","targetHints":{"allow":["GET"]}}],"collection":[{"href":"https:\/\/hairme.pl\/sklep\/wp-json\/wp\/v2\/product"}],"about":[{"href":"https:\/\/hairme.pl\/sklep\/wp-json\/wp\/v2\/types\/product"}],"replies":[{"embeddable":true,"href":"https:\/\/hairme.pl\/sklep\/wp-json\/wp\/v2\/comments?post=1881"}],"wp:featuredmedia":[{"embeddable":true,"href":"https:\/\/hairme.pl\/sklep\/wp-json\/wp\/v2\/media\/4506"}],"wp:attachment":[{"href":"https:\/\/hairme.pl\/sklep\/wp-json\/wp\/v2\/media?parent=1881"}],"wp:term":[{"taxonomy":"product_brand","embeddable":true,"href":"https:\/\/hairme.pl\/sklep\/wp-json\/wp\/v2\/product_brand?post=1881"},{"taxonomy":"product_cat","embeddable":true,"href":"https:\/\/hairme.pl\/sklep\/wp-json\/wp\/v2\/product_cat?post=1881"},{"taxonomy":"product_tag","embeddable":true,"href":"https:\/\/hairme.pl\/sklep\/wp-json\/wp\/v2\/product_tag?post=1881"}],"curies":[{"name":"wp","href":"https:\/\/api.w.org\/{rel}","templated":true}]}}