{"id":2646,"date":"2020-09-29T15:34:23","date_gmt":"2020-09-29T12:34:23","guid":{"rendered":"http:\/\/hairme.pl\/sklep\/?post_type=product&#038;p=2646"},"modified":"2023-11-21T17:35:17","modified_gmt":"2023-11-21T14:35:17","slug":"clip-me-50cm-125g-kolor-6","status":"publish","type":"product","link":"https:\/\/hairme.pl\/sklep\/product\/clip-me-50cm-125g-kolor-6\/","title":{"rendered":"Clip Me 50cm 125g, kolor #6"},"content":{"rendered":"<p>Naturalne w\u0142osy europejskie w&nbsp;kolorze&nbsp;6, o&nbsp;d\u0142ugo\u015bci&nbsp;50cm i&nbsp;wadze&nbsp;125g. Umo\u017cliwiaj\u0105 <strong>przed\u0142u\u017canie w\u0142os\u00f3w metod\u0105 clip-in<\/strong>.<br \/>\n<br \/>Metoda ta <strong>jest bezinwazyjna i&nbsp;nie obci\u0105\u017ca w\u0142os\u00f3w<\/strong>, bo nie wymaga ciep\u0142a i&nbsp;nie zak\u0142ada si\u0119 pasemek na d\u0142ugi czas. Dzi\u0119ki temu nie s\u0105 konieczne zabiegi poprawiania czy podci\u0105gania doczep\u00f3w &#8211; zak\u0142adasz je wtedy, kiedy potrzebujesz.<\/p>\n<p>Clip-in polega na dopinaniu pasemek ze specjalnymi niewielkimi spineczkami: po za\u0142o\u017ceniu nie wida\u0107 ich, a&nbsp;mog\u0105 by\u0107 wpinane samodzielnie w&nbsp;domowych warunkach. Wystarczy zamocowa\u0107 dost\u0119pne pasma we w\u0142asne w\u0142osy, dzi\u0119ki czemu ca\u0142a fryzura wygl\u0105da lepiej, bo staje si\u0119 g\u0119stsza i&nbsp;w\u0142osy pi\u0119knie si\u0119 prezentuj\u0105.<\/p>\n<p>Ca\u0142kowite bezpiecze\u0144stwo i&nbsp;polepszenie wygl\u0105du fryzury to podw\u00f3jny efekt, gdy zosta\u0142o wykonane <strong>zag\u0119szczanie w\u0142os\u00f3w metod\u0105 clip-in<\/strong>.<\/p>\n","protected":false},"excerpt":{"rendered":"<p>Pasma w\u0142os\u00f3w naturalnych: przed\u0142u\u017canie clip-in<\/p>\n<p>Typ w\u0142osa: w\u0142os naturalny europejski<\/p>\n<p>D\u0142ugo\u015b\u0107: 50cm<\/p>\n<p>Waga: 125g, 10 pasm na spineczkach (2x 4s, 2x 3s, 2x 2s, 4x 1s)<\/p>\n<p>Kolor: 6<\/p>\n","protected":false},"featured_media":4305,"comment_status":"open","ping_status":"closed","template":"","meta":{"_seopress_robots_primary_cat":"none","_seopress_titles_title":"","_seopress_titles_desc":"","_seopress_robots_index":"","om_disable_all_campaigns":false,"_monsterinsights_skip_tracking":false,"_monsterinsights_sitenote_active":false,"_monsterinsights_sitenote_note":"","_monsterinsights_sitenote_category":0},"product_brand":[],"product_cat":[15,101,104],"product_tag":[],"class_list":{"0":"post-2646","1":"product","2":"type-product","3":"status-publish","4":"has-post-thumbnail","6":"product_cat-gotowe-pasma-do-przedluzania","7":"product_cat-clip-in","8":"product_cat-clip-in-premium","10":"first","11":"instock","12":"shipping-taxable","13":"purchasable","14":"product-type-simple"},"jetpack_sharing_enabled":true,"_links":{"self":[{"href":"https:\/\/hairme.pl\/sklep\/wp-json\/wp\/v2\/product\/2646","targetHints":{"allow":["GET"]}}],"collection":[{"href":"https:\/\/hairme.pl\/sklep\/wp-json\/wp\/v2\/product"}],"about":[{"href":"https:\/\/hairme.pl\/sklep\/wp-json\/wp\/v2\/types\/product"}],"replies":[{"embeddable":true,"href":"https:\/\/hairme.pl\/sklep\/wp-json\/wp\/v2\/comments?post=2646"}],"wp:featuredmedia":[{"embeddable":true,"href":"https:\/\/hairme.pl\/sklep\/wp-json\/wp\/v2\/media\/4305"}],"wp:attachment":[{"href":"https:\/\/hairme.pl\/sklep\/wp-json\/wp\/v2\/media?parent=2646"}],"wp:term":[{"taxonomy":"product_brand","embeddable":true,"href":"https:\/\/hairme.pl\/sklep\/wp-json\/wp\/v2\/product_brand?post=2646"},{"taxonomy":"product_cat","embeddable":true,"href":"https:\/\/hairme.pl\/sklep\/wp-json\/wp\/v2\/product_cat?post=2646"},{"taxonomy":"product_tag","embeddable":true,"href":"https:\/\/hairme.pl\/sklep\/wp-json\/wp\/v2\/product_tag?post=2646"}],"curies":[{"name":"wp","href":"https:\/\/api.w.org\/{rel}","templated":true}]}}