{"id":2727,"date":"2020-10-05T11:13:57","date_gmt":"2020-10-05T08:13:57","guid":{"rendered":"http:\/\/hairme.pl\/sklep\/?post_type=product&#038;p=2727"},"modified":"2023-11-21T17:49:16","modified_gmt":"2023-11-21T14:49:16","slug":"flip-me-40cm-70g-kolor-caramelized","status":"publish","type":"product","link":"https:\/\/hairme.pl\/sklep\/product\/flip-me-40cm-70g-kolor-caramelized\/","title":{"rendered":"Flip Me 40cm 70g, kolor #Caramelized"},"content":{"rendered":"<p>Naturalne w\u0142osy europejskie premium w&nbsp;kolorze&nbsp;Caramelized, o&nbsp;d\u0142ugo\u015bci 40cm i&nbsp;wadze&nbsp;70g. Umo\u017cliwiaj\u0105 <strong>przed\u0142u\u017canie w\u0142os\u00f3w metod\u0105 z&nbsp;\u0142usk\u0105 keratynow\u0105<\/strong>.<br \/>\nPasemka mocuje si\u0119 za pomoc\u0105 zgrzewarki &#8211; jej ko\u0144c\u00f3wki zmi\u0119kczaj\u0105 keratyn\u0119 do konsystencji umo\u017cliwiaj\u0105cej po\u0142\u0105czenie pasma z&nbsp;w\u0142asnymi w\u0142osami na sta\u0142e. Uzyskany efekt jest bardzo naturalny i&nbsp;nie wymaga dodatkowych element\u00f3w z&nbsp;metalu czy plastiku. \u0141uski w&nbsp;pasmach s\u0105 lekkie i&nbsp;niewidoczne, gdy zosta\u0142o wykonane <strong>keratynowe przed\u0142u\u017canie w\u0142os\u00f3w<\/strong>.<br \/>\nMetoda na <strong>\u0142uski keratynowe<\/strong> to kilka tygodni noszenia przed\u0142u\u017ce\u0144 przed konieczno\u015bci\u0105 ich zdj\u0119cia i&nbsp;nowego zabiegu.<\/p>\n","protected":false},"excerpt":{"rendered":"<p>Pasma w\u0142os\u00f3w naturalnych: przed\u0142u\u017canie metod\u0105 z&nbsp;\u0142usk\u0105 keratynow\u0105<\/p>\n<p>Typ w\u0142osa: w\u0142os naturalny europejski premium &#8211; z&nbsp;zachowan\u0105 \u0142usk\u0105 w\u0142osa<\/p>\n<p>D\u0142ugo\u015b\u0107: 40cm<\/p>\n<p>Waga: 70g, 2x 50 ko\u0144c\u00f3wek<\/p>\n<p>Kolor: Caramelized<\/p>\n","protected":false},"featured_media":2979,"comment_status":"open","ping_status":"closed","template":"","meta":{"_seopress_robots_primary_cat":"none","_seopress_titles_title":"","_seopress_titles_desc":"","_seopress_robots_index":"","om_disable_all_campaigns":false,"_monsterinsights_skip_tracking":false,"_monsterinsights_sitenote_active":false,"_monsterinsights_sitenote_note":"","_monsterinsights_sitenote_category":0},"product_brand":[],"product_cat":[15,97,100],"product_tag":[],"class_list":{"0":"post-2727","1":"product","2":"type-product","3":"status-publish","4":"has-post-thumbnail","6":"product_cat-gotowe-pasma-do-przedluzania","7":"product_cat-keratin-flat-tip","8":"product_cat-keratin-flat-tip-premium","10":"first","11":"instock","12":"shipping-taxable","13":"purchasable","14":"product-type-simple"},"jetpack_sharing_enabled":true,"_links":{"self":[{"href":"https:\/\/hairme.pl\/sklep\/wp-json\/wp\/v2\/product\/2727","targetHints":{"allow":["GET"]}}],"collection":[{"href":"https:\/\/hairme.pl\/sklep\/wp-json\/wp\/v2\/product"}],"about":[{"href":"https:\/\/hairme.pl\/sklep\/wp-json\/wp\/v2\/types\/product"}],"replies":[{"embeddable":true,"href":"https:\/\/hairme.pl\/sklep\/wp-json\/wp\/v2\/comments?post=2727"}],"wp:featuredmedia":[{"embeddable":true,"href":"https:\/\/hairme.pl\/sklep\/wp-json\/wp\/v2\/media\/2979"}],"wp:attachment":[{"href":"https:\/\/hairme.pl\/sklep\/wp-json\/wp\/v2\/media?parent=2727"}],"wp:term":[{"taxonomy":"product_brand","embeddable":true,"href":"https:\/\/hairme.pl\/sklep\/wp-json\/wp\/v2\/product_brand?post=2727"},{"taxonomy":"product_cat","embeddable":true,"href":"https:\/\/hairme.pl\/sklep\/wp-json\/wp\/v2\/product_cat?post=2727"},{"taxonomy":"product_tag","embeddable":true,"href":"https:\/\/hairme.pl\/sklep\/wp-json\/wp\/v2\/product_tag?post=2727"}],"curies":[{"name":"wp","href":"https:\/\/api.w.org\/{rel}","templated":true}]}}