{"id":2788,"date":"2020-10-05T12:32:44","date_gmt":"2020-10-05T09:32:44","guid":{"rendered":"http:\/\/hairme.pl\/sklep\/?post_type=product&#038;p=2788"},"modified":"2023-09-14T11:42:55","modified_gmt":"2023-09-14T08:42:55","slug":"keri-me-60cm-70g-kolor-caramelized","status":"publish","type":"product","link":"https:\/\/hairme.pl\/sklep\/product\/keri-me-60cm-70g-kolor-caramelized\/","title":{"rendered":"Keri Me 60cm 70g, kolor #Caramelized"},"content":{"rendered":"<p>Naturalne w\u0142osy europejskie premium w kolorze Caramelized, o d\u0142ugo\u015bci 60cm i wadze 70g. Umo\u017cliwiaj\u0105 <strong>przed\u0142u\u017canie w\u0142os\u00f3w metod\u0105 keratynow\u0105<\/strong> z\u00a0ko\u0144c\u00f3wk\u0105\u00a0i-tip.<br \/>\n<strong>Metoda keratynowa i-tip<\/strong> to kilka tygodni noszenia przed\u0142u\u017ce\u0144 przed konieczno\u015bci\u0105 ich zdj\u0119cia i\u00a0nowego zabiegu.<br \/>\n\u0141uski w\u00a0pasmach i-tip s\u0105 lekkie i\u00a0niewidoczne, gdy zosta\u0142o wykonane <strong>keratynowe przed\u0142u\u017canie w\u0142os\u00f3w i-tip<\/strong>.<\/p>\n","protected":false},"excerpt":{"rendered":"<p>Pasma w\u0142os\u00f3w naturalnych: przed\u0142u\u017canie i-tip<\/p>\n<p>Typ w\u0142osa: w\u0142os naturalny europejski premium \u2013 z zachowan\u0105 \u0142usk\u0105 w\u0142osa<\/p>\n<p>D\u0142ugo\u015b\u0107: 60cm<\/p>\n<p>Waga: 70g, 2x 50 ko\u0144c\u00f3wek<\/p>\n<p>Kolor: Caramelized<\/p>\n","protected":false},"featured_media":4470,"comment_status":"open","ping_status":"closed","template":"","meta":{"_seopress_robots_primary_cat":"none","_seopress_titles_title":"","_seopress_titles_desc":"","_seopress_robots_index":"","om_disable_all_campaigns":false,"_monsterinsights_skip_tracking":false,"_monsterinsights_sitenote_active":false,"_monsterinsights_sitenote_note":"","_monsterinsights_sitenote_category":0},"product_brand":[],"product_cat":[15,93,96],"product_tag":[],"class_list":{"0":"post-2788","1":"product","2":"type-product","3":"status-publish","4":"has-post-thumbnail","6":"product_cat-gotowe-pasma-do-przedluzania","7":"product_cat-keratin-i-tip","8":"product_cat-keratin-i-tip-premium","10":"first","11":"instock","12":"shipping-taxable","13":"purchasable","14":"product-type-simple"},"jetpack_sharing_enabled":true,"_links":{"self":[{"href":"https:\/\/hairme.pl\/sklep\/wp-json\/wp\/v2\/product\/2788","targetHints":{"allow":["GET"]}}],"collection":[{"href":"https:\/\/hairme.pl\/sklep\/wp-json\/wp\/v2\/product"}],"about":[{"href":"https:\/\/hairme.pl\/sklep\/wp-json\/wp\/v2\/types\/product"}],"replies":[{"embeddable":true,"href":"https:\/\/hairme.pl\/sklep\/wp-json\/wp\/v2\/comments?post=2788"}],"wp:featuredmedia":[{"embeddable":true,"href":"https:\/\/hairme.pl\/sklep\/wp-json\/wp\/v2\/media\/4470"}],"wp:attachment":[{"href":"https:\/\/hairme.pl\/sklep\/wp-json\/wp\/v2\/media?parent=2788"}],"wp:term":[{"taxonomy":"product_brand","embeddable":true,"href":"https:\/\/hairme.pl\/sklep\/wp-json\/wp\/v2\/product_brand?post=2788"},{"taxonomy":"product_cat","embeddable":true,"href":"https:\/\/hairme.pl\/sklep\/wp-json\/wp\/v2\/product_cat?post=2788"},{"taxonomy":"product_tag","embeddable":true,"href":"https:\/\/hairme.pl\/sklep\/wp-json\/wp\/v2\/product_tag?post=2788"}],"curies":[{"name":"wp","href":"https:\/\/api.w.org\/{rel}","templated":true}]}}