{"id":2821,"date":"2020-10-05T13:16:02","date_gmt":"2020-10-05T10:16:02","guid":{"rendered":"http:\/\/hairme.pl\/sklep\/?post_type=product&#038;p=2821"},"modified":"2023-11-22T11:29:13","modified_gmt":"2023-11-22T08:29:13","slug":"micro-me-50cm-70g-kolor-silver","status":"publish","type":"product","link":"https:\/\/hairme.pl\/sklep\/product\/micro-me-50cm-70g-kolor-silver\/","title":{"rendered":"Micro Me 50cm 70g, kolor #Silver"},"content":{"rendered":"<p>Naturalne w\u0142osy europejskie premium w kolorze Silver, o d\u0142ugo\u015bci 50cm i wadze 70g. Umo\u017cliwiaj\u0105 <strong>przed\u0142u\u017canie w\u0142os\u00f3w metod\u0105 microring<\/strong>, czyli mikroringow\u0105.<br \/>\nMetoda na <strong>mikroringi<\/strong> to kilka tygodni noszenia przed\u0142u\u017ce\u0144 przed konieczno\u015bci\u0105 podci\u0105gni\u0119cia.<br \/>\nP\u0119telki w\u00a0pasmach microringowych s\u0105 delikatne i\u00a0prawie niewyczuwalne, a\u00a0umo\u017cliwiaj\u0105 wielokrotne podnoszenie za\u0142o\u017conych doczepek lub zupe\u0142ne ich zdj\u0119cie, je\u015bli zajdzie taka potrzeba. W\u00a0ostateczno\u015bci znacz\u0105co podnosi to \u017cywotno\u015b\u0107 fryzury, gdy zosta\u0142o wykonane <strong>zag\u0119szczanie w\u0142os\u00f3w metod\u0105 microringow\u0105<\/strong>.<\/p>\n","protected":false},"excerpt":{"rendered":"<p>Pasma w\u0142os\u00f3w naturalnych: przed\u0142u\u017canie mikroringowe<\/p>\n<p>Typ w\u0142osa: w\u0142os naturalny europejski premium &#8211; z zachowan\u0105 \u0142usk\u0105 w\u0142osa<\/p>\n<p>D\u0142ugo\u015b\u0107: 50cm<\/p>\n<p>Waga: 70g, 2x 50 ring\u00f3w<\/p>\n<p>Kolor: Silver<\/p>\n","protected":false},"featured_media":4482,"comment_status":"open","ping_status":"closed","template":"","meta":{"_seopress_robots_primary_cat":"none","_seopress_titles_title":"","_seopress_titles_desc":"","_seopress_robots_index":"","om_disable_all_campaigns":false,"_monsterinsights_skip_tracking":false,"_monsterinsights_sitenote_active":false,"_monsterinsights_sitenote_note":"","_monsterinsights_sitenote_category":0},"product_brand":[],"product_cat":[15,157,161],"product_tag":[],"class_list":{"0":"post-2821","1":"product","2":"type-product","3":"status-publish","4":"has-post-thumbnail","6":"product_cat-gotowe-pasma-do-przedluzania","7":"product_cat-mikroringi","8":"product_cat-micro-ring-premium","10":"first","11":"instock","12":"shipping-taxable","13":"purchasable","14":"product-type-simple"},"jetpack_sharing_enabled":true,"_links":{"self":[{"href":"https:\/\/hairme.pl\/sklep\/wp-json\/wp\/v2\/product\/2821","targetHints":{"allow":["GET"]}}],"collection":[{"href":"https:\/\/hairme.pl\/sklep\/wp-json\/wp\/v2\/product"}],"about":[{"href":"https:\/\/hairme.pl\/sklep\/wp-json\/wp\/v2\/types\/product"}],"replies":[{"embeddable":true,"href":"https:\/\/hairme.pl\/sklep\/wp-json\/wp\/v2\/comments?post=2821"}],"wp:featuredmedia":[{"embeddable":true,"href":"https:\/\/hairme.pl\/sklep\/wp-json\/wp\/v2\/media\/4482"}],"wp:attachment":[{"href":"https:\/\/hairme.pl\/sklep\/wp-json\/wp\/v2\/media?parent=2821"}],"wp:term":[{"taxonomy":"product_brand","embeddable":true,"href":"https:\/\/hairme.pl\/sklep\/wp-json\/wp\/v2\/product_brand?post=2821"},{"taxonomy":"product_cat","embeddable":true,"href":"https:\/\/hairme.pl\/sklep\/wp-json\/wp\/v2\/product_cat?post=2821"},{"taxonomy":"product_tag","embeddable":true,"href":"https:\/\/hairme.pl\/sklep\/wp-json\/wp\/v2\/product_tag?post=2821"}],"curies":[{"name":"wp","href":"https:\/\/api.w.org\/{rel}","templated":true}]}}