{"id":3053,"date":"2020-11-04T14:46:01","date_gmt":"2020-11-04T11:46:01","guid":{"rendered":"https:\/\/hairme.pl\/sklep\/?post_type=product&#038;p=3053"},"modified":"2023-05-09T13:55:49","modified_gmt":"2023-05-09T10:55:49","slug":"mikroringi-metalowe-100-sztuk-tulejki-miedziane-do-przedluzania-wlosow-kolor-13","status":"publish","type":"product","link":"https:\/\/hairme.pl\/sklep\/product\/mikroringi-metalowe-100-sztuk-tulejki-miedziane-do-przedluzania-wlosow-kolor-13\/","title":{"rendered":"Mikroringi metalowe 100 sztuk, tulejki miedziane do przed\u0142u\u017cania w\u0142os\u00f3w, kolor #13 (Blonde \u2013 Blond)"},"content":{"rendered":"<p>Mikroringi (tulejki) do przed\u0142u\u017cania i\/lub zag\u0119szczania w\u0142os\u00f3w sposobem &#8222;na dwa&#8221; (metoda ksi\u0105\u017ceczkowa). Zapewniaj\u0105 <strong>trwa\u0142e mocowanie<\/strong> pasemek, s\u0105 ma\u0142e i zupe\u0142nie <strong>nie przeszkadzaj\u0105<\/strong> w codziennych czynno\u015bciach.<br \/>\nTulejki s\u0105 wykonane z mi\u0119kkiej miedzi, dzi\u0119ki kt\u00f3rej s\u0105 <strong>\u0142atwe w zaciskaniu<\/strong>. Nie gniot\u0105 sk\u00f3ry, nie \u0142ami\u0105 w\u0142os\u00f3w i nie zsuwaj\u0105 si\u0119 samodzielnie.<\/p>\n<p>Metoda przed\u0142u\u017cania w\u0142os\u00f3w na ringi jedn\u0105 z bezpieczniejszych dla w\u0142os\u00f3w, poniewa\u017c nie wymaga zastosowania ciep\u0142a ani dodatkowych substancji sklejaj\u0105cych. Jest to metoda mechaniczna, polegaj\u0105ca na zaciskaniu specjalnych ring\u00f3w na poszczeg\u00f3lnych pasemkach w\u0142os\u00f3w. Dzi\u0119ki dobrze dobranemu kolorowi s\u0105 one niemal\u017ce zupe\u0142nie niewidoczne na g\u0142owie u\u017cytkowniczki. W zale\u017cno\u015bci od rodzaju i rozmiaru, prawie niewyczuwalne ringi mo\u017cna nosi\u0107 na w\u0142osach przez kilka tygodni.<\/p>\n","protected":false},"excerpt":{"rendered":"<p>100 sztuk mikroring\u00f3w metalowych (mied\u017a) z jednym szerszym rantem.<br \/>\nKolor nr 13 &#8211; Blonde \/ Blond<\/p>\n","protected":false},"featured_media":2015,"comment_status":"open","ping_status":"closed","template":"","meta":{"_seopress_robots_primary_cat":"","_seopress_titles_title":"","_seopress_titles_desc":"","_seopress_robots_index":"","om_disable_all_campaigns":false,"_monsterinsights_skip_tracking":false,"_monsterinsights_sitenote_active":false,"_monsterinsights_sitenote_note":"","_monsterinsights_sitenote_category":0},"product_brand":[],"product_cat":[109,113,110,112],"product_tag":[304,207,305,206,210,208,209],"class_list":{"0":"post-3053","1":"product","2":"type-product","3":"status-publish","4":"has-post-thumbnail","6":"product_cat-akcesoria","7":"product_cat-tulejki-mikroringi","8":"product_cat-akcesoria-mocowanie","9":"product_cat-mocowanie-tulejki","10":"product_tag-microringi-do-przedluzania-wlosow","11":"product_tag-microringi-metalowe","12":"product_tag-mikroringi-do-przedluzania-wlosow","13":"product_tag-mikroringi-metalowe","14":"product_tag-tulejki-do-przedluzania-wlosow","15":"product_tag-tulejki-microring","16":"product_tag-tulejki-mikroring","18":"first","19":"instock","20":"shipping-taxable","21":"purchasable","22":"product-type-simple"},"jetpack_sharing_enabled":true,"_links":{"self":[{"href":"https:\/\/hairme.pl\/sklep\/wp-json\/wp\/v2\/product\/3053","targetHints":{"allow":["GET"]}}],"collection":[{"href":"https:\/\/hairme.pl\/sklep\/wp-json\/wp\/v2\/product"}],"about":[{"href":"https:\/\/hairme.pl\/sklep\/wp-json\/wp\/v2\/types\/product"}],"replies":[{"embeddable":true,"href":"https:\/\/hairme.pl\/sklep\/wp-json\/wp\/v2\/comments?post=3053"}],"wp:featuredmedia":[{"embeddable":true,"href":"https:\/\/hairme.pl\/sklep\/wp-json\/wp\/v2\/media\/2015"}],"wp:attachment":[{"href":"https:\/\/hairme.pl\/sklep\/wp-json\/wp\/v2\/media?parent=3053"}],"wp:term":[{"taxonomy":"product_brand","embeddable":true,"href":"https:\/\/hairme.pl\/sklep\/wp-json\/wp\/v2\/product_brand?post=3053"},{"taxonomy":"product_cat","embeddable":true,"href":"https:\/\/hairme.pl\/sklep\/wp-json\/wp\/v2\/product_cat?post=3053"},{"taxonomy":"product_tag","embeddable":true,"href":"https:\/\/hairme.pl\/sklep\/wp-json\/wp\/v2\/product_tag?post=3053"}],"curies":[{"name":"wp","href":"https:\/\/api.w.org\/{rel}","templated":true}]}}