{"id":3061,"date":"2020-11-04T14:47:13","date_gmt":"2020-11-04T11:47:13","guid":{"rendered":"https:\/\/hairme.pl\/sklep\/?post_type=product&#038;p=3061"},"modified":"2023-04-17T13:31:41","modified_gmt":"2023-04-17T10:31:41","slug":"mikroringi-z-silikonem-100-sztuk-kolor-15","status":"publish","type":"product","link":"https:\/\/hairme.pl\/sklep\/product\/mikroringi-z-silikonem-100-sztuk-kolor-15\/","title":{"rendered":"Mikroringi z silikonem 100 sztuk, kolor #15 (Burgund)"},"content":{"rendered":"<p>Mikroringi do przed\u0142u\u017cania i\/lub zag\u0119szczania w\u0142os\u00f3w. Zapewniaj\u0105 <strong>trwa\u0142e mocowanie<\/strong> pasemek, s\u0105 niewielkie i zupe\u0142nie <strong>nie przeszkadzaj\u0105<\/strong> w codziennym u\u017cytkowaniu.<br \/>\nMikroringi posiadaj\u0105 od wewn\u0105trz gwint silikonowy, a wykonane s\u0105 z elastycznego tworzywa, dzi\u0119ki kt\u00f3remu s\u0105 <strong>\u0142atwe w zaciskaniu<\/strong>. Nie \u0142ami\u0105 w\u0142os\u00f3w, nie gniot\u0105 sk\u00f3ry i nie zsuwaj\u0105 si\u0119 samodzielnie.<\/p>\n<p>Metoda przed\u0142u\u017cania w\u0142os\u00f3w na ringi jedn\u0105 z bezpieczniejszych dla w\u0142os\u00f3w, poniewa\u017c nie wymaga zastosowania ciep\u0142a ani dodatkowych substancji sklejaj\u0105cych. Jest to metoda mechaniczna, polegaj\u0105ca na zaciskaniu specjalnych ring\u00f3w na poszczeg\u00f3lnych pasemkach w\u0142os\u00f3w. Dzi\u0119ki dobrze dobranemu kolorowi s\u0105 one niemal\u017ce zupe\u0142nie niewidoczne na g\u0142owie u\u017cytkowniczki. W zale\u017cno\u015bci od rodzaju i rozmiaru, prawie niewyczuwalne ringi mo\u017cna nosi\u0107 na w\u0142osach przez kilka tygodni.<\/p>\n","protected":false},"excerpt":{"rendered":"<p>100 sztuk mikroring\u00f3w z silikonowym gwintem.<br \/>Kolor nr 15 &#8211; Burgund \/ Burgundowy<\/p>\n","protected":false},"featured_media":2023,"comment_status":"open","ping_status":"closed","template":"","meta":{"_seopress_robots_primary_cat":"","_seopress_titles_title":"","_seopress_titles_desc":"","_seopress_robots_index":"","om_disable_all_campaigns":false,"_monsterinsights_skip_tracking":false,"_monsterinsights_sitenote_active":false,"_monsterinsights_sitenote_note":"","_monsterinsights_sitenote_category":0},"product_brand":[],"product_cat":[109,113,110,112],"product_tag":[304,212,305,211,369,368,210,208,209],"class_list":{"0":"post-3061","1":"product","2":"type-product","3":"status-publish","4":"has-post-thumbnail","6":"product_cat-akcesoria","7":"product_cat-tulejki-mikroringi","8":"product_cat-akcesoria-mocowanie","9":"product_cat-mocowanie-tulejki","10":"product_tag-microringi-do-przedluzania-wlosow","11":"product_tag-microringi-silikonowe","12":"product_tag-mikroringi-do-przedluzania-wlosow","13":"product_tag-mikroringi-silikonowe","14":"product_tag-mikroringi-wlosy","15":"product_tag-mikroringi-z-silikonem","16":"product_tag-tulejki-do-przedluzania-wlosow","17":"product_tag-tulejki-microring","18":"product_tag-tulejki-mikroring","20":"first","21":"instock","22":"shipping-taxable","23":"purchasable","24":"product-type-simple"},"jetpack_sharing_enabled":true,"_links":{"self":[{"href":"https:\/\/hairme.pl\/sklep\/wp-json\/wp\/v2\/product\/3061","targetHints":{"allow":["GET"]}}],"collection":[{"href":"https:\/\/hairme.pl\/sklep\/wp-json\/wp\/v2\/product"}],"about":[{"href":"https:\/\/hairme.pl\/sklep\/wp-json\/wp\/v2\/types\/product"}],"replies":[{"embeddable":true,"href":"https:\/\/hairme.pl\/sklep\/wp-json\/wp\/v2\/comments?post=3061"}],"wp:featuredmedia":[{"embeddable":true,"href":"https:\/\/hairme.pl\/sklep\/wp-json\/wp\/v2\/media\/2023"}],"wp:attachment":[{"href":"https:\/\/hairme.pl\/sklep\/wp-json\/wp\/v2\/media?parent=3061"}],"wp:term":[{"taxonomy":"product_brand","embeddable":true,"href":"https:\/\/hairme.pl\/sklep\/wp-json\/wp\/v2\/product_brand?post=3061"},{"taxonomy":"product_cat","embeddable":true,"href":"https:\/\/hairme.pl\/sklep\/wp-json\/wp\/v2\/product_cat?post=3061"},{"taxonomy":"product_tag","embeddable":true,"href":"https:\/\/hairme.pl\/sklep\/wp-json\/wp\/v2\/product_tag?post=3061"}],"curies":[{"name":"wp","href":"https:\/\/api.w.org\/{rel}","templated":true}]}}