{"id":3254,"date":"2021-04-12T13:25:39","date_gmt":"2021-04-12T10:25:39","guid":{"rendered":"https:\/\/hairme.pl\/sklep\/?post_type=product&#038;p=3254"},"modified":"2023-09-16T10:01:39","modified_gmt":"2023-09-16T07:01:39","slug":"lux-flip-me-40cm-70g-kolor-6-8-10","status":"publish","type":"product","link":"https:\/\/hairme.pl\/sklep\/product\/lux-flip-me-40cm-70g-kolor-6-8-10\/","title":{"rendered":"Lux Flip Me 40cm 70g, kolor #6\/8\/10"},"content":{"rendered":"<p>Naturalne s\u0142owia\u0144skie w\u0142osy dziewicze w\u00a0kolorze 6\/8\/10, o\u00a0d\u0142ugo\u015bci 40cm i\u00a0wadze\u00a070g. Dzi\u0119ki nim mo\u017cliwe jest <strong>przed\u0142u\u017canie w\u0142os\u00f3w metod\u0105 z\u00a0\u0142usk\u0105 keratynow\u0105<\/strong>, kt\u00f3ra pozwala na kilka tygodni noszenia przed\u0142u\u017ce\u0144 zanim zajdzie konieczno\u015b\u0107 ich usuni\u0119cia i\u00a0przeprowadzenia nowego zabiegu.<br \/>\n<strong>\u0141uski keratynowe<\/strong> w\u00a0pasmach s\u0105 lekkie i\u00a0pozostaj\u0105 niewidoczne po tym jak zosta\u0142o wykonane <strong>keratynowe przed\u0142u\u017canie w\u0142os\u00f3w<\/strong>.<\/p>\n<p>W\u0142osy Hair Me Lux to najwy\u017csza dost\u0119pna jako\u015b\u0107 pasm gotowych do przed\u0142u\u017cania: s\u0105 naturalne, s\u0142owia\u0144skiego pochodzenia, niemodyfikowane i niefarbowane (dziewicze), z zachowan\u0105 \u0142usk\u0105 w\u0142osa.<\/p>\n<p>Dzi\u0119ki wspania\u0142ej jako\u015bci, mo\u017cna si\u0119 nimi cieszy\u0107 a\u017c do 36 miesi\u0119cy, wielokrotnie przek\u0142adaj\u0105c i podci\u0105gaj\u0105c pasma.<br \/>\nNa w\u0142osy s\u0142owia\u0144skie Lux udzielamy 6 miesi\u0119cy gwarancji.<\/p>\n","protected":false},"excerpt":{"rendered":"<p>Pasma w\u0142os\u00f3w naturalnych: przed\u0142u\u017canie metod\u0105 z\u00a0\u0142usk\u0105 keratynow\u0105<\/p>\n<p>Typ w\u0142osa: dziewiczy w\u0142os naturalny s\u0142owia\u0144ski<\/p>\n<p>D\u0142ugo\u015b\u0107: 40cm<\/p>\n<p>Waga: 70g, 2x 50 ko\u0144c\u00f3wek<\/p>\n<p>Kolor: 6\/8\/10<\/p>\n","protected":false},"featured_media":3335,"comment_status":"open","ping_status":"closed","template":"","meta":{"_seopress_robots_primary_cat":"none","_seopress_titles_title":"","_seopress_titles_desc":"","_seopress_robots_index":"","om_disable_all_campaigns":false,"_monsterinsights_skip_tracking":false,"_monsterinsights_sitenote_active":false,"_monsterinsights_sitenote_note":"","_monsterinsights_sitenote_category":0},"product_brand":[],"product_cat":[15,97,98],"product_tag":[],"class_list":{"0":"post-3254","1":"product","2":"type-product","3":"status-publish","4":"has-post-thumbnail","6":"product_cat-gotowe-pasma-do-przedluzania","7":"product_cat-keratin-flat-tip","8":"product_cat-keratin-flat-tip-slowianskie-dziewicze","10":"first","11":"instock","12":"shipping-taxable","13":"purchasable","14":"product-type-simple"},"jetpack_sharing_enabled":true,"_links":{"self":[{"href":"https:\/\/hairme.pl\/sklep\/wp-json\/wp\/v2\/product\/3254","targetHints":{"allow":["GET"]}}],"collection":[{"href":"https:\/\/hairme.pl\/sklep\/wp-json\/wp\/v2\/product"}],"about":[{"href":"https:\/\/hairme.pl\/sklep\/wp-json\/wp\/v2\/types\/product"}],"replies":[{"embeddable":true,"href":"https:\/\/hairme.pl\/sklep\/wp-json\/wp\/v2\/comments?post=3254"}],"wp:featuredmedia":[{"embeddable":true,"href":"https:\/\/hairme.pl\/sklep\/wp-json\/wp\/v2\/media\/3335"}],"wp:attachment":[{"href":"https:\/\/hairme.pl\/sklep\/wp-json\/wp\/v2\/media?parent=3254"}],"wp:term":[{"taxonomy":"product_brand","embeddable":true,"href":"https:\/\/hairme.pl\/sklep\/wp-json\/wp\/v2\/product_brand?post=3254"},{"taxonomy":"product_cat","embeddable":true,"href":"https:\/\/hairme.pl\/sklep\/wp-json\/wp\/v2\/product_cat?post=3254"},{"taxonomy":"product_tag","embeddable":true,"href":"https:\/\/hairme.pl\/sklep\/wp-json\/wp\/v2\/product_tag?post=3254"}],"curies":[{"name":"wp","href":"https:\/\/api.w.org\/{rel}","templated":true}]}}