{"id":3323,"date":"2021-04-13T09:31:33","date_gmt":"2021-04-13T06:31:33","guid":{"rendered":"https:\/\/hairme.pl\/sklep\/?post_type=product&#038;p=3323"},"modified":"2025-10-17T16:07:41","modified_gmt":"2025-10-17T13:07:41","slug":"lux-tape-me-35cm-100g-kolor-8-10","status":"publish","type":"product","link":"https:\/\/hairme.pl\/sklep\/product\/lux-tape-me-35cm-100g-kolor-8-10\/","title":{"rendered":"Lux Tape Me 35cm 100g, kolor #8\/10"},"content":{"rendered":"<p>Naturalne s\u0142owia\u0144skie w\u0142osy dziewicze w\u00a0kolorze 8\/10, o\u00a0d\u0142ugo\u015bci 35cm i\u00a0wadze\u00a0100g. Dzi\u0119ki nim mo\u017cna przeprowadzi\u0107 <strong>przed\u0142u\u017canie w\u0142os\u00f3w metod\u0105 tape-on<\/strong>, czyli kanapkow\u0105.<br \/>\nMetoda na <strong>tzw.\u00a0kanapki<\/strong> zapewnia kilka tygodni noszenia przed\u0142u\u017ce\u0144 zanim zajdzie konieczno\u015b\u0107 podci\u0105gni\u0119cia ta\u015bm &#8211; a\u00a0same ta\u015bmy w\u00a0pasmach tape-ion mo\u017cna z\u00a0czasem wymienia\u0107. Podnosi to znacz\u0105co \u017cywotno\u015b\u0107 ca\u0142ej fryzury, kiedy zosta\u0142o wykonane <strong>zag\u0119szczanie w\u0142os\u00f3w metod\u0105 tape-in<\/strong>.<\/p>\n<p>W\u0142osy Hair Me Lux to najwy\u017csza dost\u0119pna jako\u015b\u0107 pasm gotowych do przed\u0142u\u017cania: s\u0105 naturalne, s\u0142owia\u0144skiego pochodzenia, niemodyfikowane i\u00a0niefarbowane (dziewicze), z\u00a0zachowan\u0105 \u0142usk\u0105.<\/p>\n<p>Dzi\u0119ki wspania\u0142ej jako\u015bci, mo\u017cna si\u0119 nimi cieszy\u0107 a\u017c do 36 miesi\u0119cy, wielokrotnie przek\u0142adaj\u0105c i podci\u0105gaj\u0105c pasma.<br \/>\nNa w\u0142osy s\u0142owia\u0144skie Lux udzielamy 6 miesi\u0119cy gwarancji.<\/p>\n","protected":false},"excerpt":{"rendered":"<p>Pasma w\u0142os\u00f3w naturalnych: przed\u0142u\u017canie tape-on<\/p>\n<p>Typ w\u0142osa: dziewiczy w\u0142os naturalny s\u0142owia\u0144ski<\/p>\n<p>W opakowaniu znajduje si\u0119 40 pasemek na ta\u015bmach o szeroko\u015bci 4cm (20 kanapek)<\/p>\n<p>D\u0142ugo\u015b\u0107: 35cm<\/p>\n<p>Waga: 100g<\/p>\n<p>Kolor: 8\/10<\/p>\n","protected":false},"featured_media":3441,"comment_status":"open","ping_status":"closed","template":"","meta":{"_seopress_robots_primary_cat":"none","_seopress_titles_title":"","_seopress_titles_desc":"","_seopress_robots_index":"","om_disable_all_campaigns":false,"_monsterinsights_skip_tracking":false,"_monsterinsights_sitenote_active":false,"_monsterinsights_sitenote_note":"","_monsterinsights_sitenote_category":0},"product_brand":[],"product_cat":[15,89,90],"product_tag":[],"class_list":{"0":"post-3323","1":"product","2":"type-product","3":"status-publish","4":"has-post-thumbnail","6":"product_cat-gotowe-pasma-do-przedluzania","7":"product_cat-tape-in-kanapki","8":"product_cat-tape-in-kanapki-slowianskie-dziewicze","10":"first","11":"instock","12":"shipping-taxable","13":"purchasable","14":"product-type-simple"},"jetpack_sharing_enabled":true,"_links":{"self":[{"href":"https:\/\/hairme.pl\/sklep\/wp-json\/wp\/v2\/product\/3323","targetHints":{"allow":["GET"]}}],"collection":[{"href":"https:\/\/hairme.pl\/sklep\/wp-json\/wp\/v2\/product"}],"about":[{"href":"https:\/\/hairme.pl\/sklep\/wp-json\/wp\/v2\/types\/product"}],"replies":[{"embeddable":true,"href":"https:\/\/hairme.pl\/sklep\/wp-json\/wp\/v2\/comments?post=3323"}],"wp:featuredmedia":[{"embeddable":true,"href":"https:\/\/hairme.pl\/sklep\/wp-json\/wp\/v2\/media\/3441"}],"wp:attachment":[{"href":"https:\/\/hairme.pl\/sklep\/wp-json\/wp\/v2\/media?parent=3323"}],"wp:term":[{"taxonomy":"product_brand","embeddable":true,"href":"https:\/\/hairme.pl\/sklep\/wp-json\/wp\/v2\/product_brand?post=3323"},{"taxonomy":"product_cat","embeddable":true,"href":"https:\/\/hairme.pl\/sklep\/wp-json\/wp\/v2\/product_cat?post=3323"},{"taxonomy":"product_tag","embeddable":true,"href":"https:\/\/hairme.pl\/sklep\/wp-json\/wp\/v2\/product_tag?post=3323"}],"curies":[{"name":"wp","href":"https:\/\/api.w.org\/{rel}","templated":true}]}}