{"id":3770,"date":"2021-04-20T12:48:55","date_gmt":"2021-04-20T09:48:55","guid":{"rendered":"https:\/\/hairme.pl\/sklep\/?post_type=product&#038;p=3770"},"modified":"2023-05-10T11:51:23","modified_gmt":"2023-05-10T08:51:23","slug":"hair-me-szampon-do-wlosow-naturalnych","status":"publish","type":"product","link":"https:\/\/hairme.pl\/sklep\/product\/hair-me-szampon-do-wlosow-naturalnych\/","title":{"rendered":"Hair Me Szampon do w\u0142os\u00f3w naturalnych"},"content":{"rendered":"<p>Piel\u0119gnacja przed\u0142u\u017conych w\u0142os\u00f3w b\u0119dzie \u0142atwiejsza i bardziej bezpieczna, kiedy dysponujesz odpowiednimi kosmetykami. HairMe przedstawia specjalnie stworzony szampon do naturalnych w\u0142os\u00f3w, kt\u00f3ry bardzo dobrze oczy\u015bci g\u0142ow\u0119 z wszelkich zabrudze\u0144 (pot, \u0142\u00f3j, kurz) nie niszcz\u0105c przy tym doczepionych pasemek.<br \/>\nSzampon zawiera mi\u0119dzy innymi ekstrakt z olejku arganowego, kt\u00f3ry tworzy na powierzchni w\u0142osa warstw\u0119 okluzyjn\u0105 (film), kt\u00f3ra zapobiega nadmiernemu odparowywaniu wody z powierzchni (jest to po\u015brednie dzia\u0142anie nawil\u017caj\u0105ce).<br \/>\nZapobiega \u0142amliwo\u015bci, wzmacnia i regeneruje w\u0142osy.<br \/>\nJego przyjemny zapach umili piel\u0119gnacj\u0119. Polecany jest do stosowania w parze z mask\u0105 z tej samej serii.<\/p>\n<p>Waga netto: 275g<\/p>\n","protected":false},"excerpt":{"rendered":"<p>Szampon do naturalnych w\u0142os\u00f3w polecany do piel\u0119gnacji po przed\u0142u\u017caniu w\u0142os\u00f3w.<\/p>\n","protected":false},"featured_media":3774,"comment_status":"open","ping_status":"closed","template":"","meta":{"_seopress_robots_primary_cat":"","_seopress_titles_title":"","_seopress_titles_desc":"","_seopress_robots_index":"","om_disable_all_campaigns":false,"_monsterinsights_skip_tracking":false,"_monsterinsights_sitenote_active":false,"_monsterinsights_sitenote_note":"","_monsterinsights_sitenote_category":0},"product_brand":[],"product_cat":[109,379,388],"product_tag":[],"class_list":{"0":"post-3770","1":"product","2":"type-product","3":"status-publish","4":"has-post-thumbnail","6":"product_cat-akcesoria","7":"product_cat-akcesoria-pielegnacja","8":"product_cat-kosmetyki-i-akcesoria","10":"first","11":"instock","12":"shipping-taxable","13":"purchasable","14":"product-type-simple"},"jetpack_sharing_enabled":true,"_links":{"self":[{"href":"https:\/\/hairme.pl\/sklep\/wp-json\/wp\/v2\/product\/3770","targetHints":{"allow":["GET"]}}],"collection":[{"href":"https:\/\/hairme.pl\/sklep\/wp-json\/wp\/v2\/product"}],"about":[{"href":"https:\/\/hairme.pl\/sklep\/wp-json\/wp\/v2\/types\/product"}],"replies":[{"embeddable":true,"href":"https:\/\/hairme.pl\/sklep\/wp-json\/wp\/v2\/comments?post=3770"}],"wp:featuredmedia":[{"embeddable":true,"href":"https:\/\/hairme.pl\/sklep\/wp-json\/wp\/v2\/media\/3774"}],"wp:attachment":[{"href":"https:\/\/hairme.pl\/sklep\/wp-json\/wp\/v2\/media?parent=3770"}],"wp:term":[{"taxonomy":"product_brand","embeddable":true,"href":"https:\/\/hairme.pl\/sklep\/wp-json\/wp\/v2\/product_brand?post=3770"},{"taxonomy":"product_cat","embeddable":true,"href":"https:\/\/hairme.pl\/sklep\/wp-json\/wp\/v2\/product_cat?post=3770"},{"taxonomy":"product_tag","embeddable":true,"href":"https:\/\/hairme.pl\/sklep\/wp-json\/wp\/v2\/product_tag?post=3770"}],"curies":[{"name":"wp","href":"https:\/\/api.w.org\/{rel}","templated":true}]}}