{"id":3878,"date":"2021-04-27T14:18:29","date_gmt":"2021-04-27T11:18:29","guid":{"rendered":"https:\/\/hairme.pl\/sklep\/?post_type=product&#038;p=3878"},"modified":"2022-04-12T11:22:20","modified_gmt":"2022-04-12T08:22:20","slug":"paski-do-przedluzania-wlosow-120-sztuk-tasma-hair-me-grey-opakowanie-10-listkow","status":"publish","type":"product","link":"https:\/\/hairme.pl\/sklep\/product\/paski-do-przedluzania-wlosow-120-sztuk-tasma-hair-me-grey-opakowanie-10-listkow\/","title":{"rendered":"Paski do przed\u0142u\u017cania w\u0142os\u00f3w 120 sztuk &#8211; ta\u015bma Hair Me Grey (opakowanie 10 listk\u00f3w)"},"content":{"rendered":"<p>Przyci\u0119te do odpowiedniego rozmiaru, gotowe do u\u017cycia <strong>bardzo cienkie paski<\/strong> do przed\u0142u\u017ce\u0144 Hair Me Grey. Komfortowe w stosowaniu i <strong>hipoalergiczne<\/strong>, a jednocze\u015bnie mocne, dobrze utrzymuj\u0105 na\u0142o\u017cone przed\u0142u\u017cenia. Paski s\u0105 te\u017c <strong>\u0142atwe do zdejmowania<\/strong>.<\/p>\n<p>Paski Hair Me Grey s\u0105 przezroczyste i matowe, podk\u0142ad jest nieco rozci\u0105gliwy, a klej lepki.<\/p>\n<p>Opakowanie 10 listk\u00f3w, a ka\u017cdy listek zawiera 12 pask\u00f3w o wymiarach 8x40mm. <strong>Razem 120 pask\u00f3w.<\/strong><br \/>\nZaleca si\u0119 przed u\u017cyciem wypr\u00f3bowanie paska na ma\u0142ym fragmencie sk\u00f3ry.<\/p>\n","protected":false},"excerpt":{"rendered":"<p>Zestaw pask\u00f3w do przed\u0142u\u017cania w\u0142os\u00f3w Hair Me Grey, opakowanie 120 sztuk (10 listk\u00f3w po 12 sztuk).<\/p>\n","protected":false},"featured_media":4667,"comment_status":"open","ping_status":"closed","template":"","meta":{"_seopress_robots_primary_cat":"","_seopress_titles_title":"","_seopress_titles_desc":"","_seopress_robots_index":"","om_disable_all_campaigns":false,"_monsterinsights_skip_tracking":false,"_monsterinsights_sitenote_active":false,"_monsterinsights_sitenote_note":"","_monsterinsights_sitenote_category":0},"product_brand":[],"product_cat":[109,110,115],"product_tag":[168,167,128,358],"class_list":{"0":"post-3878","1":"product","2":"type-product","3":"status-publish","4":"has-post-thumbnail","6":"product_cat-akcesoria","7":"product_cat-akcesoria-mocowanie","8":"product_cat-mocowanie-tasmy","9":"product_tag-paski-do-przedluzania-wlosow","10":"product_tag-paski-do-przedluzen","11":"product_tag-przedluzanie-wlosow","12":"product_tag-tasmy-do-przedluzania-w-paskach","14":"first","15":"instock","16":"shipping-taxable","17":"purchasable","18":"product-type-simple"},"jetpack_sharing_enabled":true,"_links":{"self":[{"href":"https:\/\/hairme.pl\/sklep\/wp-json\/wp\/v2\/product\/3878","targetHints":{"allow":["GET"]}}],"collection":[{"href":"https:\/\/hairme.pl\/sklep\/wp-json\/wp\/v2\/product"}],"about":[{"href":"https:\/\/hairme.pl\/sklep\/wp-json\/wp\/v2\/types\/product"}],"replies":[{"embeddable":true,"href":"https:\/\/hairme.pl\/sklep\/wp-json\/wp\/v2\/comments?post=3878"}],"wp:featuredmedia":[{"embeddable":true,"href":"https:\/\/hairme.pl\/sklep\/wp-json\/wp\/v2\/media\/4667"}],"wp:attachment":[{"href":"https:\/\/hairme.pl\/sklep\/wp-json\/wp\/v2\/media?parent=3878"}],"wp:term":[{"taxonomy":"product_brand","embeddable":true,"href":"https:\/\/hairme.pl\/sklep\/wp-json\/wp\/v2\/product_brand?post=3878"},{"taxonomy":"product_cat","embeddable":true,"href":"https:\/\/hairme.pl\/sklep\/wp-json\/wp\/v2\/product_cat?post=3878"},{"taxonomy":"product_tag","embeddable":true,"href":"https:\/\/hairme.pl\/sklep\/wp-json\/wp\/v2\/product_tag?post=3878"}],"curies":[{"name":"wp","href":"https:\/\/api.w.org\/{rel}","templated":true}]}}