{"id":3880,"date":"2021-04-27T14:18:31","date_gmt":"2021-04-27T11:18:31","guid":{"rendered":"https:\/\/hairme.pl\/sklep\/?post_type=product&#038;p=3880"},"modified":"2022-04-12T11:22:28","modified_gmt":"2022-04-12T08:22:28","slug":"paski-do-przedluzania-wlosow-120-sztuk-tasma-hair-me-pink-opakowanie-10-listkow","status":"publish","type":"product","link":"https:\/\/hairme.pl\/sklep\/product\/paski-do-przedluzania-wlosow-120-sztuk-tasma-hair-me-pink-opakowanie-10-listkow\/","title":{"rendered":"Paski do przed\u0142u\u017cania w\u0142os\u00f3w 120 sztuk &#8211; ta\u015bma Hair Me Pink (opakowanie 10 listk\u00f3w)"},"content":{"rendered":"<p>Gotowe do u\u017cycia i przyci\u0119te do odpowiedniego rozmiaru <strong>cienkie paski<\/strong> do przed\u0142u\u017ce\u0144 Hair Me Pink. Zaprojektowane jako <strong>specjalnie dwustronne<\/strong>: z jedn\u0105 stron\u0105 przeznaczon\u0105 do przed\u0142u\u017ce\u0144, a drug\u0105 zoptymalizowan\u0105 do w\u0142os\u00f3w. Niezwykle wygodne w u\u017cytkowaniu i hipoalergiczne, a jednocze\u015bnie <strong>jeszcze mocniejsze<\/strong>, dobrze trzymaj\u0105 za\u0142o\u017cone przed\u0142u\u017cenia. Paski s\u0105 tak\u017ce <strong>wyj\u0105tkowo \u0142atwe do zdejmowania<\/strong>.<\/p>\n<p>Paski Hair Me Pink s\u0105 przezroczyste, podk\u0142ad jest nierozci\u0105gliwy, a klej ma\u0142o lepki.<\/p>\n<p>Opakowanie 10 listk\u00f3w, a ka\u017cdy listek zawiera 12 pask\u00f3w o wymiarach 8x40mm. <strong>Razem 120 pask\u00f3w.<\/strong><br \/>\nZaleca si\u0119 przed u\u017cyciem wypr\u00f3bowanie paska na ma\u0142ym fragmencie sk\u00f3ry.<\/p>\n","protected":false},"excerpt":{"rendered":"<p>Zestaw pask\u00f3w do przed\u0142u\u017cania w\u0142os\u00f3w Hair Me Pink, opakowanie 120 sztuk (10 listk\u00f3w po 12 sztuk).<\/p>\n","protected":false},"featured_media":4668,"comment_status":"open","ping_status":"closed","template":"","meta":{"_seopress_robots_primary_cat":"","_seopress_titles_title":"","_seopress_titles_desc":"","_seopress_robots_index":"","om_disable_all_campaigns":false,"_monsterinsights_skip_tracking":false,"_monsterinsights_sitenote_active":false,"_monsterinsights_sitenote_note":"","_monsterinsights_sitenote_category":0},"product_brand":[],"product_cat":[109,110,115],"product_tag":[168,167,128,358],"class_list":{"0":"post-3880","1":"product","2":"type-product","3":"status-publish","4":"has-post-thumbnail","6":"product_cat-akcesoria","7":"product_cat-akcesoria-mocowanie","8":"product_cat-mocowanie-tasmy","9":"product_tag-paski-do-przedluzania-wlosow","10":"product_tag-paski-do-przedluzen","11":"product_tag-przedluzanie-wlosow","12":"product_tag-tasmy-do-przedluzania-w-paskach","14":"first","15":"instock","16":"shipping-taxable","17":"purchasable","18":"product-type-simple"},"jetpack_sharing_enabled":true,"_links":{"self":[{"href":"https:\/\/hairme.pl\/sklep\/wp-json\/wp\/v2\/product\/3880","targetHints":{"allow":["GET"]}}],"collection":[{"href":"https:\/\/hairme.pl\/sklep\/wp-json\/wp\/v2\/product"}],"about":[{"href":"https:\/\/hairme.pl\/sklep\/wp-json\/wp\/v2\/types\/product"}],"replies":[{"embeddable":true,"href":"https:\/\/hairme.pl\/sklep\/wp-json\/wp\/v2\/comments?post=3880"}],"wp:featuredmedia":[{"embeddable":true,"href":"https:\/\/hairme.pl\/sklep\/wp-json\/wp\/v2\/media\/4668"}],"wp:attachment":[{"href":"https:\/\/hairme.pl\/sklep\/wp-json\/wp\/v2\/media?parent=3880"}],"wp:term":[{"taxonomy":"product_brand","embeddable":true,"href":"https:\/\/hairme.pl\/sklep\/wp-json\/wp\/v2\/product_brand?post=3880"},{"taxonomy":"product_cat","embeddable":true,"href":"https:\/\/hairme.pl\/sklep\/wp-json\/wp\/v2\/product_cat?post=3880"},{"taxonomy":"product_tag","embeddable":true,"href":"https:\/\/hairme.pl\/sklep\/wp-json\/wp\/v2\/product_tag?post=3880"}],"curies":[{"name":"wp","href":"https:\/\/api.w.org\/{rel}","templated":true}]}}