{"id":4038,"date":"2021-06-11T12:13:47","date_gmt":"2021-06-11T09:13:47","guid":{"rendered":"https:\/\/hairme.pl\/sklep\/?post_type=product&#038;p=4038"},"modified":"2023-03-14T12:56:50","modified_gmt":"2023-03-14T09:56:50","slug":"naturalne-wlosy-slowianskie-kitka-39cm-49g-kolor-14","status":"publish","type":"product","link":"https:\/\/hairme.pl\/sklep\/product\/naturalne-wlosy-slowianskie-kitka-39cm-49g-kolor-14\/","title":{"rendered":"Naturalne w\u0142osy s\u0142owia\u0144skie &#8211; kitka 39cm 49g, kolor #14"},"content":{"rendered":"<p>Ta najwy\u017cszej jako\u015bci kitka s\u0142u\u017cy do przed\u0142u\u017cania w\u0142os\u00f3w. Dzi\u0119ki jej uniwersalno\u015bci pozwala na zastosowanie r\u00f3\u017cnych popularnych metod takich jak np.\u00a0metoda keratynowa.<br \/>\nDo wykonania kitki zosta\u0142y wykorzystane <strong>100% dziewicze w\u0142osy s\u0142owia\u0144skie: naturalne, niemodyfikowane, z\u00a0zachowan\u0105 \u0142usk\u0105, niefarbowane<\/strong>. Istotne parametry oferowanej kitki to:<\/p>\n<ul>\n<li>d\u0142ugo\u015b\u0107: 39cm<\/li>\n<li>kolor: 14<\/li>\n<li>waga: 49g<\/li>\n<li>gwarancja: 6 miesi\u0119cy<\/li>\n<\/ul>\n<p>W\u0142osy s\u0105 <strong>mi\u0119kkie, lej\u0105ce i\u00a0pi\u0119kne<\/strong>. Doskona\u0142e wra\u017cenia, <strong>g\u0119sto\u015b\u0107 i\u00a0trwa\u0142o\u015b\u0107<\/strong> niezr\u00f3wnana z\u00a0innymi.<br \/>\nKa\u017cda kitka opatrzona jest etykietk\u0105 HairMe, kt\u00f3ra gwarantuje <strong>jako\u015b\u0107 i\u00a0odpowiednie pochodzenie produktu<\/strong>.<\/p>\n<hr \/>\n<p>Je\u015bli chcesz zakupi\u0107 kitk\u0119 w\u0142os\u00f3w s\u0142owia\u0144skich, ale wola\u0142aby\u015b najpierw osobi\u015bcie zobaczy\u0107 w\u0142osy i\u00a0sprawdzi\u0107 ich doskona\u0142\u0105 jako\u015b\u0107 &#8211; jest taka mo\u017cliwo\u015b\u0107.<br \/>\n<strong>Jako jedyni, w\u00a0HairMe.pl oferujemy dostarczenie wybranej kitki do jednego z\u00a0naszych stacjonarnych sklep\u00f3w<\/strong>, aby\u015b sama przekona\u0142a si\u0119 o\u00a0wybitnej jako\u015bci naszych naturalnych w\u0142os\u00f3w s\u0142owia\u0144skich i\u00a0czu\u0142a si\u0119 pewnie wybieraj\u0105c kitki HairMe.<\/p>\n","protected":false},"excerpt":{"rendered":"<p>Najwy\u017cszej jako\u015bci g\u0119ste pasma do przed\u0142u\u017cania wykonane z ca\u0142kowicie niemodyfikowanych w\u0142os\u00f3w s\u0142owia\u0144skich. <strong>100% natury i elegancji.<\/strong><\/p>\n<p>Dzi\u0119ki wspania\u0142ej jako\u015bci, mo\u017cna si\u0119 nimi cieszy\u0107 a\u017c <strong>do 36 miesi\u0119cy<\/strong>, wielokrotnie przek\u0142adaj\u0105c i podci\u0105gaj\u0105c pasma.<\/p>\n<p>W\u0142osy zosta\u0142y <strong>odpowiednio obci\u0119te i profesjonalnie wyczesane<\/strong>. Nast\u0119pnie wyselekcjonowano tylko najd\u0142u\u017csze w\u0142osy ze \u015brodka i zosta\u0142a przygotowana perfekcyjna kitka s\u0142owia\u0144ska do wykorzystania przy przed\u0142u\u017caniu w\u0142os\u00f3w dowolnie wybran\u0105 metod\u0105.<\/p>\n<p>Na w\u0142osy w kitkach udzielamy <strong>6 miesi\u0119cy gwarancji<\/strong>.<\/p>\n","protected":false},"featured_media":4580,"comment_status":"open","ping_status":"closed","template":"","meta":{"_seopress_robots_primary_cat":"","_seopress_titles_title":"","_seopress_titles_desc":"","_seopress_robots_index":"","om_disable_all_campaigns":false,"_monsterinsights_skip_tracking":false,"_monsterinsights_sitenote_active":false,"_monsterinsights_sitenote_note":"","_monsterinsights_sitenote_category":0},"product_brand":[],"product_cat":[372,105],"product_tag":[],"class_list":{"0":"post-4038","1":"product","2":"type-product","3":"status-publish","4":"has-post-thumbnail","6":"product_cat-kitki-slowianskie-od-35-do-40cm","7":"product_cat-kitki-slowianskie-dziewicze","9":"first","10":"instock","11":"shipping-taxable","12":"purchasable","13":"product-type-simple"},"jetpack_sharing_enabled":true,"_links":{"self":[{"href":"https:\/\/hairme.pl\/sklep\/wp-json\/wp\/v2\/product\/4038","targetHints":{"allow":["GET"]}}],"collection":[{"href":"https:\/\/hairme.pl\/sklep\/wp-json\/wp\/v2\/product"}],"about":[{"href":"https:\/\/hairme.pl\/sklep\/wp-json\/wp\/v2\/types\/product"}],"replies":[{"embeddable":true,"href":"https:\/\/hairme.pl\/sklep\/wp-json\/wp\/v2\/comments?post=4038"}],"wp:featuredmedia":[{"embeddable":true,"href":"https:\/\/hairme.pl\/sklep\/wp-json\/wp\/v2\/media\/4580"}],"wp:attachment":[{"href":"https:\/\/hairme.pl\/sklep\/wp-json\/wp\/v2\/media?parent=4038"}],"wp:term":[{"taxonomy":"product_brand","embeddable":true,"href":"https:\/\/hairme.pl\/sklep\/wp-json\/wp\/v2\/product_brand?post=4038"},{"taxonomy":"product_cat","embeddable":true,"href":"https:\/\/hairme.pl\/sklep\/wp-json\/wp\/v2\/product_cat?post=4038"},{"taxonomy":"product_tag","embeddable":true,"href":"https:\/\/hairme.pl\/sklep\/wp-json\/wp\/v2\/product_tag?post=4038"}],"curies":[{"name":"wp","href":"https:\/\/api.w.org\/{rel}","templated":true}]}}