{"id":4121,"date":"2021-08-03T15:24:30","date_gmt":"2021-08-03T12:24:30","guid":{"rendered":"https:\/\/hairme.pl\/sklep\/?post_type=product&#038;p=4121"},"modified":"2023-09-12T16:58:58","modified_gmt":"2023-09-12T13:58:58","slug":"cersa-me-35cm-kolor-8-12","status":"publish","type":"product","link":"https:\/\/hairme.pl\/sklep\/product\/cersa-me-35cm-kolor-8-12\/","title":{"rendered":"Cersa Me 35cm 75g, kolor #8\/12"},"content":{"rendered":"<p>Treska wykonana z naturalnych w\u0142os\u00f3w s\u0142owia\u0144skich. Doczepiana jest do kucyka, s\u0142u\u017cy do jego przed\u0142u\u017cenia i poprawienia wygl\u0105du.<br \/>\nEfektem jest bujny, \u0142adny i l\u015bni\u0105cy &#8222;ko\u0144ski ogon&#8221;.<br \/>\nPrzez sztywn\u0105 okr\u0105g\u0142\u0105 siatk\u0119 mo\u017cna przeplata\u0107 w\u0142asne w\u0142osy, a nast\u0119pnie za pomoc\u0105 wsuwek zamocowa\u0107 j\u0105 do kitki.<\/p>\n<p>Jako\u015b\u0107 u\u017cytych w Cersa Me w\u0142os\u00f3w jest najwy\u017csza z mo\u017cliwych: stworzono j\u0105 z naturalnych, niemodyfikowanych i nie farbowanych w\u0142os\u00f3w s\u0142owia\u0144skich. S\u0105 to w\u0142osy dziewicze i maj\u0105 zachowan\u0105 \u0142usk\u0119. Mo\u017cna je przycina\u0107, modelowa\u0107, farbowa\u0107, a tak\u017ce nieco rozja\u015bnia\u0107.<\/p>\n<p>D\u0142ugo\u015b\u0107 w\u0142os\u00f3w: 35cm<\/p>\n<p>\u015arednica bazy 8cm<\/p>\n<p>Waga: 75g<\/p>\n","protected":false},"excerpt":{"rendered":"<p>Przed\u0142u\u017cka do kucyka z mo\u017cliwo\u015bci\u0105 przeplatania w\u0142asnych w\u0142os\u00f3w. Stworzona z dziewiczych w\u0142os\u00f3w s\u0142owia\u0144skich doda d\u0142ugo\u015bci i obj\u0119to\u015bci Twojej kitce.<\/p>\n<p>D\u0142ugo\u015b\u0107 w\u0142os\u00f3w: 35cm<\/p>\n<p>\u015arednica bazy ok. 8,5cm<\/p>\n<p>Waga: 75g<\/p>\n<p>Kolor: 8\/12<\/p>\n","protected":false},"featured_media":4072,"comment_status":"open","ping_status":"closed","template":"","meta":{"_seopress_robots_primary_cat":"none","_seopress_titles_title":"","_seopress_titles_desc":"","_seopress_robots_index":"","om_disable_all_campaigns":false,"_monsterinsights_skip_tracking":false,"_monsterinsights_sitenote_active":false,"_monsterinsights_sitenote_note":"","_monsterinsights_sitenote_category":0},"product_brand":[],"product_cat":[395,396],"product_tag":[],"class_list":{"0":"post-4121","1":"product","2":"type-product","3":"status-publish","4":"has-post-thumbnail","6":"product_cat-treski-slowianskie-dziewicze","7":"product_cat-cersa-me","9":"first","10":"instock","11":"shipping-taxable","12":"purchasable","13":"product-type-simple"},"jetpack_sharing_enabled":true,"_links":{"self":[{"href":"https:\/\/hairme.pl\/sklep\/wp-json\/wp\/v2\/product\/4121","targetHints":{"allow":["GET"]}}],"collection":[{"href":"https:\/\/hairme.pl\/sklep\/wp-json\/wp\/v2\/product"}],"about":[{"href":"https:\/\/hairme.pl\/sklep\/wp-json\/wp\/v2\/types\/product"}],"replies":[{"embeddable":true,"href":"https:\/\/hairme.pl\/sklep\/wp-json\/wp\/v2\/comments?post=4121"}],"wp:featuredmedia":[{"embeddable":true,"href":"https:\/\/hairme.pl\/sklep\/wp-json\/wp\/v2\/media\/4072"}],"wp:attachment":[{"href":"https:\/\/hairme.pl\/sklep\/wp-json\/wp\/v2\/media?parent=4121"}],"wp:term":[{"taxonomy":"product_brand","embeddable":true,"href":"https:\/\/hairme.pl\/sklep\/wp-json\/wp\/v2\/product_brand?post=4121"},{"taxonomy":"product_cat","embeddable":true,"href":"https:\/\/hairme.pl\/sklep\/wp-json\/wp\/v2\/product_cat?post=4121"},{"taxonomy":"product_tag","embeddable":true,"href":"https:\/\/hairme.pl\/sklep\/wp-json\/wp\/v2\/product_tag?post=4121"}],"curies":[{"name":"wp","href":"https:\/\/api.w.org\/{rel}","templated":true}]}}