{"id":4181,"date":"2021-08-04T12:26:02","date_gmt":"2021-08-04T09:26:02","guid":{"rendered":"https:\/\/hairme.pl\/sklep\/?post_type=product&#038;p=4181"},"modified":"2025-06-16T12:21:34","modified_gmt":"2025-06-16T09:21:34","slug":"lux-long-me-30cm-kolor-6-8","status":"publish","type":"product","link":"https:\/\/hairme.pl\/sklep\/product\/lux-long-me-30cm-kolor-6-8\/","title":{"rendered":"Lux Long Me 30cm, kolor #6\/8"},"content":{"rendered":"<p>Tresk\u0119 Lux Long Me wykonan\u0105 ze s\u0142owia\u0144skiego w\u0142osa naturalnego doczepia si\u0119 do &#8222;ko\u0144skiego ogona&#8221;.<br \/>\nNa kitce montowana jest za pomoc\u0105 potr\u00f3jnej wsuwki. Nast\u0119pnie estetycznie wyka\u0144cza si\u0119 fryzur\u0119 u\u017cywaj\u0105c specjalnej &#8222;owijki&#8221;.<\/p>\n<p>Treska doskonale si\u0119 prezentuje: jest mi\u0119kka, l\u015bni\u0105ca i ma naturalny kolor. Zrobiona jest z w\u0142os\u00f3w dziewiczych s\u0142owia\u0144skich z zachowan\u0105 \u0142usk\u0105, niepoddanych zabiegom chemicznym i niefarbowanych.<\/p>\n<p>D\u0142ugo\u015b\u0107: 30cm<\/p>\n","protected":false},"excerpt":{"rendered":"<p>Doczepiana do kucyka treska ze zintegrowan\u0105 owijk\u0105 pozwalaj\u0105c\u0105 na estetyczne wyko\u0144czenie fryzury &#8222;ko\u0144ski ogon&#8221;.<\/p>\n<p>D\u0142ugo\u015b\u0107: 30cm<\/p>\n<p>Kolor: 6\/8<\/p>\n","protected":false},"featured_media":4164,"comment_status":"open","ping_status":"closed","template":"","meta":{"_seopress_robots_primary_cat":"none","_seopress_titles_title":"","_seopress_titles_desc":"","_seopress_robots_index":"","om_disable_all_campaigns":false,"_monsterinsights_skip_tracking":false,"_monsterinsights_sitenote_active":false,"_monsterinsights_sitenote_note":"","_monsterinsights_sitenote_category":0},"product_brand":[],"product_cat":[398,395],"product_tag":[],"class_list":{"0":"post-4181","1":"product","2":"type-product","3":"status-publish","4":"has-post-thumbnail","6":"product_cat-lux-long-me","7":"product_cat-treski-slowianskie-dziewicze","9":"first","10":"instock","11":"shipping-taxable","12":"purchasable","13":"product-type-simple"},"jetpack_sharing_enabled":true,"_links":{"self":[{"href":"https:\/\/hairme.pl\/sklep\/wp-json\/wp\/v2\/product\/4181","targetHints":{"allow":["GET"]}}],"collection":[{"href":"https:\/\/hairme.pl\/sklep\/wp-json\/wp\/v2\/product"}],"about":[{"href":"https:\/\/hairme.pl\/sklep\/wp-json\/wp\/v2\/types\/product"}],"replies":[{"embeddable":true,"href":"https:\/\/hairme.pl\/sklep\/wp-json\/wp\/v2\/comments?post=4181"}],"wp:featuredmedia":[{"embeddable":true,"href":"https:\/\/hairme.pl\/sklep\/wp-json\/wp\/v2\/media\/4164"}],"wp:attachment":[{"href":"https:\/\/hairme.pl\/sklep\/wp-json\/wp\/v2\/media?parent=4181"}],"wp:term":[{"taxonomy":"product_brand","embeddable":true,"href":"https:\/\/hairme.pl\/sklep\/wp-json\/wp\/v2\/product_brand?post=4181"},{"taxonomy":"product_cat","embeddable":true,"href":"https:\/\/hairme.pl\/sklep\/wp-json\/wp\/v2\/product_cat?post=4181"},{"taxonomy":"product_tag","embeddable":true,"href":"https:\/\/hairme.pl\/sklep\/wp-json\/wp\/v2\/product_tag?post=4181"}],"curies":[{"name":"wp","href":"https:\/\/api.w.org\/{rel}","templated":true}]}}