{"id":4633,"date":"2022-03-31T12:18:17","date_gmt":"2022-03-31T09:18:17","guid":{"rendered":"https:\/\/hairme.pl\/sklep\/?post_type=product&#038;p=4633"},"modified":"2023-11-10T12:49:45","modified_gmt":"2023-11-10T09:49:45","slug":"keratyna-do-przedluzania-wlosow-granulki-10g-brazowa","status":"publish","type":"product","link":"https:\/\/hairme.pl\/sklep\/product\/keratyna-do-przedluzania-wlosow-granulki-10g-brazowa\/","title":{"rendered":"Keratyna w\u0142oska br\u0105zowa w granulkach 10g"},"content":{"rendered":"<p>100% keratyna w kolorze br\u0105zowym. Najodpowiedniejsza <strong>do pracy ze zgrzewark\u0105<\/strong> i przed\u0142u\u017cania na ciep\u0142o w\u0142os\u00f3w br\u0105zowych lub ja\u015bniejszych, ale z ciemnym odrostem. <strong>Trwa\u0142a i odporna<\/strong> \u2013 nie mi\u0119knie i nie kruszy si\u0119, ma form\u0119 malutkich granulek. <strong>\u0141atwo j\u0105 odmierza\u0107<\/strong> w ilo\u015bci potrzebnej do zabiegu.<br \/>\nBr\u0105zowe przed\u0142u\u017cenia, zw\u0142aszcza z w\u0142os\u00f3w naturalnych, du\u017co lepiej wygl\u0105daj\u0105 ze wzgl\u0119du na odpowiedni kolor zastosowanej keratyny.<\/p>\n<p>Opakowanie 10 gram\u00f3w.<\/p>\n","protected":false},"excerpt":{"rendered":"<p>Mocna nieprzezroczysta br\u0105zowa keratyna do przed\u0142u\u017cania w\u0142os\u00f3w na ciep\u0142o. Granulki w opakowaniu 10g.<\/p>\n","protected":false},"featured_media":4635,"comment_status":"open","ping_status":"closed","template":"","meta":{"_seopress_robots_primary_cat":"none","_seopress_titles_title":"","_seopress_titles_desc":"","_seopress_robots_index":"","om_disable_all_campaigns":false,"_monsterinsights_skip_tracking":false,"_monsterinsights_sitenote_active":false,"_monsterinsights_sitenote_note":"","_monsterinsights_sitenote_category":0},"product_brand":[],"product_cat":[109,110,111],"product_tag":[403,190,191,192,188,189,364,365],"class_list":{"0":"post-4633","1":"product","2":"type-product","3":"status-publish","4":"has-post-thumbnail","6":"product_cat-akcesoria","7":"product_cat-akcesoria-mocowanie","8":"product_cat-mocowanie-keratyna","9":"product_tag-keratyna-brazowa","10":"product_tag-keratyna-do-przedluzania-wlosow","11":"product_tag-keratyna-do-przedluzen","12":"product_tag-keratyna-fryzjerska","13":"product_tag-keratyna-granulki","14":"product_tag-keratyna-w-granulkach","15":"product_tag-keratyna-wloska-granulki","16":"product_tag-keratyna-wloska-w-granulkach","18":"first","19":"instock","20":"shipping-taxable","21":"purchasable","22":"product-type-simple"},"jetpack_sharing_enabled":true,"_links":{"self":[{"href":"https:\/\/hairme.pl\/sklep\/wp-json\/wp\/v2\/product\/4633","targetHints":{"allow":["GET"]}}],"collection":[{"href":"https:\/\/hairme.pl\/sklep\/wp-json\/wp\/v2\/product"}],"about":[{"href":"https:\/\/hairme.pl\/sklep\/wp-json\/wp\/v2\/types\/product"}],"replies":[{"embeddable":true,"href":"https:\/\/hairme.pl\/sklep\/wp-json\/wp\/v2\/comments?post=4633"}],"wp:featuredmedia":[{"embeddable":true,"href":"https:\/\/hairme.pl\/sklep\/wp-json\/wp\/v2\/media\/4635"}],"wp:attachment":[{"href":"https:\/\/hairme.pl\/sklep\/wp-json\/wp\/v2\/media?parent=4633"}],"wp:term":[{"taxonomy":"product_brand","embeddable":true,"href":"https:\/\/hairme.pl\/sklep\/wp-json\/wp\/v2\/product_brand?post=4633"},{"taxonomy":"product_cat","embeddable":true,"href":"https:\/\/hairme.pl\/sklep\/wp-json\/wp\/v2\/product_cat?post=4633"},{"taxonomy":"product_tag","embeddable":true,"href":"https:\/\/hairme.pl\/sklep\/wp-json\/wp\/v2\/product_tag?post=4633"}],"curies":[{"name":"wp","href":"https:\/\/api.w.org\/{rel}","templated":true}]}}