{"id":4921,"date":"2022-09-07T16:07:01","date_gmt":"2022-09-07T13:07:01","guid":{"rendered":"https:\/\/hairme.pl\/sklep\/?post_type=product&#038;p=4921"},"modified":"2025-10-22T12:56:38","modified_gmt":"2025-10-22T09:56:38","slug":"tape-me-pojedyncze-pasmo-50cm-kolor-3","status":"publish","type":"product","link":"https:\/\/hairme.pl\/sklep\/product\/tape-me-pojedyncze-pasmo-50cm-kolor-3\/","title":{"rendered":"Tape Me pojedyncze pasmo 50cm, kolor #3"},"content":{"rendered":"<p>Pojedyncze pasmo z ta\u015bm\u0105 wykonane z naturalnych w\u0142os\u00f3w europejskich premium. Ma d\u0142ugo\u015b\u0107 50cm, wag\u0119 2,5g i jest w kolorze 3. Przeznaczone jest do zabiegu <strong>przed\u0142u\u017canie w\u0142os\u00f3w metod\u0105 tape-on<\/strong>, czyli kanapkow\u0105.<br \/>\nMetoda na\u00a0<strong>tzw.\u00a0kanapki<\/strong> to a\u017c kilka tygodni noszenia przed\u0142u\u017ce\u0144 przed konieczno\u015bci\u0105 podci\u0105gni\u0119cia ta\u015bm (te mo\u017cna r\u00f3wnie\u017c co jaki\u015b czas wymienia\u0107 na nowe, co znacz\u0105co przed\u0142u\u017ca \u017cywotno\u015b\u0107 ca\u0142ej fryzury), aby wykona\u0107 nast\u0119pne <strong>zag\u0119szczanie w\u0142os\u00f3w metod\u0105 tape-in<\/strong>.<\/p>\n<p>W\u0142osy Hair Me to wysoka jako\u015b\u0107 pasm gotowych do przed\u0142u\u017cania: s\u0105 naturalne i\u00a0z\u00a0zachowan\u0105 \u0142usk\u0105.<\/p>\n<p>Dzi\u0119ki wysokiej jako\u015bci mo\u017cna si\u0119 nimi cieszy\u0107 przez d\u0142ugi czas.<\/p>\n","protected":false},"excerpt":{"rendered":"<p>Pasmo w\u0142os\u00f3w naturalnych do przed\u0142u\u017cania tape-on<\/p>\n<p>Typ w\u0142osa: w\u0142os naturalny europejski premium \u2013 z zachowan\u0105 \u0142usk\u0105 w\u0142osa<\/p>\n<p>D\u0142ugo\u015b\u0107: 50cm<\/p>\n<p>Waga: 2,5g, 1 pasemko<\/p>\n<p>Kolor: 3<\/p>\n","protected":false},"featured_media":4897,"comment_status":"open","ping_status":"closed","template":"","meta":{"_seopress_robots_primary_cat":"none","_seopress_titles_title":"","_seopress_titles_desc":"","_seopress_robots_index":"","om_disable_all_campaigns":false,"_monsterinsights_skip_tracking":false,"_monsterinsights_sitenote_active":false,"_monsterinsights_sitenote_note":"","_monsterinsights_sitenote_category":0},"product_brand":[],"product_cat":[15,89,92],"product_tag":[],"class_list":{"0":"post-4921","1":"product","2":"type-product","3":"status-publish","4":"has-post-thumbnail","6":"product_cat-gotowe-pasma-do-przedluzania","7":"product_cat-tape-in-kanapki","8":"product_cat-tape-in-kanapki-premium","10":"first","11":"instock","12":"shipping-taxable","13":"purchasable","14":"product-type-simple"},"jetpack_sharing_enabled":true,"_links":{"self":[{"href":"https:\/\/hairme.pl\/sklep\/wp-json\/wp\/v2\/product\/4921","targetHints":{"allow":["GET"]}}],"collection":[{"href":"https:\/\/hairme.pl\/sklep\/wp-json\/wp\/v2\/product"}],"about":[{"href":"https:\/\/hairme.pl\/sklep\/wp-json\/wp\/v2\/types\/product"}],"replies":[{"embeddable":true,"href":"https:\/\/hairme.pl\/sklep\/wp-json\/wp\/v2\/comments?post=4921"}],"wp:featuredmedia":[{"embeddable":true,"href":"https:\/\/hairme.pl\/sklep\/wp-json\/wp\/v2\/media\/4897"}],"wp:attachment":[{"href":"https:\/\/hairme.pl\/sklep\/wp-json\/wp\/v2\/media?parent=4921"}],"wp:term":[{"taxonomy":"product_brand","embeddable":true,"href":"https:\/\/hairme.pl\/sklep\/wp-json\/wp\/v2\/product_brand?post=4921"},{"taxonomy":"product_cat","embeddable":true,"href":"https:\/\/hairme.pl\/sklep\/wp-json\/wp\/v2\/product_cat?post=4921"},{"taxonomy":"product_tag","embeddable":true,"href":"https:\/\/hairme.pl\/sklep\/wp-json\/wp\/v2\/product_tag?post=4921"}],"curies":[{"name":"wp","href":"https:\/\/api.w.org\/{rel}","templated":true}]}}