{"id":5308,"date":"2023-03-22T17:52:25","date_gmt":"2023-03-22T14:52:25","guid":{"rendered":"https:\/\/hairme.pl\/sklep\/?post_type=product&#038;p=5308"},"modified":"2023-09-25T17:38:20","modified_gmt":"2023-09-25T14:38:20","slug":"bubble-me-plus-kok-na-gumce-kolor-30","status":"publish","type":"product","link":"https:\/\/hairme.pl\/sklep\/product\/bubble-me-plus-kok-na-gumce-kolor-30\/","title":{"rendered":"Bubble Me Plus 19cm, kok na gumce, kolor #30"},"content":{"rendered":"<p>Doskona\u0142\u0105 jako\u015b\u0107 tego d\u0142u\u017cszego koczka na gumce z pewno\u015bci\u0105 doceni\u0105 kobiety uwielbiaj\u0105ce noszenie rozwichrzonych upi\u0119tych w\u0142os\u00f3w i dbaj\u0105ce o \u015bwietny wygl\u0105d fryzury.<\/p>\n<p>Do jego wykonania wykorzystano naturalny s\u0142owia\u0144ski w\u0142os virgin, kt\u00f3ry nie by\u0142 nigdy poddany zabiegom chemicznym czy farbowany, ma tak\u017ce zachowan\u0105 \u0142usk\u0119 w\u0142osa. Takie pasemka umieszczono nast\u0119pnie na specjalnej tasiemce spiralnie oplataj\u0105cej elastyczn\u0105 gumk\u0119 &#8211; w efekcie daje to efekt rozwichrzonego g\u0119stego &#8222;gniazdka&#8221;.<\/p>\n<p>Dzi\u0119ki Bubble Me Plus rezultat w postaci pi\u0119knego pe\u0142nego koka jest teraz dost\u0119pny nawet dla kobiet, kt\u00f3re maj\u0105 cienkie i niezbyt g\u0119ste w\u0142osy.<\/p>\n<p>G\u0142adki i naturalnie l\u015bni\u0105cy, koczek jest prosty do szybkiego za\u0142o\u017cenia, a w razie potrzeby mo\u017cna go wysuszy\u0107 i pofarbowa\u0107.<\/p>\n<p>D\u0142ugo\u015b\u0107 w\u0142os\u00f3w: 19cm<\/p>\n<p>Waga: 22g<\/p>\n<p>Kolor: 30<\/p>\n","protected":false},"excerpt":{"rendered":"<p>Kok w\u0142os\u00f3w s\u0142owia\u0144skich virgin na elastycznej gumce. Zak\u0142ada si\u0119 go w celu uzyskania efektu pe\u0142nego upi\u0119cia typu 'koczek&#8217;. G\u0142adkie w\u0142osy z zachowan\u0105 \u0142usk\u0105 \u0142adnie l\u015bni\u0105 i pomagaj\u0105 w uzyskaniu dobrze wygl\u0105daj\u0105cej fryzury.<\/p>\n<p>D\u0142ugo\u015b\u0107 w\u0142os\u00f3w: 19cm<\/p>\n<p>Waga: 22g<\/p>\n<p>Kolor: 30<\/p>\n","protected":false},"featured_media":5831,"comment_status":"open","ping_status":"closed","template":"","meta":{"_seopress_robots_primary_cat":"none","_seopress_titles_title":"","_seopress_titles_desc":"","_seopress_robots_index":"","om_disable_all_campaigns":false,"_monsterinsights_skip_tracking":false,"_monsterinsights_sitenote_active":false,"_monsterinsights_sitenote_note":"","_monsterinsights_sitenote_category":0},"product_brand":[],"product_cat":[408,395],"product_tag":[],"class_list":{"0":"post-5308","1":"product","2":"type-product","3":"status-publish","4":"has-post-thumbnail","6":"product_cat-bubble-me-plus","7":"product_cat-treski-slowianskie-dziewicze","9":"first","10":"outofstock","11":"shipping-taxable","12":"purchasable","13":"product-type-simple"},"jetpack_sharing_enabled":true,"_links":{"self":[{"href":"https:\/\/hairme.pl\/sklep\/wp-json\/wp\/v2\/product\/5308","targetHints":{"allow":["GET"]}}],"collection":[{"href":"https:\/\/hairme.pl\/sklep\/wp-json\/wp\/v2\/product"}],"about":[{"href":"https:\/\/hairme.pl\/sklep\/wp-json\/wp\/v2\/types\/product"}],"replies":[{"embeddable":true,"href":"https:\/\/hairme.pl\/sklep\/wp-json\/wp\/v2\/comments?post=5308"}],"wp:featuredmedia":[{"embeddable":true,"href":"https:\/\/hairme.pl\/sklep\/wp-json\/wp\/v2\/media\/5831"}],"wp:attachment":[{"href":"https:\/\/hairme.pl\/sklep\/wp-json\/wp\/v2\/media?parent=5308"}],"wp:term":[{"taxonomy":"product_brand","embeddable":true,"href":"https:\/\/hairme.pl\/sklep\/wp-json\/wp\/v2\/product_brand?post=5308"},{"taxonomy":"product_cat","embeddable":true,"href":"https:\/\/hairme.pl\/sklep\/wp-json\/wp\/v2\/product_cat?post=5308"},{"taxonomy":"product_tag","embeddable":true,"href":"https:\/\/hairme.pl\/sklep\/wp-json\/wp\/v2\/product_tag?post=5308"}],"curies":[{"name":"wp","href":"https:\/\/api.w.org\/{rel}","templated":true}]}}