{"id":6523,"date":"2024-09-11T11:42:24","date_gmt":"2024-09-11T08:42:24","guid":{"rendered":"https:\/\/hairme.pl\/sklep\/?post_type=product&#038;p=6523"},"modified":"2024-09-11T11:52:10","modified_gmt":"2024-09-11T08:52:10","slug":"keratyna-do-przedluzania-wlosow-granulki-10g-transparentna-zolta","status":"publish","type":"product","link":"https:\/\/hairme.pl\/sklep\/product\/keratyna-do-przedluzania-wlosow-granulki-10g-transparentna-zolta\/","title":{"rendered":"Keratyna w\u0142oska transparentna \u017c\u00f3\u0142ta w granulkach 10g"},"content":{"rendered":"<p>100% keratyna nie zawieraj\u0105ca \u017cadnych dodatkowych substancji. Najodpowiedniejsza <strong>do pracy ze zgrzewark\u0105<\/strong> i przed\u0142u\u017cania w\u0142os\u00f3w na ciep\u0142o. <strong>Trwa\u0142a i odporna<\/strong> &#8211; nie mi\u0119knie i nie kruszy si\u0119, ma form\u0119 malutkich granulek, dzi\u0119ki czemu <strong>\u0142atwo j\u0105 odmierza\u0107<\/strong> w ilo\u015bci potrzebnej do zabiegu.<br \/>\nKeratyna jest transparentna o&nbsp;delikatnym \u017c\u00f3\u0142tym zabarwieniu, doskona\u0142a do ka\u017cdego koloru w\u0142os\u00f3w, zw\u0142aszcza tych naturalnych.<\/p>\n<p>Opakowanie 10 gram\u00f3w.<br \/>\nOdcie\u0144 \u017c\u00f3\u0142ty (blond).<\/p>\n","protected":false},"excerpt":{"rendered":"<p>Mocna przezroczysta keratyna do przed\u0142u\u017cania w\u0142os\u00f3w na ciep\u0142o. Granulki w opakowaniu 10g.<\/p>\n","protected":false},"featured_media":6526,"comment_status":"open","ping_status":"closed","template":"","meta":{"_seopress_robots_primary_cat":"none","_seopress_titles_title":"","_seopress_titles_desc":"","_seopress_robots_index":"","om_disable_all_campaigns":false,"_monsterinsights_skip_tracking":false,"_monsterinsights_sitenote_active":false,"_monsterinsights_sitenote_note":"","_monsterinsights_sitenote_category":0},"product_brand":[],"product_cat":[109,110,111],"product_tag":[190,191,192,188,367,366,189,364,365],"class_list":{"0":"post-6523","1":"product","2":"type-product","3":"status-publish","4":"has-post-thumbnail","6":"product_cat-akcesoria","7":"product_cat-akcesoria-mocowanie","8":"product_cat-mocowanie-keratyna","9":"product_tag-keratyna-do-przedluzania-wlosow","10":"product_tag-keratyna-do-przedluzen","11":"product_tag-keratyna-fryzjerska","12":"product_tag-keratyna-granulki","13":"product_tag-keratyna-przezroczysta","14":"product_tag-keratyna-transparentna","15":"product_tag-keratyna-w-granulkach","16":"product_tag-keratyna-wloska-granulki","17":"product_tag-keratyna-wloska-w-granulkach","19":"first","20":"instock","21":"shipping-taxable","22":"purchasable","23":"product-type-simple"},"jetpack_sharing_enabled":true,"_links":{"self":[{"href":"https:\/\/hairme.pl\/sklep\/wp-json\/wp\/v2\/product\/6523","targetHints":{"allow":["GET"]}}],"collection":[{"href":"https:\/\/hairme.pl\/sklep\/wp-json\/wp\/v2\/product"}],"about":[{"href":"https:\/\/hairme.pl\/sklep\/wp-json\/wp\/v2\/types\/product"}],"replies":[{"embeddable":true,"href":"https:\/\/hairme.pl\/sklep\/wp-json\/wp\/v2\/comments?post=6523"}],"wp:featuredmedia":[{"embeddable":true,"href":"https:\/\/hairme.pl\/sklep\/wp-json\/wp\/v2\/media\/6526"}],"wp:attachment":[{"href":"https:\/\/hairme.pl\/sklep\/wp-json\/wp\/v2\/media?parent=6523"}],"wp:term":[{"taxonomy":"product_brand","embeddable":true,"href":"https:\/\/hairme.pl\/sklep\/wp-json\/wp\/v2\/product_brand?post=6523"},{"taxonomy":"product_cat","embeddable":true,"href":"https:\/\/hairme.pl\/sklep\/wp-json\/wp\/v2\/product_cat?post=6523"},{"taxonomy":"product_tag","embeddable":true,"href":"https:\/\/hairme.pl\/sklep\/wp-json\/wp\/v2\/product_tag?post=6523"}],"curies":[{"name":"wp","href":"https:\/\/api.w.org\/{rel}","templated":true}]}}