{"id":6907,"date":"2025-06-16T14:26:56","date_gmt":"2025-06-16T11:26:56","guid":{"rendered":"https:\/\/hairme.pl\/sklep\/?post_type=product&#038;p=6907"},"modified":"2025-06-16T15:40:36","modified_gmt":"2025-06-16T12:40:36","slug":"long-me-curls-kolor-4-6","status":"publish","type":"product","link":"https:\/\/hairme.pl\/sklep\/product\/long-me-curls-kolor-4-6\/","title":{"rendered":"Long Me Curls, kolor #4\/6"},"content":{"rendered":"<p>Efektowna dopinka <strong>Long Me Curls<\/strong> wykonana z&nbsp;br\u0105zowych, kr\u0119conych w\u0142os\u00f3w syntetycznych.<\/p>\n<p>D\u0142ugie w\u0142osy przymocowane do siateczkowatej bazy niewielkich rozmiar\u00f3w. Treska wyposa\u017cona jest w&nbsp;potr\u00f3jn\u0105 wsuwk\u0119. Wystarczy zaczepi\u0107 wsuwk\u0119 o&nbsp;w\u0142asny &#8222;ko\u0144ski ogon&#8221; a&nbsp;nast\u0119pnie specjaln\u0105 owijk\u0105 r\u00f3wnie\u017c wykonan\u0105 z&nbsp; w\u0142os\u00f3w ople\u015b\u0107 \u0142\u0105czenie kucyka, dzi\u0119ki czemu fryzura wygl\u0105da naturalnie. Owijka jest przyczepiana na swoim miejscu za pomoc\u0105 rzepu.<\/p>\n<p>W\u0142osy syntetyczne High Heat Fibre s\u0105 odporne na wysok\u0105 temperatur\u0119 do 130\u00b0C, bez problemu mo\u017cesz wyprostowa\u0107 w\u0142osy, je\u015bli masz ochot\u0119 na inne wyko\u0144czenie, a&nbsp;nast\u0119pnie z&nbsp;powrotem zakr\u0119ci\u0107.<\/p>\n<div id=\"description-long\" class=\"description tinymce_html col-xs-12\">\n<p>D\u0142ugo\u015b\u0107 w\u0142os\u00f3w: ok. 45cm<\/p>\n<\/div>\n<p>&nbsp;<\/p>\n","protected":false},"excerpt":{"rendered":"<p data-start=\"50\" data-end=\"125\"><strong data-start=\"50\" data-end=\"104\">Efektowna dopinka z&nbsp;kr\u0119conych w\u0142os\u00f3w syntetycznych<\/strong><\/p>\n<p data-start=\"50\" data-end=\"125\">Dopinka wykonana z&nbsp;wysokiej jako\u015bci w\u0142os\u00f3w syntetycznych High Heat Fibre, odpornych na temperatur\u0119 do 130\u00b0C \u2013 mo\u017cna je prostowa\u0107 i&nbsp;ponownie zakr\u0119ci\u0107.<\/p>\n<p data-start=\"278\" data-end=\"491\">W\u0142osy osadzone s\u0105 na lekkiej, siateczkowej bazie z&nbsp;potr\u00f3jn\u0105 wsuwk\u0105, kt\u00f3r\u0105 \u0142atwo przymocowa\u0107 do w\u0142asnego kucyka. Miejsce \u0142\u0105czenia naszych naturalnych w\u0142os\u00f3w z&nbsp;dopink\u0105 maskuje &#8222;owijka&#8221; z&nbsp;w\u0142os\u00f3w, mocowana na rzep \u2013 ca\u0142o\u015b\u0107 wygl\u0105da naturalnie i&nbsp;estetycznie.<\/p>\n<p data-start=\"278\" data-end=\"491\">D\u0142ugo\u015b\u0107: ok. 45 cm<\/p>\n","protected":false},"featured_media":6912,"comment_status":"open","ping_status":"closed","template":"","meta":{"_seopress_robots_primary_cat":"none","_seopress_titles_title":"Long Me Curls, kr\u0119cony kucyk, kolor 4\/6 - Hair Me","_seopress_titles_desc":"Dopinka z w\u0142os\u00f3w syntetycznych o podwy\u017cszonej odporno\u015bci na ciep\u0142o. Kolor ciemny br\u0105z.","_seopress_robots_index":"","om_disable_all_campaigns":false,"_monsterinsights_skip_tracking":false,"_monsterinsights_sitenote_active":false,"_monsterinsights_sitenote_note":"","_monsterinsights_sitenote_category":0},"product_brand":[],"product_cat":[413,415],"product_tag":[],"class_list":{"0":"post-6907","1":"product","2":"type-product","3":"status-publish","4":"has-post-thumbnail","6":"product_cat-treski-syntetyczne","7":"product_cat-long-me-curls","9":"first","10":"instock","11":"shipping-taxable","12":"purchasable","13":"product-type-simple"},"jetpack_sharing_enabled":true,"_links":{"self":[{"href":"https:\/\/hairme.pl\/sklep\/wp-json\/wp\/v2\/product\/6907","targetHints":{"allow":["GET"]}}],"collection":[{"href":"https:\/\/hairme.pl\/sklep\/wp-json\/wp\/v2\/product"}],"about":[{"href":"https:\/\/hairme.pl\/sklep\/wp-json\/wp\/v2\/types\/product"}],"replies":[{"embeddable":true,"href":"https:\/\/hairme.pl\/sklep\/wp-json\/wp\/v2\/comments?post=6907"}],"wp:featuredmedia":[{"embeddable":true,"href":"https:\/\/hairme.pl\/sklep\/wp-json\/wp\/v2\/media\/6912"}],"wp:attachment":[{"href":"https:\/\/hairme.pl\/sklep\/wp-json\/wp\/v2\/media?parent=6907"}],"wp:term":[{"taxonomy":"product_brand","embeddable":true,"href":"https:\/\/hairme.pl\/sklep\/wp-json\/wp\/v2\/product_brand?post=6907"},{"taxonomy":"product_cat","embeddable":true,"href":"https:\/\/hairme.pl\/sklep\/wp-json\/wp\/v2\/product_cat?post=6907"},{"taxonomy":"product_tag","embeddable":true,"href":"https:\/\/hairme.pl\/sklep\/wp-json\/wp\/v2\/product_tag?post=6907"}],"curies":[{"name":"wp","href":"https:\/\/api.w.org\/{rel}","templated":true}]}}