{"id":6974,"date":"2025-06-17T09:48:12","date_gmt":"2025-06-17T06:48:12","guid":{"rendered":"https:\/\/hairme.pl\/sklep\/?post_type=product&#038;p=6974"},"modified":"2025-07-04T13:49:03","modified_gmt":"2025-07-04T10:49:03","slug":"believe-me-kolor-6-8","status":"publish","type":"product","link":"https:\/\/hairme.pl\/sklep\/product\/believe-me-kolor-6-8\/","title":{"rendered":"Believe Me, kolor #6\/8"},"content":{"rendered":"<p data-start=\"88\" data-end=\"153\"><strong data-start=\"88\" data-end=\"153\">Termoodporna treska syntetyczna na klamrze<\/strong><\/p>\n<p data-start=\"147\" data-end=\"555\">Gotowa dopinka <strong data-start=\"236\" data-end=\"250\">Believe Me<\/strong> to szybki spos\u00f3b na spektakularn\u0105 fryzur\u0119 w kilka sekund! D\u0142ugie i kr\u0119cone br\u0105zowe w\u0142osy zamocowane s\u0105 na <strong data-start=\"361\" data-end=\"381\">wygodnej klamrze<\/strong>, kt\u00f3r\u0105 \u0142atwo przypniesz do w\u0142asnego kucyka \u2013 bez zb\u0119dnego wysi\u0142ku i\u00a0bez ryzyka zsuni\u0119cia. Efekt? Fryzura pe\u0142na obj\u0119to\u015bci i\u00a0stylu, kt\u00f3ra \u015bwietnie trzyma si\u0119 przez ca\u0142y dzie\u0144.<\/p>\n<p data-start=\"557\" data-end=\"860\">W\u0142osy wykonane s\u0105 z\u00a0nowoczesnych w\u0142\u00f3kien <strong data-start=\"598\" data-end=\"617\">High Heat Fibre<\/strong>, kt\u00f3re s\u0105 odporne na temperatur\u0119 do 130\u00b0C \u2013 mo\u017cesz wi\u0119c stylizowa\u0107 dopink\u0119 prostownic\u0105 lub lok\u00f3wk\u0105, dowolnie j\u0105 uk\u0142adaj\u0105c. Na co dzie\u0144 wystarczy delikatnie przeczesa\u0107 palcami \u2013 kucyk sam si\u0119 uk\u0142ada, wygl\u0105da naturalnie i\u00a0nie traci kszta\u0142tu.<\/p>\n<p data-start=\"715\" data-end=\"885\">Odcie\u0144 oferowanej dopinki znajduje si\u0119 w kwadracie z kolorem. Modelka na zdj\u0119ciu ma przypi\u0119t\u0105 tresk\u0119 w kolorze<strong>\u00a0F12\/28.<\/strong><\/p>\n<p>D\u0142ugo\u015b\u0107 w\u0142os\u00f3w: 30-40cm<\/p>\n<p>Ca\u0142kowita d\u0142ugo\u015b\u0107 fryzury: 50cm<\/p>\n","protected":false},"excerpt":{"rendered":"<p><strong data-start=\"88\" data-end=\"153\">Termoodporna kr\u0119cona treska syntetyczna na klamrze\u00a0<\/strong><\/p>\n<p>Gotowa dopinka <strong data-start=\"236\" data-end=\"250\">Believe Me<\/strong> to szybki spos\u00f3b na spektakularn\u0105 fryzur\u0119 w\u00a0kilka sekund! D\u0142ugie i\u00a0kr\u0119cone w\u0142osy zamocowane s\u0105 na <strong data-start=\"361\" data-end=\"381\">wygodnej klamrze<\/strong>, kt\u00f3r\u0105 \u0142atwo przypniesz do w\u0142asnego kucyka \u2013 bez zb\u0119dnego wysi\u0142ku i\u00a0bez ryzyka zsuni\u0119cia. Wykonana z w\u0142\u00f3kien <strong>High Heat Fibre, <\/strong>kt\u00f3re s\u0105 odporne na temperatur\u0119 do 130\u00b0C \u2013 mo\u017cesz wi\u0119c stylizowa\u0107 dopink\u0119 prostownic\u0105 lub lok\u00f3wk\u0105, dowolnie j\u0105 uk\u0142adaj\u0105c. Na co dzie\u0144 wystarczy delikatnie przeczesa\u0107 palcami \u2013 fale same si\u0119 uk\u0142adaj\u0105, ca\u0142o\u015b\u0107 wygl\u0105da naturalnie i\u00a0nie traci kszta\u0142tu.<\/p>\n<p>Odcie\u0144 oferowanej dopinki znajduje si\u0119 w kwadracie z kolorem. Modelka na zdj\u0119ciu ma przypi\u0119t\u0105 tresk\u0119 w kolorze<strong>\u00a0F12\/28.<\/strong><\/p>\n<p>D\u0142ugo\u015b\u0107 w\u0142os\u00f3w: 30-40cm<\/p>\n<p>Ca\u0142kowita d\u0142ugo\u015b\u0107 fryzury: 50cm<\/p>\n","protected":false},"featured_media":7148,"comment_status":"open","ping_status":"closed","template":"","meta":{"_seopress_robots_primary_cat":"none","_seopress_titles_title":"Believe Me, treska syntetyczna 50cm, kolor 6\/8- Hair Me","_seopress_titles_desc":"Spektakularny, kr\u0119cony kucyk na klamrze \u2013 wi\u0119cej obj\u0119to\u015bci i d\u0142ugo\u015bci w kilka sekund. Stylizacja odporna na ciep\u0142o do 130\u00b0C!","_seopress_robots_index":"","om_disable_all_campaigns":false,"_monsterinsights_skip_tracking":false,"_monsterinsights_sitenote_active":false,"_monsterinsights_sitenote_note":"","_monsterinsights_sitenote_category":0},"product_brand":[],"product_cat":[413,420],"product_tag":[],"class_list":{"0":"post-6974","1":"product","2":"type-product","3":"status-publish","4":"has-post-thumbnail","6":"product_cat-treski-syntetyczne","7":"product_cat-believe-me","9":"first","10":"instock","11":"shipping-taxable","12":"purchasable","13":"product-type-simple"},"jetpack_sharing_enabled":true,"_links":{"self":[{"href":"https:\/\/hairme.pl\/sklep\/wp-json\/wp\/v2\/product\/6974","targetHints":{"allow":["GET"]}}],"collection":[{"href":"https:\/\/hairme.pl\/sklep\/wp-json\/wp\/v2\/product"}],"about":[{"href":"https:\/\/hairme.pl\/sklep\/wp-json\/wp\/v2\/types\/product"}],"replies":[{"embeddable":true,"href":"https:\/\/hairme.pl\/sklep\/wp-json\/wp\/v2\/comments?post=6974"}],"wp:featuredmedia":[{"embeddable":true,"href":"https:\/\/hairme.pl\/sklep\/wp-json\/wp\/v2\/media\/7148"}],"wp:attachment":[{"href":"https:\/\/hairme.pl\/sklep\/wp-json\/wp\/v2\/media?parent=6974"}],"wp:term":[{"taxonomy":"product_brand","embeddable":true,"href":"https:\/\/hairme.pl\/sklep\/wp-json\/wp\/v2\/product_brand?post=6974"},{"taxonomy":"product_cat","embeddable":true,"href":"https:\/\/hairme.pl\/sklep\/wp-json\/wp\/v2\/product_cat?post=6974"},{"taxonomy":"product_tag","embeddable":true,"href":"https:\/\/hairme.pl\/sklep\/wp-json\/wp\/v2\/product_tag?post=6974"}],"curies":[{"name":"wp","href":"https:\/\/api.w.org\/{rel}","templated":true}]}}