{"id":6993,"date":"2025-06-17T10:53:06","date_gmt":"2025-06-17T07:53:06","guid":{"rendered":"https:\/\/hairme.pl\/sklep\/?post_type=product&#038;p=6993"},"modified":"2025-07-04T13:35:33","modified_gmt":"2025-07-04T10:35:33","slug":"hug-me-kolor-6-8","status":"publish","type":"product","link":"https:\/\/hairme.pl\/sklep\/product\/hug-me-kolor-6-8\/","title":{"rendered":"Hug Me, kolor #6\/8"},"content":{"rendered":"<p><strong data-start=\"88\" data-end=\"153\">Termoodporny kok syntetyczny na klamrze\u00a0<\/strong><\/p>\n<p>Gotowa dopinka <strong data-start=\"236\" data-end=\"250\">Hug Me<\/strong> to szybki spos\u00f3b na pe\u0142n\u0105 fryzur\u0119 w\u00a0kilka sekund! W\u0142osy zamocowane s\u0105 na <strong data-start=\"361\" data-end=\"381\">wygodnej klamrze<\/strong>, kt\u00f3r\u0105 \u0142atwo przypniesz do w\u0142asnego upi\u0119cia \u2013 bez zb\u0119dnego wysi\u0142ku i\u00a0bez ryzyka zsuni\u0119cia. Wykonana z\u00a0w\u0142\u00f3kien <strong>High Heat Fibre, <\/strong>kt\u00f3re s\u0105 odporne na temperatur\u0119 do 130\u00b0C.<\/p>\n<p>Odcie\u0144 oferowanej dopinki znajduje si\u0119 w kwadracie z kolorem. Modelka na zdj\u0119ciu ma przypi\u0119t\u0105 tresk\u0119 w kolorze <strong><em>830\/131\/14<\/em>.<\/strong><\/p>\n<p>D\u0142ugo\u015b\u0107 w\u0142os\u00f3w: 13cm<\/p>\n<p>Ca\u0142kowita d\u0142ugo\u015b\u0107 fryzury: 18cm<\/p>\n","protected":false},"excerpt":{"rendered":"<p><strong data-start=\"88\" data-end=\"153\">Termoodporny kok syntetyczny na klamrze\u00a0<\/strong><\/p>\n<p>Gotowa dopinka <strong data-start=\"236\" data-end=\"250\">Hug Me<\/strong> to szybki spos\u00f3b na pe\u0142n\u0105 fryzur\u0119 w\u00a0kilka sekund! W\u0142osy zamocowane s\u0105 na <strong data-start=\"361\" data-end=\"381\">wygodnej klamrze<\/strong>, kt\u00f3r\u0105 \u0142atwo przypniesz do w\u0142asnego upi\u0119cia \u2013 bez zb\u0119dnego wysi\u0142ku i\u00a0bez ryzyka zsuni\u0119cia. Efekt pe\u0142nej fryzury gwarantowany. Wykonana z\u00a0w\u0142\u00f3kien <strong>High Heat Fibre, <\/strong>kt\u00f3re s\u0105 odporne na temperatur\u0119 do 130\u00b0C.<\/p>\n<p>Odcie\u0144 oferowanej dopinki znajduje si\u0119 w kwadracie z kolorem. Modelka na zdj\u0119ciu ma przypi\u0119t\u0105 tresk\u0119 w kolorze <strong><em>830\/131\/14<\/em>.<\/strong><\/p>\n<p>D\u0142ugo\u015b\u0107 w\u0142os\u00f3w: 13cm<\/p>\n<p>Ca\u0142kowita d\u0142ugo\u015b\u0107 fryzury: 18cm<\/p>\n","protected":false},"featured_media":7137,"comment_status":"open","ping_status":"closed","template":"","meta":{"_seopress_robots_primary_cat":"none","_seopress_titles_title":"Hug Me, dopinka syntetyczna, kolor 6\/8 - Hair Me","_seopress_titles_desc":"Elegancki kok na klamrze w kilka chwil \u2013 szybka stylizacja, wi\u0119cej obj\u0119to\u015bci i trwa\u0142y efekt. W\u0142\u00f3kna odporne na ciep\u0142o do 130\u00b0C!","_seopress_robots_index":"","om_disable_all_campaigns":false,"_monsterinsights_skip_tracking":false,"_monsterinsights_sitenote_active":false,"_monsterinsights_sitenote_note":"","_monsterinsights_sitenote_category":0},"product_brand":[],"product_cat":[413,419],"product_tag":[],"class_list":{"0":"post-6993","1":"product","2":"type-product","3":"status-publish","4":"has-post-thumbnail","6":"product_cat-treski-syntetyczne","7":"product_cat-hug-me","9":"first","10":"instock","11":"shipping-taxable","12":"purchasable","13":"product-type-simple"},"jetpack_sharing_enabled":true,"_links":{"self":[{"href":"https:\/\/hairme.pl\/sklep\/wp-json\/wp\/v2\/product\/6993","targetHints":{"allow":["GET"]}}],"collection":[{"href":"https:\/\/hairme.pl\/sklep\/wp-json\/wp\/v2\/product"}],"about":[{"href":"https:\/\/hairme.pl\/sklep\/wp-json\/wp\/v2\/types\/product"}],"replies":[{"embeddable":true,"href":"https:\/\/hairme.pl\/sklep\/wp-json\/wp\/v2\/comments?post=6993"}],"wp:featuredmedia":[{"embeddable":true,"href":"https:\/\/hairme.pl\/sklep\/wp-json\/wp\/v2\/media\/7137"}],"wp:attachment":[{"href":"https:\/\/hairme.pl\/sklep\/wp-json\/wp\/v2\/media?parent=6993"}],"wp:term":[{"taxonomy":"product_brand","embeddable":true,"href":"https:\/\/hairme.pl\/sklep\/wp-json\/wp\/v2\/product_brand?post=6993"},{"taxonomy":"product_cat","embeddable":true,"href":"https:\/\/hairme.pl\/sklep\/wp-json\/wp\/v2\/product_cat?post=6993"},{"taxonomy":"product_tag","embeddable":true,"href":"https:\/\/hairme.pl\/sklep\/wp-json\/wp\/v2\/product_tag?post=6993"}],"curies":[{"name":"wp","href":"https:\/\/api.w.org\/{rel}","templated":true}]}}