{"id":7010,"date":"2025-06-17T13:07:05","date_gmt":"2025-06-17T10:07:05","guid":{"rendered":"https:\/\/hairme.pl\/sklep\/?post_type=product&#038;p=7010"},"modified":"2025-07-04T13:15:06","modified_gmt":"2025-07-04T10:15:06","slug":"kiss-me-kolor-f33-24","status":"publish","type":"product","link":"https:\/\/hairme.pl\/sklep\/product\/kiss-me-kolor-f33-24\/","title":{"rendered":"Kiss Me, kolor #F33\/24"},"content":{"rendered":"<p><strong data-start=\"88\" data-end=\"153\">W\u0142osy syntetyczne termoodporne na klamrze\u00a0<\/strong><\/p>\n<p>Marzysz o pe\u0142nej fryzurze w kilka chwil? Dopinka <strong data-start=\"236\" data-end=\"250\">Kiss Me<\/strong> to strza\u0142 w dziesi\u0105tk\u0119! Kr\u00f3tkie, kr\u0119cone w\u0142osy zamocowane na <strong data-start=\"361\" data-end=\"381\">wygodnej klamrze<\/strong>, kt\u00f3r\u0105 \u0142atwo przypniesz do w\u0142asnego upi\u0119cia \u2013 bez zb\u0119dnego wysi\u0142ku i bez ryzyka zsuni\u0119cia. Nie wymagaj\u0105 modelowania, idealne na co dzie\u0144. W razie potrzeby tresk\u0119 mo\u017cesz delikatnie wyprostowa\u0107 oraz kr\u0119ci\u0107, poniewa\u017c zosta\u0142a stworzona z specjalnych w\u0142os\u00f3w syntetycznych <strong>High Heat Fibre<\/strong> odpornych na temperatur\u0119 do 130\u00b0C.<\/p>\n<p>Kolor oferowanej dopinki znajduje si\u0119 w kwadracie w galerii zdj\u0119\u0107. Modelka na fotografii ma przypi\u0119t\u0105 tresk\u0119 w kolorze <strong>101\/24.<\/strong><\/p>\n<p>D\u0142ugo\u015b\u0107 w\u0142os\u00f3w: 24cm<\/p>\n<p>Ca\u0142kowita d\u0142ugo\u015b\u0107 fryzury: 25cm<\/p>\n","protected":false},"excerpt":{"rendered":"<p><strong data-start=\"88\" data-end=\"153\">W\u0142osy syntetyczne termoodporne na klamrze\u00a0<\/strong><\/p>\n<p>Marzysz o pe\u0142nej fryzurze w kilka chwil? Dopinka <strong data-start=\"236\" data-end=\"250\">Kiss Me<\/strong> to strza\u0142 w dziesi\u0105tk\u0119! Kr\u00f3tkie, kr\u0119cone w\u0142osy zamocowane na <strong data-start=\"361\" data-end=\"381\">wygodnej klamrze<\/strong>, kt\u00f3r\u0105 \u0142atwo przypniesz do w\u0142asnego upi\u0119cia \u2013 bez zb\u0119dnego wysi\u0142ku i bez ryzyka zsuni\u0119cia. Nie wymagaj\u0105 modelowania, idealne na co dzie\u0144. Do stworzenia treski Kiss Me zosta\u0142y u\u017cyte specjalne w\u0142osy syntetyczne <strong>High Heat Fibre<\/strong> odporne na temperatur\u0119 do 130\u00b0C.<\/p>\n<p>Kolor oferowanej dopinki znajduje si\u0119 w kwadracie w galerii zdj\u0119\u0107. Modelka na fotografii ma przypi\u0119t\u0105 tresk\u0119 w kolorze <strong>101\/24.<\/strong><\/p>\n<p>D\u0142ugo\u015b\u0107 w\u0142os\u00f3w: 24cm<\/p>\n<p>Ca\u0142kowita d\u0142ugo\u015b\u0107 fryzury: 25cm<\/p>\n","protected":false},"featured_media":7129,"comment_status":"open","ping_status":"closed","template":"","meta":{"_seopress_robots_primary_cat":"none","_seopress_titles_title":"Kiss Me, kr\u0119cony kok syntetyczny, kolor F33\/24 - Hair Me","_seopress_titles_desc":"Fryzura z efektem wow \u2013 szybka stylizacja, wi\u0119cej obj\u0119to\u015bci i trwa\u0142y efekt. W\u0142osy syntetyczne odporne na ciep\u0142o do 130\u00b0C!","_seopress_robots_index":"","om_disable_all_campaigns":false,"_monsterinsights_skip_tracking":false,"_monsterinsights_sitenote_active":false,"_monsterinsights_sitenote_note":"","_monsterinsights_sitenote_category":0},"product_brand":[],"product_cat":[413,418],"product_tag":[],"class_list":{"0":"post-7010","1":"product","2":"type-product","3":"status-publish","4":"has-post-thumbnail","6":"product_cat-treski-syntetyczne","7":"product_cat-kiss-me","9":"first","10":"instock","11":"shipping-taxable","12":"purchasable","13":"product-type-simple"},"jetpack_sharing_enabled":true,"_links":{"self":[{"href":"https:\/\/hairme.pl\/sklep\/wp-json\/wp\/v2\/product\/7010","targetHints":{"allow":["GET"]}}],"collection":[{"href":"https:\/\/hairme.pl\/sklep\/wp-json\/wp\/v2\/product"}],"about":[{"href":"https:\/\/hairme.pl\/sklep\/wp-json\/wp\/v2\/types\/product"}],"replies":[{"embeddable":true,"href":"https:\/\/hairme.pl\/sklep\/wp-json\/wp\/v2\/comments?post=7010"}],"wp:featuredmedia":[{"embeddable":true,"href":"https:\/\/hairme.pl\/sklep\/wp-json\/wp\/v2\/media\/7129"}],"wp:attachment":[{"href":"https:\/\/hairme.pl\/sklep\/wp-json\/wp\/v2\/media?parent=7010"}],"wp:term":[{"taxonomy":"product_brand","embeddable":true,"href":"https:\/\/hairme.pl\/sklep\/wp-json\/wp\/v2\/product_brand?post=7010"},{"taxonomy":"product_cat","embeddable":true,"href":"https:\/\/hairme.pl\/sklep\/wp-json\/wp\/v2\/product_cat?post=7010"},{"taxonomy":"product_tag","embeddable":true,"href":"https:\/\/hairme.pl\/sklep\/wp-json\/wp\/v2\/product_tag?post=7010"}],"curies":[{"name":"wp","href":"https:\/\/api.w.org\/{rel}","templated":true}]}}