{"id":7025,"date":"2025-06-17T13:50:47","date_gmt":"2025-06-17T10:50:47","guid":{"rendered":"https:\/\/hairme.pl\/sklep\/?post_type=product&#038;p=7025"},"modified":"2025-07-04T12:46:40","modified_gmt":"2025-07-04T09:46:40","slug":"touch-me-kolor-f33-24","status":"publish","type":"product","link":"https:\/\/hairme.pl\/sklep\/product\/touch-me-kolor-f33-24\/","title":{"rendered":"Touch Me, kolor #F33\/24"},"content":{"rendered":"<p><strong>Dopinka z\u00a0w\u0142osa syntetycznego o\u00a0podwy\u017cszonej odporno\u015bci na ciep\u0142o.<\/strong><\/p>\n<p>Marzysz o\u00a0pe\u0142nej fryzurze w\u00a0kilka chwil? Kr\u0119cony koczek <strong>Touch\u00a0Me<\/strong> to \u015bwietny wyb\u00f3r! Rude w\u0142osy zamontowane na <strong data-start=\"361\" data-end=\"381\">wygodnej klamrze<\/strong>, kt\u00f3r\u0105 \u0142atwo przypniesz do w\u0142asnego koka \u2013 szybko, wygodnie i\u00a0bez ryzyka zsuni\u0119cia. Nie wymagaj\u0105 modelowania, idealne na co dzie\u0144. Do stworzenia treski Touch Me zosta\u0142y u\u017cyte specjalne w\u0142osy syntetyczne <strong>High Heat Fibre<\/strong> odporne na temperatur\u0119 do 130\u00b0C.<\/p>\n<p>Kolor oferowanej dopinki znajduje si\u0119 w\u00a0kwadracie w galerii zdj\u0119\u0107. Modelka na fotografii prezentuje tresk\u0119 w kolorze <strong>51\/56\/60.<\/strong><\/p>\n<p>D\u0142ugo\u015b\u0107 w\u0142os\u00f3w: 12-13cm<\/p>\n<p>Ca\u0142kowita d\u0142ugo\u015b\u0107 fryzury: 15cm<\/p>\n","protected":false},"excerpt":{"rendered":"<p>Marzysz o\u00a0pe\u0142nej fryzurze w\u00a0kilka chwil? Kr\u0119cony koczek <strong>Touch\u00a0Me<\/strong> to \u015bwietny wyb\u00f3r! W\u0142osy zamontowane na <strong data-start=\"361\" data-end=\"381\">wygodnej klamrze<\/strong>, kt\u00f3r\u0105 \u0142atwo przypniesz do w\u0142asnego koka \u2013 szybko, wygodnie i\u00a0bez ryzyka zsuni\u0119cia. Nie wymagaj\u0105 modelowania, idealne na co dzie\u0144. Do stworzenia treski Touch Me zosta\u0142y u\u017cyte specjalne w\u0142osy syntetyczne <strong>High Heat Fibre<\/strong> odporne na temperatur\u0119 do 130\u00b0C.<\/p>\n<p>Kolor oferowanej dopinki znajduje si\u0119 w kwadracie w galerii zdj\u0119\u0107. Modelka na fotografii ma przypi\u0119t\u0105 tresk\u0119 w kolorze <strong>51\/56\/60.<\/strong><\/p>\n<p>D\u0142ugo\u015b\u0107 w\u0142os\u00f3w: 12-13cm<\/p>\n<p>Ca\u0142kowita d\u0142ugo\u015b\u0107 fryzury: 15cm<\/p>\n","protected":false},"featured_media":7121,"comment_status":"open","ping_status":"closed","template":"","meta":{"_seopress_robots_primary_cat":"none","_seopress_titles_title":"Touch Me, kr\u0119cona treska syntetyczna, kolor F33\/24 - Hair Me","_seopress_titles_desc":"%%post_excerpt%%","_seopress_robots_index":"","om_disable_all_campaigns":false,"_monsterinsights_skip_tracking":false,"_monsterinsights_sitenote_active":false,"_monsterinsights_sitenote_note":"","_monsterinsights_sitenote_category":0},"product_brand":[],"product_cat":[421,413],"product_tag":[],"class_list":{"0":"post-7025","1":"product","2":"type-product","3":"status-publish","4":"has-post-thumbnail","6":"product_cat-touch-me","7":"product_cat-treski-syntetyczne","9":"first","10":"instock","11":"shipping-taxable","12":"purchasable","13":"product-type-simple"},"jetpack_sharing_enabled":true,"_links":{"self":[{"href":"https:\/\/hairme.pl\/sklep\/wp-json\/wp\/v2\/product\/7025","targetHints":{"allow":["GET"]}}],"collection":[{"href":"https:\/\/hairme.pl\/sklep\/wp-json\/wp\/v2\/product"}],"about":[{"href":"https:\/\/hairme.pl\/sklep\/wp-json\/wp\/v2\/types\/product"}],"replies":[{"embeddable":true,"href":"https:\/\/hairme.pl\/sklep\/wp-json\/wp\/v2\/comments?post=7025"}],"wp:featuredmedia":[{"embeddable":true,"href":"https:\/\/hairme.pl\/sklep\/wp-json\/wp\/v2\/media\/7121"}],"wp:attachment":[{"href":"https:\/\/hairme.pl\/sklep\/wp-json\/wp\/v2\/media?parent=7025"}],"wp:term":[{"taxonomy":"product_brand","embeddable":true,"href":"https:\/\/hairme.pl\/sklep\/wp-json\/wp\/v2\/product_brand?post=7025"},{"taxonomy":"product_cat","embeddable":true,"href":"https:\/\/hairme.pl\/sklep\/wp-json\/wp\/v2\/product_cat?post=7025"},{"taxonomy":"product_tag","embeddable":true,"href":"https:\/\/hairme.pl\/sklep\/wp-json\/wp\/v2\/product_tag?post=7025"}],"curies":[{"name":"wp","href":"https:\/\/api.w.org\/{rel}","templated":true}]}}