{"id":7039,"date":"2025-06-17T16:46:54","date_gmt":"2025-06-17T13:46:54","guid":{"rendered":"https:\/\/hairme.pl\/sklep\/?post_type=product&#038;p=7039"},"modified":"2025-07-09T15:41:29","modified_gmt":"2025-07-09T12:41:29","slug":"trust-me-kolor-r2","status":"publish","type":"product","link":"https:\/\/hairme.pl\/sklep\/product\/trust-me-kolor-r2\/","title":{"rendered":"Trust Me, kolor #R2"},"content":{"rendered":"<p><strong>Dopinka z\u00a0w\u0142osa syntetycznego o\u00a0podwy\u017cszonej odporno\u015bci na ciep\u0142o.<\/strong><\/p>\n<p data-start=\"165\" data-end=\"499\">Szukasz prostego sposobu na efektown\u0105 fryzur\u0119 w kilka chwil? Treska <strong data-start=\"233\" data-end=\"245\">Trust Me<\/strong> to idealne rozwi\u0105zanie \u2014 wystarczy przypi\u0105\u0107 j\u0105 do w\u0142asnych w\u0142os\u00f3w za pomoc\u0105 wygodnej klamry. Monta\u017c jest szybki i bezproblemowy, a dzi\u0119ki solidnemu mocowaniu nie musisz si\u0119 martwi\u0107 o zsuni\u0119cie. Zaprojektowana tak, aby zapewni\u0107 Ci jak najbardziej naturalne wyko\u0144czenie. Kr\u00f3tsze z g\u00f3ry, a d\u0142u\u017csze z do\u0142u.<\/p>\n<p data-start=\"165\" data-end=\"499\">Dopinka wykonana jest z wysokiej jako\u015bci w\u0142\u00f3kien syntetycznych <strong data-start=\"597\" data-end=\"616\">High Heat Fibre<\/strong>, kt\u00f3re nie wymagaj\u0105 codziennego modelowania \u2014 wystarczy j\u0105 za\u0142o\u017cy\u0107 i delikatnie przeczesa\u0107. Je\u015bli jednak chcesz nada\u0107 jej inny kszta\u0142t, mo\u017cesz u\u017cy\u0107 prostownicy lub lok\u00f3wki \u2014 w\u0142osy s\u0105 odporne na temperatur\u0119 do <strong data-start=\"834\" data-end=\"843\">130\u00b0C<\/strong>.<\/p>\n<p>Dost\u0119pny kolor treski znajdziesz w <strong data-start=\"1191\" data-end=\"1210\">nazwie produktu<\/strong> oraz w<strong data-start=\"1218\" data-end=\"1241\"> kwadracie w galerii<\/strong>. Modelka na fotografii prezentuje tresk\u0119 w kolorze <strong>101\/24.<\/strong><\/p>\n<p>D\u0142ugo\u015b\u0107 w\u0142os\u00f3w: 28-35cm<\/p>\n<p>Ca\u0142kowita d\u0142ugo\u015b\u0107 fryzury: 45cm<\/p>\n","protected":false},"excerpt":{"rendered":"<p><strong>Dopinka z\u00a0w\u0142osa syntetycznego o\u00a0podwy\u017cszonej odporno\u015bci na ciep\u0142o.<\/strong><\/p>\n<p data-start=\"165\" data-end=\"499\">Szukasz prostego sposobu na efektown\u0105 fryzur\u0119 w kilka chwil? Treska <strong data-start=\"233\" data-end=\"245\">Trust Me<\/strong> to idealne rozwi\u0105zanie \u2014 wystarczy przypi\u0105\u0107 j\u0105 do w\u0142asnych w\u0142os\u00f3w za pomoc\u0105 wygodnej klamry. Monta\u017c jest szybki i bezproblemowy, a dzi\u0119ki solidnemu mocowaniu nie musisz si\u0119 martwi\u0107 o zsuni\u0119cie. Dopinka wykonana jest z wysokiej jako\u015bci w\u0142\u00f3kien syntetycznych <strong data-start=\"597\" data-end=\"616\">High Heat Fibre<\/strong>, kt\u00f3re nie wymagaj\u0105 codziennego modelowania. Je\u015bli jednak chcesz nada\u0107 jej inny kszta\u0142t, mo\u017cesz u\u017cy\u0107 prostownicy lub lok\u00f3wki \u2014 w\u0142osy s\u0105 odporne na temperatur\u0119 do <strong data-start=\"834\" data-end=\"843\">130\u00b0C<\/strong>.<\/p>\n<p>Dost\u0119pny kolor treski znajdziesz w <strong data-start=\"1191\" data-end=\"1210\">nazwie produktu<\/strong> oraz w<strong data-start=\"1218\" data-end=\"1241\"> kwadracie w galerii<\/strong>. Modelka na fotografii ma przypi\u0119t\u0105 tresk\u0119 w kolorze <strong>101\/24.<\/strong><\/p>\n<p>D\u0142ugo\u015b\u0107 w\u0142os\u00f3w: 28-35cm<\/p>\n<p>Ca\u0142kowita d\u0142ugo\u015b\u0107 fryzury: 45cm<\/p>\n","protected":false},"featured_media":7113,"comment_status":"open","ping_status":"closed","template":"","meta":{"_seopress_robots_primary_cat":"none","_seopress_titles_title":"Trust Me - prosta treska syntetyczna, kolor R2 - Hair Me","_seopress_titles_desc":"Idealne rozwi\u0105zanie na pozbawion\u0105 obj\u0119to\u015bci fryzur\u0119. Dopinka typu \"kucyk\" z bardzo ciemnych br\u0105zowych w\u0142os\u00f3w syntetycznych odpornych na ciep\u0142o.","_seopress_robots_index":"","om_disable_all_campaigns":false,"_monsterinsights_skip_tracking":false,"_monsterinsights_sitenote_active":false,"_monsterinsights_sitenote_note":"","_monsterinsights_sitenote_category":0},"product_brand":[],"product_cat":[413,422],"product_tag":[],"class_list":{"0":"post-7039","1":"product","2":"type-product","3":"status-publish","4":"has-post-thumbnail","6":"product_cat-treski-syntetyczne","7":"product_cat-trust-me","9":"first","10":"instock","11":"shipping-taxable","12":"purchasable","13":"product-type-simple"},"jetpack_sharing_enabled":true,"_links":{"self":[{"href":"https:\/\/hairme.pl\/sklep\/wp-json\/wp\/v2\/product\/7039","targetHints":{"allow":["GET"]}}],"collection":[{"href":"https:\/\/hairme.pl\/sklep\/wp-json\/wp\/v2\/product"}],"about":[{"href":"https:\/\/hairme.pl\/sklep\/wp-json\/wp\/v2\/types\/product"}],"replies":[{"embeddable":true,"href":"https:\/\/hairme.pl\/sklep\/wp-json\/wp\/v2\/comments?post=7039"}],"wp:featuredmedia":[{"embeddable":true,"href":"https:\/\/hairme.pl\/sklep\/wp-json\/wp\/v2\/media\/7113"}],"wp:attachment":[{"href":"https:\/\/hairme.pl\/sklep\/wp-json\/wp\/v2\/media?parent=7039"}],"wp:term":[{"taxonomy":"product_brand","embeddable":true,"href":"https:\/\/hairme.pl\/sklep\/wp-json\/wp\/v2\/product_brand?post=7039"},{"taxonomy":"product_cat","embeddable":true,"href":"https:\/\/hairme.pl\/sklep\/wp-json\/wp\/v2\/product_cat?post=7039"},{"taxonomy":"product_tag","embeddable":true,"href":"https:\/\/hairme.pl\/sklep\/wp-json\/wp\/v2\/product_tag?post=7039"}],"curies":[{"name":"wp","href":"https:\/\/api.w.org\/{rel}","templated":true}]}}