{"id":7050,"date":"2025-06-18T14:55:31","date_gmt":"2025-06-18T11:55:31","guid":{"rendered":"https:\/\/hairme.pl\/sklep\/?post_type=product&#038;p=7050"},"modified":"2025-07-09T15:59:01","modified_gmt":"2025-07-09T12:59:01","slug":"lux-bond-me-kolor-12","status":"publish","type":"product","link":"https:\/\/hairme.pl\/sklep\/product\/lux-bond-me-kolor-12\/","title":{"rendered":"Lux Bond Me, kolor #12"},"content":{"rendered":"<p data-start=\"157\" data-end=\"229\"><strong data-start=\"161\" data-end=\"229\">Opaska pod turban z naturalnymi w\u0142osami<\/strong><\/p>\n<p>Poznaj wyj\u0105tkow\u0105 <strong data-start=\"254\" data-end=\"275\">opask\u0119 pod turban z wszytymi naturalnymi w\u0142osami<\/strong>, kt\u00f3ra odmieni Tw\u00f3j wygl\u0105d i zapewni komfort noszenia przez ca\u0142y dzie\u0144. To <strong data-start=\"361\" data-end=\"397\">praktyczne rozwi\u0105zanie<\/strong> stworzone z my\u015bl\u0105 o kobietach ceni\u0105cych wygod\u0119, naturalno\u015b\u0107 i pi\u0119kno. Dzi\u0119ki mocnemu, ale wygodnemu <strong data-start=\"532\" data-end=\"552\">zapi\u0119ciu na rzep<\/strong>, opaska idealnie dopasowuje si\u0119 do kszta\u0142tu Twojej g\u0142owy. Nie uciska, nie zsuwa si\u0119 \u2013 zapewnia stabilno\u015b\u0107 i komfort w ka\u017cdej sytuacji.<\/p>\n<p>W opask\u0119 wszyte s\u0105 <strong data-start=\"746\" data-end=\"786\">najwy\u017cszej jako\u015bci w\u0142osy s\u0142owia\u0144skie<\/strong> \u2013 mi\u0119kkie, b\u0142yszcz\u0105ce i w 100% naturalne. W\u0142osy nie by\u0142y poddawane \u017cadnym modyfikacjom chemicznym, a ich \u0142uski s\u0105 u\u0142o\u017cone zgodnie z naturalnym kierunkiem wzrostu.<\/p>\n<p>Za\u0142o\u017cenie opaski pod turban to kwestia kilku chwil. Wystarczy j\u0105 u\u0142o\u017cy\u0107, zapi\u0105\u0107 rzep, na\u0142o\u017cy\u0107 turban i gotowe!<\/p>\n<p>D\u0142ugo\u015b\u0107 w\u0142os\u00f3w: ok. 21cm<\/p>\n<p>D\u0142ugo\u015b\u0107 opaski: 56-60cm<\/p>\n<p>Szeroko\u015b\u0107 opaski: 4,5-5cm<\/p>\n<p>Waga: ok. 54g<\/p>\n","protected":false},"excerpt":{"rendered":"<p data-start=\"157\" data-end=\"229\"><strong data-start=\"161\" data-end=\"229\">Opaska pod turban z naturalnymi w\u0142osami<\/strong><\/p>\n<p>Poznaj wyj\u0105tkow\u0105 <strong data-start=\"254\" data-end=\"275\">opask\u0119 pod turban z wszytymi naturalnymi w\u0142osami<\/strong>, kt\u00f3ra odmieni Tw\u00f3j wygl\u0105d i zapewni komfort noszenia przez ca\u0142y dzie\u0144. To <strong data-start=\"361\" data-end=\"397\">praktyczne rozwi\u0105zanie<\/strong> stworzone z my\u015bl\u0105 o kobietach ceni\u0105cych wygod\u0119, naturalno\u015b\u0107 i pi\u0119kno. Dzi\u0119ki mocnemu, ale wygodnemu <strong data-start=\"532\" data-end=\"552\">zapi\u0119ciu na rzep<\/strong>, opaska idealnie dopasowuje si\u0119 do kszta\u0142tu Twojej g\u0142owy. Nie uciska, nie zsuwa si\u0119 \u2013 zapewnia stabilno\u015b\u0107 i komfort w ka\u017cdej sytuacji.<\/p>\n<p>W opask\u0119 wszyte s\u0105 <strong data-start=\"746\" data-end=\"786\">najwy\u017cszej jako\u015bci w\u0142osy s\u0142owia\u0144skie<\/strong> \u2013 mi\u0119kkie, b\u0142yszcz\u0105ce i w 100% naturalne. W\u0142osy nie by\u0142y poddawane \u017cadnym modyfikacjom chemicznym, a ich \u0142uski s\u0105 u\u0142o\u017cone zgodnie z naturalnym kierunkiem wzrostu.<\/p>\n<p>Za\u0142o\u017cenie opaski pod turban to kwestia kilku chwil. Wystarczy j\u0105 u\u0142o\u017cy\u0107, zapi\u0105\u0107 rzep, na\u0142o\u017cy\u0107 turban i gotowe!<\/p>\n<p><em><strong>Oferowany kolor w\u0142os\u00f3w znajduje si\u0119 w k\u00f3\u0142ku na zdj\u0119ciu z modelk\u0105 oraz w kwadracie w galerii.\u00a0<\/strong><\/em><\/p>\n<p>D\u0142ugo\u015b\u0107 w\u0142os\u00f3w: ok. 21cm<\/p>\n<p>D\u0142ugo\u015b\u0107 opaski: 56-60cm<\/p>\n<p>Szeroko\u015b\u0107 opaski: 4,5-5cm<\/p>\n<p>Waga: ok. 54g<\/p>\n","protected":false},"featured_media":7176,"comment_status":"open","ping_status":"closed","template":"","meta":{"_seopress_robots_primary_cat":"none","_seopress_titles_title":"Lux Bond Me - opaska z w\u0142osami pod turban, kolor 12 - Hair Me","_seopress_titles_desc":"Naturalna opaska z w\u0142osami do noszenia pod turban. Komfort, pi\u0119kno i \u0142atwo\u015b\u0107 zak\u0142adania \u2013 idealna na co dzie\u0144.","_seopress_robots_index":"","om_disable_all_campaigns":false,"_monsterinsights_skip_tracking":false,"_monsterinsights_sitenote_active":false,"_monsterinsights_sitenote_note":"","_monsterinsights_sitenote_category":0},"product_brand":[],"product_cat":[423,395],"product_tag":[],"class_list":{"0":"post-7050","1":"product","2":"type-product","3":"status-publish","4":"has-post-thumbnail","6":"product_cat-lux-bond-me","7":"product_cat-treski-slowianskie-dziewicze","9":"first","10":"instock","11":"shipping-taxable","12":"purchasable","13":"product-type-simple"},"jetpack_sharing_enabled":true,"_links":{"self":[{"href":"https:\/\/hairme.pl\/sklep\/wp-json\/wp\/v2\/product\/7050","targetHints":{"allow":["GET"]}}],"collection":[{"href":"https:\/\/hairme.pl\/sklep\/wp-json\/wp\/v2\/product"}],"about":[{"href":"https:\/\/hairme.pl\/sklep\/wp-json\/wp\/v2\/types\/product"}],"replies":[{"embeddable":true,"href":"https:\/\/hairme.pl\/sklep\/wp-json\/wp\/v2\/comments?post=7050"}],"wp:featuredmedia":[{"embeddable":true,"href":"https:\/\/hairme.pl\/sklep\/wp-json\/wp\/v2\/media\/7176"}],"wp:attachment":[{"href":"https:\/\/hairme.pl\/sklep\/wp-json\/wp\/v2\/media?parent=7050"}],"wp:term":[{"taxonomy":"product_brand","embeddable":true,"href":"https:\/\/hairme.pl\/sklep\/wp-json\/wp\/v2\/product_brand?post=7050"},{"taxonomy":"product_cat","embeddable":true,"href":"https:\/\/hairme.pl\/sklep\/wp-json\/wp\/v2\/product_cat?post=7050"},{"taxonomy":"product_tag","embeddable":true,"href":"https:\/\/hairme.pl\/sklep\/wp-json\/wp\/v2\/product_tag?post=7050"}],"curies":[{"name":"wp","href":"https:\/\/api.w.org\/{rel}","templated":true}]}}