{"id":7197,"date":"2025-07-09T13:34:56","date_gmt":"2025-07-09T10:34:56","guid":{"rendered":"https:\/\/hairme.pl\/sklep\/?post_type=product&#038;p=7197"},"modified":"2025-10-07T16:53:32","modified_gmt":"2025-10-07T13:53:32","slug":"dopinka-bamo-25cm-kolor-2","status":"publish","type":"product","link":"https:\/\/hairme.pl\/sklep\/product\/dopinka-bamo-25cm-kolor-2\/","title":{"rendered":"Dopinka Bamo, 25cm, kolor 2"},"content":{"rendered":"<p data-start=\"157\" data-end=\"229\"><strong data-start=\"161\" data-end=\"229\">Naturalna dopinka Bamo<\/strong><\/p>\n<p>Wyj\u0105tkowa dopinka Bamo to rozwi\u0105zanie na g\u0119stsz\u0105 fryzur\u0119. Swoje naturalne w\u0142osy wi\u0105\u017cesz w kucyk, za pomoc\u0105 wsuwki w dopince mocujesz j\u0105 do g\u0142owy nad wi\u0105zaniem gumki, a nast\u0119pnie przez specjalne &#8222;oczka&#8221; przeplatasz pasmo po pa\u015bmie. Dzi\u0119ki temu upi\u0119cie wygl\u0105da naturalnie i scala si\u0119 w ca\u0142o\u015b\u0107.<\/p>\n<p><strong>Wykonana z najwy\u017cszej jako\u015bci w\u0142os\u00f3w s\u0142owia\u0144skich<\/strong> &#8211; mi\u0119kkie, b\u0142yszcz\u0105ce i w 100% naturalne. W\u0142osy nie by\u0142y poddawane \u017cadnym modyfikacjom chemicznym, a ich \u0142uski s\u0105 u\u0142o\u017cone zgodnie z naturalnym kierunkiem wzrostu.<\/p>\n<p>\u015arednica bazy: ok.12,5cm<\/p>\n<p>D\u0142ugo\u015b\u0107 w\u0142os\u00f3w: 25cm<\/p>\n","protected":false},"excerpt":{"rendered":"<p data-start=\"157\" data-end=\"229\"><strong data-start=\"161\" data-end=\"229\">Naturalna dopinka Bamo<\/strong><\/p>\n<p>Wyj\u0105tkowa dopinka Bamo to rozwi\u0105zanie na g\u0119stsz\u0105 fryzur\u0119. Swoje naturalne w\u0142osy wi\u0105\u017cesz w kucyk, za pomoc\u0105 wsuwki w dopince mocujesz j\u0105 do g\u0142owy nad wi\u0105zaniem gumki, a nast\u0119pnie przez specjalne &#8222;oczka&#8221; przeplatasz pasmo po pa\u015bmie. Dzi\u0119ki temu upi\u0119cie wygl\u0105da naturalnie.<\/p>\n<p><strong>Wykonana z najwy\u017cszej jako\u015bci w\u0142os\u00f3w s\u0142owia\u0144skich<\/strong> &#8211; mi\u0119kkie, b\u0142yszcz\u0105ce i w 100% naturalne. W\u0142osy nie by\u0142y poddawane \u017cadnym modyfikacjom chemicznym, a ich \u0142uski s\u0105 u\u0142o\u017cone zgodnie z naturalnym kierunkiem wzrostu.<\/p>\n<p>\u015arednica bazy: ok.12,5cm<\/p>\n<p>D\u0142ugo\u015b\u0107 w\u0142os\u00f3w: 25cm<\/p>\n","protected":false},"featured_media":7198,"comment_status":"open","ping_status":"closed","template":"","meta":{"_seopress_robots_primary_cat":"none","_seopress_titles_title":"Bamo, 25cm, kolor 2 - dopinka z w\u0142os\u00f3w naturalnych s\u0142owia\u0144skich - Hair Me","_seopress_titles_desc":"Naturalna dopinka z w\u0142os\u00f3w naturalnych w kolorze br\u0105zowym. Wygoda, pi\u0119kno i \u0142atwo\u015b\u0107 zak\u0142adania \u2013 idealne, d\u0142ugie upi\u0119cie na co dzie\u0144 gwarantowane.","_seopress_robots_index":"","om_disable_all_campaigns":false,"_monsterinsights_skip_tracking":false,"_monsterinsights_sitenote_active":false,"_monsterinsights_sitenote_note":"","_monsterinsights_sitenote_category":0},"product_brand":[],"product_cat":[424,395],"product_tag":[],"class_list":{"0":"post-7197","1":"product","2":"type-product","3":"status-publish","4":"has-post-thumbnail","6":"product_cat-dopinki-bamo","7":"product_cat-treski-slowianskie-dziewicze","9":"first","10":"instock","11":"sale","12":"shipping-taxable","13":"purchasable","14":"product-type-simple"},"jetpack_sharing_enabled":true,"_links":{"self":[{"href":"https:\/\/hairme.pl\/sklep\/wp-json\/wp\/v2\/product\/7197","targetHints":{"allow":["GET"]}}],"collection":[{"href":"https:\/\/hairme.pl\/sklep\/wp-json\/wp\/v2\/product"}],"about":[{"href":"https:\/\/hairme.pl\/sklep\/wp-json\/wp\/v2\/types\/product"}],"replies":[{"embeddable":true,"href":"https:\/\/hairme.pl\/sklep\/wp-json\/wp\/v2\/comments?post=7197"}],"wp:featuredmedia":[{"embeddable":true,"href":"https:\/\/hairme.pl\/sklep\/wp-json\/wp\/v2\/media\/7198"}],"wp:attachment":[{"href":"https:\/\/hairme.pl\/sklep\/wp-json\/wp\/v2\/media?parent=7197"}],"wp:term":[{"taxonomy":"product_brand","embeddable":true,"href":"https:\/\/hairme.pl\/sklep\/wp-json\/wp\/v2\/product_brand?post=7197"},{"taxonomy":"product_cat","embeddable":true,"href":"https:\/\/hairme.pl\/sklep\/wp-json\/wp\/v2\/product_cat?post=7197"},{"taxonomy":"product_tag","embeddable":true,"href":"https:\/\/hairme.pl\/sklep\/wp-json\/wp\/v2\/product_tag?post=7197"}],"curies":[{"name":"wp","href":"https:\/\/api.w.org\/{rel}","templated":true}]}}